{"id":57,"date":"2025-04-08T10:02:38","date_gmt":"2025-04-08T07:02:38","guid":{"rendered":"https:\/\/www.muistomaisema.fi\/?page_id=57"},"modified":"2026-02-27T20:46:50","modified_gmt":"2026-02-27T17:46:50","slug":"muistomaisema","status":"publish","type":"page","link":"https:\/\/www.muistomaisema.fi\/sv\/","title":{"rendered":"T\u00e4nd ett ljus till minne av en n\u00e4ra"},"content":{"rendered":"<div data-elementor-type=\"wp-page\" data-elementor-id=\"57\" class=\"elementor elementor-57\">\n\t\t\t\t<header class=\"elementor-element elementor-element-1cbd91ce e-con-full e-flex e-con e-parent\" data-id=\"1cbd91ce\" data-element_type=\"container\" data-e-type=\"container\" data-settings=\"{&quot;background_background&quot;:&quot;classic&quot;}\">\n\t\t\t\t<div class=\"elementor-element elementor-element-486caaab elementor-widget__width-inherit elementor-widget elementor-widget-heading\" data-id=\"486caaab\" data-element_type=\"widget\" data-e-type=\"widget\" data-widget_type=\"heading.default\">\n\t\t\t\t<div class=\"elementor-widget-container\">\n\t\t\t\t\t<h1 class=\"elementor-heading-title elementor-size-default\">T\u00e4nd ett ljus till minne av en n\u00e4ra<\/h1>\t\t\t\t<\/div>\n\t\t\t\t<\/div>\n\t\t\t\t<div class=\"elementor-element elementor-element-141f9ec9 elementor-widget elementor-widget-text-editor\" data-id=\"141f9ec9\" data-element_type=\"widget\" data-e-type=\"widget\" data-widget_type=\"text-editor.default\">\n\t\t\t\t<div class=\"elementor-widget-container\">\n\t\t\t\t\t\t\t\t\t<p>T\u00e4nd ett ljus till minne av en n\u00e4rst\u00e5ende Muistomaisema \u00e4r en digital minnesplats d\u00e4r du kan t\u00e4nda ett ljus f\u00f6r n\u00e5gon som st\u00e5r dig n\u00e4ra n\u00e4r saknaden g\u00f6r sig p\u00e5mind. Ett virtuellt ljus ger dig m\u00f6jlighet att minnas en \u00e4lskad m\u00e4nniska i stillhet och ro \u2013 oavsett tid och plats.<\/p>\t\t\t\t\t\t\t\t<\/div>\n\t\t\t\t<\/div>\n\t\t\t\t<div class=\"elementor-element elementor-element-fb1cdc7 elementor-mobile-align-center elementor-widget elementor-widget-button\" data-id=\"fb1cdc7\" data-element_type=\"widget\" data-e-type=\"widget\" data-widget_type=\"button.default\">\n\t\t\t\t<div class=\"elementor-widget-container\">\n\t\t\t\t\t\t\t\t\t<div class=\"elementor-button-wrapper\">\n\t\t\t\t\t<a class=\"elementor-button elementor-button-link elementor-size-sm\" href=\"https:\/\/www.muistomaisema.fi\/sv\/tand-ett-ljus\/\">\n\t\t\t\t\t\t<span class=\"elementor-button-content-wrapper\">\n\t\t\t\t\t\t\t\t\t<span class=\"elementor-button-text\">T\u00e4nd ett ljus<\/span>\n\t\t\t\t\t<\/span>\n\t\t\t\t\t<\/a>\n\t\t\t\t<\/div>\n\t\t\t\t\t\t\t\t<\/div>\n\t\t\t\t<\/div>\n\t\t\t\t<\/header>\n\t\t<header class=\"elementor-element elementor-element-0cfc1ac e-flex e-con-boxed e-con e-parent\" data-id=\"0cfc1ac\" data-element_type=\"container\" data-e-type=\"container\">\n\t\t\t\t\t<div class=\"e-con-inner\">\n\t\t\t\t<div class=\"elementor-element elementor-element-aaacf8b elementor-widget elementor-widget-html\" data-id=\"aaacf8b\" data-element_type=\"widget\" data-e-type=\"widget\" data-widget_type=\"html.default\">\n\t\t\t\t<div class=\"elementor-widget-container\">\n\t\t\t\t\t<script type=\"application\/ld+json\">\n{\n  \"@context\": \"https:\/\/schema.org\",\n  \"@graph\": [\n\n    {\n      \"@type\": \"WebPage\",\n      \"name\": \"Sytyt\u00e4 virtuaalikynttil\u00e4 \u2013 Muistopaikka l\u00e4heisen muistolle\",\n      \"url\": \"https:\/\/www.muistomaisema.fi\/sytyta-kynttila\",\n      \"description\": \"Sytyt\u00e4 virtuaalikynttil\u00e4 edesmenneen muistoksi. Muistomaisema on digitaalinen muistopaikka, jossa voit hiljenty\u00e4, muistaa ja jakaa kaipauksen hetken verkossa.\",\n      \"inLanguage\": \"fi\",\n      \"keywords\": \"sytyt\u00e4 kynttil\u00e4, virtuaalikynttil\u00e4, digitaalinen muistopaikka, muistaminen, l\u00e4heisen kuolema, suruty\u00f6, muisto l\u00e4heisest\u00e4, kynttil\u00e4n sytytys verkossa, menetys ja kaipaus, digitaalinen hiljentymispaikka, valon sytytt\u00e4minen muistoksi, rakkaan menett\u00e4minen, kuoleman kohtaaminen, surun k\u00e4sittely, symbolinen hyv\u00e4stij\u00e4tt\u00f6, digitaalinen j\u00e4\u00e4hyv\u00e4inen, muisto el\u00e4\u00e4, kynttil\u00e4 kaipauksen merkkin\u00e4, valo pimeyteen, virtuaalinen hiljentymisen hetki, rakkaus ei katoa, hengellinen muistaminen, sielun muistaminen\",\n      \"publisher\": {\n        \"@type\": \"Organization\",\n        \"name\": \"Muistomaisema\",\n        \"url\": \"https:\/\/www.muistomaisema.fi\/\"\n      }\n    },\n\n    {\n      \"@type\": \"WebPage\",\n      \"name\": \"T\u00e4nd ett virtuellt ljus \u2013 Minnesplats f\u00f6r en n\u00e4rst\u00e5endes minne\",\n      \"url\": \"https:\/\/www.muistomaisema.fi\/sv\/\",\n      \"description\": \"T\u00e4nd ett virtuellt ljus till minne av en avliden. Muistomaisema \u00e4r en digital minnesplats d\u00e4r du kan stanna upp, minnas och dela en stund av saknad p\u00e5 n\u00e4tet.\",\n      \"inLanguage\": \"sv\",\n      \"keywords\": \"t\u00e4nd ett ljus online, virtuellt ljus, minnesljus, digital minnesplats, minnas en avliden, sorg, saknad, t\u00e4nda ljus p\u00e5 n\u00e4tet\",\n      \"publisher\": {\n        \"@type\": \"Organization\",\n        \"name\": \"Muistomaisema\",\n        \"url\": \"https:\/\/www.muistomaisema.fi\/\"\n      }\n    },\n\n    {\n      \"@type\": \"WebPage\",\n      \"name\": \"Virtuelle Kerze anz\u00fcnden \u2013 Digitaler Erinnerungsort f\u00fcr einen geliebten Menschen\",\n      \"url\": \"https:\/\/www.muistomaisema.fi\/de\/\",\n      \"description\": \"Z\u00fcnde eine virtuelle Kerze zum Gedenken an eine verstorbene Person an. Muistomaisema ist ein digitaler Erinnerungsort, an dem du in Ruhe trauern, erinnern und einen Moment der Sehnsucht online teilen kannst.\",\n      \"inLanguage\": \"de\",\n      \"keywords\": \"virtuelle Kerze anz\u00fcnden, Gedenkkerze online, digitale Gedenkseite, jemanden erinnern, Trauer, geliebten Menschen verloren, Kerze im Internet anz\u00fcnden\",\n      \"publisher\": {\n        \"@type\": \"Organization\",\n        \"name\": \"Muistomaisema\",\n        \"url\": \"https:\/\/www.muistomaisema.fi\/\"\n      }\n    },\n\n    {\n      \"@type\": \"WebPage\",\n      \"name\": \"Light a virtual candle \u2013 A digital place of remembrance\",\n      \"url\": \"https:\/\/www.muistomaisema.fi\/en\/\",\n      \"description\": \"Light a virtual candle in memory of a loved one. Muistomaisema is a digital place of remembrance where you can pause, reflect, and share a moment of remembrance online.\",\n      \"inLanguage\": \"en\",\n      \"keywords\": \"light a candle online, virtual candle, digital memorial place, remember a loved one, grief, memorial candle, online remembrance\",\n      \"publisher\": {\n        \"@type\": \"Organization\",\n        \"name\": \"Muistomaisema\",\n        \"url\": \"https:\/\/www.muistomaisema.fi\/\"\n      }\n    }\n\n  ]\n}\n<\/script>\n\t\t\t\t<\/div>\n\t\t\t\t<\/div>\n\t\t\t\t\t<\/div>\n\t\t\t\t<\/header>\n\t\t\t\t<\/div>","protected":false},"excerpt":{"rendered":"<p>Muistomaisema Muistomaisema on muistopaikka, jossa voit sytytt\u00e4\u00e4 virtuaalisen kynttil\u00e4n l\u00e4heisen muistolle silloin, kun kaipaus nousee pintaan. Muistokynttil\u00e4n sytytt\u00e4minen antaa mahdollisuuden muistaa rakasta ihmist\u00e4 hiljaisuudessa ja rauhassa \u2013 ajasta ja paikasta riippumatta. Sytyt\u00e4 kynttil\u00e4<\/p>","protected":false},"author":1,"featured_media":340,"parent":0,"menu_order":0,"comment_status":"closed","ping_status":"closed","template":"","meta":{"footnotes":""},"class_list":["post-57","page","type-page","status-publish","has-post-thumbnail","hentry"],"_links":{"self":[{"href":"https:\/\/www.muistomaisema.fi\/sv\/wp-json\/wp\/v2\/pages\/57","targetHints":{"allow":["GET"]}}],"collection":[{"href":"https:\/\/www.muistomaisema.fi\/sv\/wp-json\/wp\/v2\/pages"}],"about":[{"href":"https:\/\/www.muistomaisema.fi\/sv\/wp-json\/wp\/v2\/types\/page"}],"author":[{"embeddable":true,"href":"https:\/\/www.muistomaisema.fi\/sv\/wp-json\/wp\/v2\/users\/1"}],"replies":[{"embeddable":true,"href":"https:\/\/www.muistomaisema.fi\/sv\/wp-json\/wp\/v2\/comments?post=57"}],"version-history":[{"count":199,"href":"https:\/\/www.muistomaisema.fi\/sv\/wp-json\/wp\/v2\/pages\/57\/revisions"}],"predecessor-version":[{"id":611,"href":"https:\/\/www.muistomaisema.fi\/sv\/wp-json\/wp\/v2\/pages\/57\/revisions\/611"}],"wp:featuredmedia":[{"embeddable":true,"href":"https:\/\/www.muistomaisema.fi\/sv\/wp-json\/wp\/v2\/media\/340"}],"wp:attachment":[{"href":"https:\/\/www.muistomaisema.fi\/sv\/wp-json\/wp\/v2\/media?parent=57"}],"curies":[{"name":"wp","href":"https:\/\/api.w.org\/{rel}","templated":true}]}}