{"id":443,"date":"2025-04-07T10:54:19","date_gmt":"2025-04-07T07:54:19","guid":{"rendered":"https:\/\/www.muistomaisema.fi\/?page_id=443"},"modified":"2026-02-16T17:05:50","modified_gmt":"2026-02-16T14:05:50","slug":"kayttoehdot","status":"publish","type":"page","link":"https:\/\/www.muistomaisema.fi\/sv\/anvandarvillkor\/","title":{"rendered":"Anv\u00e4ndarvillkor"},"content":{"rendered":"<div data-elementor-type=\"wp-page\" data-elementor-id=\"443\" class=\"elementor elementor-443\">\n\t\t\t\t<div class=\"elementor-element elementor-element-242ec5bd e-flex e-con-boxed e-con e-parent\" data-id=\"242ec5bd\" data-element_type=\"container\" data-e-type=\"container\">\n\t\t\t\t\t<div class=\"e-con-inner\">\n\t\t\t\t<div class=\"elementor-element elementor-element-dc2eb92 elementor-widget elementor-widget-spacer\" data-id=\"dc2eb92\" data-element_type=\"widget\" data-e-type=\"widget\" data-widget_type=\"spacer.default\">\n\t\t\t\t<div class=\"elementor-widget-container\">\n\t\t\t\t\t\t\t<div class=\"elementor-spacer\">\n\t\t\t<div class=\"elementor-spacer-inner\"><\/div>\n\t\t<\/div>\n\t\t\t\t\t\t<\/div>\n\t\t\t\t<\/div>\n\t\t\t\t<div class=\"elementor-element elementor-element-6f4250ad elementor-widget elementor-widget-text-editor\" data-id=\"6f4250ad\" data-element_type=\"widget\" data-e-type=\"widget\" data-widget_type=\"text-editor.default\">\n\t\t\t\t<div class=\"elementor-widget-container\">\n\t\t\t\t\t\t\t\t\t<h1 data-start=\"332\" data-end=\"365\"><strong data-start=\"334\" data-end=\"365\">Anv\u00e4ndarvillkor<br \/><\/strong><\/h1><p data-start=\"332\" data-end=\"365\">4.1.2026<\/p><h2 data-start=\"403\" data-end=\"430\">1. Tj\u00e4nsteleverant\u00f6r<\/h2><p data-start=\"431\" data-end=\"470\">Webbplatsen Muistomaisema.fi drivs av:<\/p><p data-start=\"472\" data-end=\"565\">Karoliina Paappa<br data-start=\"492\" data-end=\"495\" \/>FO-nummer: 2775561-4<br \/>Momsregistreringsnummer: FI27755614<br data-start=\"518\" data-end=\"521\" \/>E-post: karoliina.paappa(a)gmail.com<\/p><p data-start=\"567\" data-end=\"765\">Muistomaisema \u00e4r ett konstn\u00e4rligt projekt som drivs i liten skala av en privatperson. De avgiftsbelagda ljusen \u00e4r ett s\u00e4tt att st\u00f6dja tj\u00e4nsten och utg\u00f6r inte n\u00e5gon storskalig webbutik.<\/p><hr data-start=\"767\" data-end=\"770\" \/><h2 data-start=\"772\" data-end=\"795\">2. Tj\u00e4nstebeskrivning<\/h2><p data-start=\"796\" data-end=\"881\">P\u00e5 webbplatsen kan anv\u00e4ndaren t\u00e4nda virtuella ljus och skriva minnesord.<\/p><hr data-start=\"883\" data-end=\"886\" \/><h2 data-start=\"888\" data-end=\"919\">3. Ljusstyp och varaktighet<\/h2><p data-start=\"294\" data-end=\"330\">P\u00e5 webbplatsen finns fyra typer av ljus:<\/p><ul data-start=\"332\" data-end=\"495\"><li data-start=\"332\" data-end=\"374\"><p data-start=\"334\" data-end=\"374\">Gratis ljus, varaktighet 24 timmar<\/p><\/li><li data-start=\"375\" data-end=\"417\"><p data-start=\"377\" data-end=\"417\">Silverljus, varaktighet 7 dygn<\/p><\/li><li data-start=\"418\" data-end=\"460\"><p data-start=\"420\" data-end=\"460\">Guldljus, varaktighet 14 dygn<\/p><\/li><\/ul><p data-start=\"497\" data-end=\"557\">Ljusen tas automatiskt bort n\u00e4r deras varaktighet \u00e4r slut.<\/p><hr data-start=\"1134\" data-end=\"1137\" \/><h2 data-start=\"1139\" data-end=\"1168\">4. Avgiftsbelagda ljus<\/h2><p class=\"query-text-line ng-star-inserted\">N\u00e4r du best\u00e4ller ett betalljus anses best\u00e4llningen vara bekr\u00e4ftad i och med betalningen. Betalningar hanteras s\u00e4kert via Stripe (Stripe Payments Europe, Ltd.). Muistomaisema.fi varken tar emot eller lagrar dina betalkortsuppgifter.<\/p><p class=\"query-text-line ng-star-inserted\">I och med betalningen ser jag till att ditt ljus och dina minnesord finns tillg\u00e4ngliga under den valda perioden (7 eller 14 dygn). Uppgifterna relaterade till ljuset finns kvar i tj\u00e4nsten under denna tid.<\/p><p class=\"query-text-line ng-star-inserted\">Eftersom detta \u00e4r en digital tj\u00e4nst som levereras omedelbart finns ingen \u00e5ngerr\u00e4tt, s\u00e5vida inte ett tekniskt fel uppst\u00e5r vid betalningen.<\/p><p class=\"query-text-line ng-star-inserted\">Om betalningen lyckas men ljuset inte t\u00e4nds alls, v\u00e4nligen kontakta adressen som anges i avsnitt 9.<\/p><hr data-start=\"1538\" data-end=\"1541\" \/><h2 data-start=\"1543\" data-end=\"1578\">5. Anv\u00e4ndarens ansvar f\u00f6r inneh\u00e5ll<\/h2><p data-start=\"1579\" data-end=\"1693\">Anv\u00e4ndaren ansvarar sj\u00e4lv f\u00f6r det inneh\u00e5ll de skriver.<br data-start=\"1628\" data-end=\"1631\" \/>Tj\u00e4nsteadministrat\u00f6ren har r\u00e4tt att ta bort meddelanden som \u00e4r:<\/p><ul data-start=\"1695\" data-end=\"1813\"><li data-start=\"1695\" data-end=\"1709\"><p data-start=\"1697\" data-end=\"1709\">st\u00f6tande<\/p><\/li><li data-start=\"1710\" data-end=\"1727\"><p data-start=\"1712\" data-end=\"1727\">olagliga<\/p><\/li><li data-start=\"1728\" data-end=\"1741\"><p data-start=\"1730\" data-end=\"1741\">reklam<\/p><\/li><li data-start=\"1742\" data-end=\"1786\"><p data-start=\"1744\" data-end=\"1786\">som kr\u00e4nker en annan persons integritet<\/p><\/li><li data-start=\"1787\" data-end=\"1813\"><p data-start=\"1789\" data-end=\"1813\">tekniskt skadliga<\/p><\/li><\/ul><hr data-start=\"1815\" data-end=\"1818\" \/><h2 data-start=\"1820\" data-end=\"1848\">6. Immateriella r\u00e4ttigheter<\/h2><p data-start=\"1849\" data-end=\"2022\">Landskapet, grafiken, illustrationerna, webbplatsens visuella utformning och den tekniska implementeringen av Muistomaisema WordPress\u2011pluginet \u00e4r upphovsr\u00e4ttsskyddade av Karoliina Paappa. Anv\u00e4ndaren f\u00e5r inte kopiera eller anv\u00e4nda dem f\u00f6r kommersiella \u00e4ndam\u00e5l.<\/p><p data-start=\"2024\" data-end=\"2142\">Minnesord som skrivs av anv\u00e4ndare \u00e4r offentligt synliga som en del av tj\u00e4nsten, men anv\u00e4ndaren beh\u00e5ller sina egna r\u00e4ttigheter till dem.<\/p><hr data-start=\"2144\" data-end=\"2147\" \/><h2 data-start=\"2149\" data-end=\"2195\">7. Tj\u00e4nstens tillg\u00e4nglighet och tekniska st\u00f6rningar<\/h2><p data-start=\"2196\" data-end=\"2488\">Muistomaisema \u00e4r en konstn\u00e4rlig digital tj\u00e4nst som drivs i liten skala. Tj\u00e4nsten kan ibland uppleva driftstopp eller tekniska st\u00f6rningar, till exempel under underh\u00e5ll eller uppdateringar. Av tekniska sk\u00e4l kan enskilda ljus eller minnesord ibland tas bort eller g\u00e5 f\u00f6rlorade i f\u00f6rtid. I s\u00e5dana fall ansvarar administrat\u00f6ren inte f\u00f6r n\u00e5gra skador. Administrat\u00f6ren ansvarar inte f\u00f6r indirekta skador eller f\u00f6rlust av data.<\/p><hr data-start=\"2490\" data-end=\"2493\" \/><h2 data-start=\"2495\" data-end=\"2522\">8. \u00c4ndringar i tj\u00e4nsten<\/h2><p data-start=\"2523\" data-end=\"2669\">Administrat\u00f6ren kan uppdatera, \u00e4ndra eller ta bort tj\u00e4nstens funktioner.<br data-start=\"2592\" data-end=\"2595\" \/>Anv\u00e4ndarvillkoren kan uppdateras, och den senaste versionen publiceras p\u00e5 denna sida.<\/p><hr data-start=\"2671\" data-end=\"2674\" \/><h2 data-start=\"2676\" data-end=\"2716\">9. Problem och kontakt<\/h2><p data-start=\"2717\" data-end=\"2782\">Om det uppst\u00e5r fel i tj\u00e4nsten eller om ett betal-ljus inte t\u00e4nds:<\/p><p data-start=\"2784\" data-end=\"2832\">Kontakt: karoliina.paappa(a)gmail.com<\/p><p data-start=\"2834\" data-end=\"2977\">Meddelanden besvaras s\u00e5 snabbt som m\u00f6jligt, men eftersom detta \u00e4r ett privat konstprojekt kan handl\u00e4ggningstiderna variera.<\/p><hr data-start=\"2671\" data-end=\"2674\" \/><h2 data-start=\"2676\" data-end=\"2716\">10. <b data-path-to-node=\"4\" data-index-in-node=\"0\">Dataskydd och kakor<\/b><\/h2><p data-start=\"2834\" data-end=\"2977\">K\u00e4ytt\u00e4m\u00e4ll\u00e4 palvelua hyv\u00e4ksyt tietosuojaselosteen mukaisen tietojen k\u00e4sittelyn. Sivustolla k\u00e4ytet\u00e4\u00e4n ev\u00e4steit\u00e4 ja Google Analytics -palvelua k\u00e4vij\u00e4seurantaan sivuston parantamiseksi. Lis\u00e4tietoja l\u00f6yd\u00e4t tietosuojaselosteesta.<\/p><hr data-start=\"2979\" data-end=\"2982\" \/><h2 data-start=\"2984\" data-end=\"3014\">Mer information om skaparen<\/h2><p data-start=\"3015\" data-end=\"3166\">Muistomaisema \u00e4r ett konstn\u00e4rligt projekt av Karoliina Paappa.<br data-start=\"3075\" data-end=\"3078\" \/>Du kan ta del av konstn\u00e4rens \u00f6vriga arbete h\u00e4r:<br data-start=\"3132\" data-end=\"3135\" \/><a class=\"decorated-link cursor-pointer\" href=\"https:\/\/www.karoliinapaappa.fi\/\" target=\"_new\" rel=\"noopener\" data-start=\"3137\" data-end=\"3164\">https:\/\/karoliinapaappa.fi<\/a><\/p>\t\t\t\t\t\t\t\t<\/div>\n\t\t\t\t<\/div>\n\t\t\t\t\t<\/div>\n\t\t\t\t<\/div>\n\t\t\t\t<\/div>","protected":false},"excerpt":{"rendered":"<p>K\u00e4ytt\u00f6ehdot 4.1.2026 1. Palvelun yll\u00e4pit\u00e4j\u00e4 Muistomaisema.fi -sivustoa yll\u00e4pit\u00e4\u00e4: Karoliina PaappaY-tunnus: 2775561-4ALV-numero: FI27755614S\u00e4hk\u00f6posti: karoliina.paappa(a)gmail.com Muistomaisema on taiteellinen projekti, jota yll\u00e4pidet\u00e4\u00e4n pienimuotoisesti yksityishenkil\u00f6n toimesta. Maksulliset kynttil\u00e4t ovat palvelun tukimuoto, eiv\u00e4tk\u00e4 ne muodosta laajamittaista verkkokauppaa. 2. Palvelun kuvaus Sivustolla k\u00e4ytt\u00e4j\u00e4 voi sytytt\u00e4\u00e4 virtuaalisia kynttil\u00f6it\u00e4 ja kirjoittaa muistosanoja. 3. Kynttil\u00e4tyypit ja kesto Sivustolla on nelj\u00e4 kynttil\u00e4tyyppi\u00e4: Ilmainen kynttil\u00e4, kesto [&hellip;]<\/p>","protected":false},"author":1,"featured_media":0,"parent":0,"menu_order":0,"comment_status":"closed","ping_status":"closed","template":"","meta":{"footnotes":""},"class_list":["post-443","page","type-page","status-publish","hentry"],"_links":{"self":[{"href":"https:\/\/www.muistomaisema.fi\/sv\/wp-json\/wp\/v2\/pages\/443","targetHints":{"allow":["GET"]}}],"collection":[{"href":"https:\/\/www.muistomaisema.fi\/sv\/wp-json\/wp\/v2\/pages"}],"about":[{"href":"https:\/\/www.muistomaisema.fi\/sv\/wp-json\/wp\/v2\/types\/page"}],"author":[{"embeddable":true,"href":"https:\/\/www.muistomaisema.fi\/sv\/wp-json\/wp\/v2\/users\/1"}],"replies":[{"embeddable":true,"href":"https:\/\/www.muistomaisema.fi\/sv\/wp-json\/wp\/v2\/comments?post=443"}],"version-history":[{"count":40,"href":"https:\/\/www.muistomaisema.fi\/sv\/wp-json\/wp\/v2\/pages\/443\/revisions"}],"predecessor-version":[{"id":595,"href":"https:\/\/www.muistomaisema.fi\/sv\/wp-json\/wp\/v2\/pages\/443\/revisions\/595"}],"wp:attachment":[{"href":"https:\/\/www.muistomaisema.fi\/sv\/wp-json\/wp\/v2\/media?parent=443"}],"curies":[{"name":"wp","href":"https:\/\/api.w.org\/{rel}","templated":true}]}}