{"id":3,"date":"2025-04-07T10:54:19","date_gmt":"2025-04-07T10:54:19","guid":{"rendered":"https:\/\/www.muistomaisema.fi\/?page_id=3"},"modified":"2026-02-16T17:04:54","modified_gmt":"2026-02-16T14:04:54","slug":"tietosuojaseloste","status":"publish","type":"page","link":"https:\/\/www.muistomaisema.fi\/sv\/dataskyddsbeskrivning\/","title":{"rendered":"Dataskyddsbeskrivning"},"content":{"rendered":"<div data-elementor-type=\"wp-page\" data-elementor-id=\"3\" class=\"elementor elementor-3\">\n\t\t\t\t<div class=\"elementor-element elementor-element-242ec5bd e-con-full e-flex e-con e-parent\" data-id=\"242ec5bd\" data-element_type=\"container\" data-e-type=\"container\">\n\t\t\t\t<div class=\"elementor-element elementor-element-b474935 elementor-widget elementor-widget-spacer\" data-id=\"b474935\" data-element_type=\"widget\" data-e-type=\"widget\" data-widget_type=\"spacer.default\">\n\t\t\t\t<div class=\"elementor-widget-container\">\n\t\t\t\t\t\t\t<div class=\"elementor-spacer\">\n\t\t\t<div class=\"elementor-spacer-inner\"><\/div>\n\t\t<\/div>\n\t\t\t\t\t\t<\/div>\n\t\t\t\t<\/div>\n\t\t\t\t<div class=\"elementor-element elementor-element-6f4250ad elementor-widget elementor-widget-text-editor\" data-id=\"6f4250ad\" data-element_type=\"widget\" data-e-type=\"widget\" data-widget_type=\"text-editor.default\">\n\t\t\t\t<div class=\"elementor-widget-container\">\n\t\t\t\t\t\t\t\t\t<h2 data-start=\"501\" data-end=\"521\">Dataskyddsbeskrivning<\/h2><h3 data-start=\"523\" data-end=\"548\">1. Personuppgiftsansvarig<\/h3><p data-start=\"549\" data-end=\"643\">Muistomaisema.fi \/ Karoliina Paappa<br data-start=\"584\" data-end=\"587\" \/>Kontakt: karoliina.paappa(a)gmail.com<\/p><hr data-start=\"645\" data-end=\"648\" \/><h3 data-start=\"650\" data-end=\"692\">2. Till\u00e4mpningsomr\u00e5de f\u00f6r dataskyddsbeskrivningen<\/h3><p data-start=\"693\" data-end=\"991\">Denna integritetspolicy g\u00e4ller f\u00f6r <a class=\"decorated-link\" href=\"https:\/\/www.muistomaisema.fi\/sv\/\" target=\"_new\" rel=\"noopener\" data-start=\"723\" data-end=\"752\">webbplatsen www.muistomaisema.fi<\/a>, d\u00e4r anv\u00e4ndare kan t\u00e4nda virtuella minnesljus. \u00c4ven om webbplatsen inte aktivt samlar in personuppgifter kan anv\u00e4ndare frivilligt ange information som r\u00f6r en person, ett husdjur eller en h\u00e4ndelse de vill minnas.<\/p><hr data-start=\"993\" data-end=\"996\" \/><h3 data-start=\"998\" data-end=\"1060\">3. \u00c4ndam\u00e5l och r\u00e4ttslig grund f\u00f6r behandlingen av personuppgifter<\/h3><p data-start=\"1062\" data-end=\"1194\">\u00c4ndam\u00e5l med behandlingen:<br data-start=\"1083\" data-end=\"1086\" \/>Lagring och visning av den information som anv\u00e4ndare frivilligt l\u00e4mnar som en del av det virtuella minneslandskapet.<\/p><p data-start=\"1196\" data-end=\"1421\">R\u00e4ttslig grund:<\/p><p data-path-to-node=\"6,1,0\">Gratis ljus: Behandlingen av personuppgifter baseras p\u00e5 anv\u00e4ndarens samtycke. Det \u00e4r helt frivilligt att l\u00e4mna uppgifter, och inmatningen av uppgifter tolkas som ett samtycke till att de behandlas i enlighet med denna dataskyddsbeskrivning.<\/p><p data-path-to-node=\"6,1,1,0,0\">Betalljus: Behandlingen baseras p\u00e5 ett avtal. Lagring av uppgifter \u00e4r n\u00f6dv\u00e4ndig f\u00f6r att leverera den tj\u00e4nst som anv\u00e4ndaren har best\u00e4llt f\u00f6r den valda varaktigheten.<\/p><hr data-start=\"1423\" data-end=\"1426\" \/><h3 data-start=\"1428\" data-end=\"1456\">4. Behandlade uppgifter<\/h3><p data-start=\"1457\" data-end=\"1538\">F\u00f6ljande uppgifter som anv\u00e4ndaren frivilligt l\u00e4mnar kan behandlas p\u00e5 webbplatsen:<\/p><ul data-start=\"1540\" data-end=\"1750\"><li data-start=\"1540\" data-end=\"1565\"><p data-start=\"1542\" data-end=\"1565\">Namn eller annan identifierare<\/p><\/li><li data-start=\"1566\" data-end=\"1639\"><p data-start=\"1568\" data-end=\"1639\">Datum (t.ex. f\u00f6delse- och\/eller d\u00f6dsdatum, datum f\u00f6r h\u00e4ndelsen)<\/p><\/li><li data-start=\"1640\" data-end=\"1750\"><p data-start=\"1642\" data-end=\"1750\">Andra uppgifter som g\u00e4ller den person, det husdjur eller den h\u00e4ndelse som ska minnas och som anv\u00e4ndaren v\u00e4ljer att ange<\/p><\/li><\/ul><hr data-start=\"1752\" data-end=\"1755\" \/><h3 data-start=\"1757\" data-end=\"1802\">5. Lagringstid och radering av uppgifter<\/h3><p data-start=\"1803\" data-end=\"2036\">De uppgifter som anv\u00e4ndaren anger sparas i h\u00f6gst 24 timmar f\u00f6r ett kostnadsfritt ljus. F\u00f6r betalda ljus sparas uppgifterna i antingen 7 dagar eller 14 dagar beroende p\u00e5 vilken ljus typ anv\u00e4ndaren har valt. D\u00e4refter raderas uppgifterna automatiskt.<\/p><hr data-start=\"2038\" data-end=\"2041\" \/><h3 data-start=\"2043\" data-end=\"2062\">6. Datas\u00e4kerhet<b data-path-to-node=\"14\" data-index-in-node=\"0\"> och tj\u00e4nsteleverant\u00f6rer<\/b><\/h3><p data-path-to-node=\"14\">Tiedot tallennetaan kolmannen osapuolen palveluntarjoajan (Polar55) suojatulle palvelimelle. Maksut k\u00e4sittelee Stripe (Stripe Payments Europe, Ltd.), joka toimii rekisterinpit\u00e4j\u00e4n\u00e4 omien maksutietojensa osalta. Sivusto ei tallenna maksukorttitietoja.<\/p><ul data-path-to-node=\"15\"><li><p data-path-to-node=\"15,0,0\">Lis\u00e4tietoja Polar55:n tietosuojasta: <a class=\"ng-star-inserted\" href=\"https:\/\/polar55.com\/privacy-policy\/\" target=\"_blank\" rel=\"noopener\" data-hveid=\"3\">tietosuojaseloste<\/a><\/p><\/li><li><p data-path-to-node=\"15,1,0\">Mer information om Stripes dataskydd: <a class=\"ng-star-inserted\" href=\"https:\/\/stripe.com\/privacy\" target=\"_blank\" rel=\"noopener\" data-hveid=\"4\">stripe.com\/privacy<\/a><\/p><\/li><\/ul><hr data-start=\"2038\" data-end=\"2041\" \/><h3 data-start=\"2043\" data-end=\"2062\">7. <b data-path-to-node=\"16\" data-index-in-node=\"0\">Kakor och bes\u00f6ksstatistik<\/b><\/h3><p data-path-to-node=\"16\">Webbplatsen anv\u00e4nder Google Analytics f\u00f6r att analysera antalet bes\u00f6kare och anv\u00e4ndningen av webbplatsen. Tj\u00e4nsten lagrar kakor (cookies) p\u00e5 anv\u00e4ndarens enhet. Den insamlade informationen (s\u00e5som IP-adress) lagras p\u00e5 Googles servrar. Vi anv\u00e4nder informationen f\u00f6r att f\u00f6rb\u00e4ttra anv\u00e4ndarupplevelsen. Mer information: <a class=\"ng-star-inserted\" href=\"https:\/\/policies.google.com\/privacy\" target=\"_blank\" rel=\"noopener\" data-hveid=\"5\">Google Privacy &amp; Terms<\/a>. Vi anv\u00e4nder \u00e4ven Google Search Console f\u00f6r teknisk uppf\u00f6ljning av webbplatsen.<\/p><hr data-start=\"2530\" data-end=\"2533\" \/><h3 data-start=\"2535\" data-end=\"2566\">8. Den registrerades r\u00e4ttigheter<\/h3><p data-start=\"2567\" data-end=\"2659\">Om de uppgifter du har angett kan klassificeras som personuppgifter har du f\u00f6ljande r\u00e4ttigheter:<\/p><ul data-start=\"2661\" data-end=\"3027\"><li data-start=\"2661\" data-end=\"2749\"><p data-start=\"2663\" data-end=\"2749\">Du kan beg\u00e4ra information om vilka personuppgifter vi behandlar om dig.<\/p><\/li><li data-start=\"2750\" data-end=\"2851\"><p data-start=\"2752\" data-end=\"2851\">Du kan beg\u00e4ra att felaktiga eller ofullst\u00e4ndiga personuppgifter korrigeras.<\/p><\/li><li data-start=\"2852\" data-end=\"3027\"><p data-start=\"2854\" data-end=\"3027\">Du kan beg\u00e4ra att dina personuppgifter raderas. \u00c4ven om uppgifterna raderas automatiskt efter den angivna lagringstiden kan du beg\u00e4ra att de tas bort omedelbar<\/p><\/li><\/ul><p data-start=\"3029\" data-end=\"3271\">Du kan kontakta den personuppgiftsansvarige via de ovan n\u00e4mnda kontaktuppgifterna f\u00f6r att ut\u00f6va dina r\u00e4ttigheter. Du har \u00e4ven r\u00e4tt att l\u00e4mna in ett klagom\u00e5l till dataskyddsmyndigheten om du anser att behandlingen av dina uppgifter har brutit mot dataskyddslagstiftningen.<\/p><hr data-start=\"3273\" data-end=\"3276\" \/><h3 data-start=\"3278\" data-end=\"3316\">9. \u00c4ndringar i dataskyddsbeskrivningen<\/h3><p data-start=\"3317\" data-end=\"3470\">Vi kan uppdatera denna dataskyddsbeskrivning d\u00e5 och d\u00e5. \u00c4ndringar publiceras p\u00e5 denna webbplats. Vi str\u00e4var efter att meddela separat om betydande \u00e4ndringar.<\/p><hr data-start=\"3472\" data-end=\"3475\" \/><h3 data-start=\"3477\" data-end=\"3498\">10. Kontakt<\/h3><p data-start=\"3499\" data-end=\"3633\">Om du har fr\u00e5gor om denna dataskyddsbeskrivning eller om behandlingen av dina uppgifter, v\u00e4nligen kontakta oss via de ovan n\u00e4mnda kontaktuppgifterna.<\/p><hr data-start=\"3635\" data-end=\"3638\" \/><p data-start=\"3640\" data-end=\"3775\">\u00d6vers\u00e4ttningarna tillhandah\u00e5lls f\u00f6r att underl\u00e4tta f\u00f6r anv\u00e4ndarna. Vid eventuella tolkningstvister g\u00e4ller den finska versionen.<\/p>\t\t\t\t\t\t\t\t<\/div>\n\t\t\t\t<\/div>\n\t\t\t\t<\/div>\n\t\t\t\t<\/div>","protected":false},"excerpt":{"rendered":"<p>Tietosuojaseloste 1. Rekisterinpit\u00e4j\u00e4 Muistomaisema.fi \/ Karoliina PaappaYhteystiedot:\u00a0karoliina.paappa(a)gmail.com 2. Tietosuojaselosteen soveltamisala T\u00e4m\u00e4 tietosuojaseloste koskee www.muistomaisema.fi-sivustoa, jossa k\u00e4ytt\u00e4j\u00e4t voivat j\u00e4tt\u00e4\u00e4 virtuaalisia muistokynttil\u00f6it\u00e4. Vaikka sivustolla ei aktiivisesti ker\u00e4t\u00e4 henkil\u00f6tietoja, k\u00e4ytt\u00e4j\u00e4t voivat vapaaehtoisesti sy\u00f6tt\u00e4\u00e4 tietoja, jotka liittyv\u00e4t muistettavaan henkil\u00f6\u00f6n, lemmikkiin tai tapahtumaan. 3. Henkil\u00f6tietojen k\u00e4sittelyn tarkoitus ja oikeusperuste K\u00e4sittelyn tarkoitus:K\u00e4ytt\u00e4jien vapaaehtoisesti antamien tietojen tallentaminen ja n\u00e4ytt\u00e4minen osana virtuaalista muistomaisemaa. [&hellip;]<\/p>","protected":false},"author":1,"featured_media":0,"parent":0,"menu_order":0,"comment_status":"closed","ping_status":"closed","template":"","meta":{"footnotes":""},"class_list":["post-3","page","type-page","status-publish","hentry"],"_links":{"self":[{"href":"https:\/\/www.muistomaisema.fi\/sv\/wp-json\/wp\/v2\/pages\/3","targetHints":{"allow":["GET"]}}],"collection":[{"href":"https:\/\/www.muistomaisema.fi\/sv\/wp-json\/wp\/v2\/pages"}],"about":[{"href":"https:\/\/www.muistomaisema.fi\/sv\/wp-json\/wp\/v2\/types\/page"}],"author":[{"embeddable":true,"href":"https:\/\/www.muistomaisema.fi\/sv\/wp-json\/wp\/v2\/users\/1"}],"replies":[{"embeddable":true,"href":"https:\/\/www.muistomaisema.fi\/sv\/wp-json\/wp\/v2\/comments?post=3"}],"version-history":[{"count":73,"href":"https:\/\/www.muistomaisema.fi\/sv\/wp-json\/wp\/v2\/pages\/3\/revisions"}],"predecessor-version":[{"id":592,"href":"https:\/\/www.muistomaisema.fi\/sv\/wp-json\/wp\/v2\/pages\/3\/revisions\/592"}],"wp:attachment":[{"href":"https:\/\/www.muistomaisema.fi\/sv\/wp-json\/wp\/v2\/media?parent=3"}],"curies":[{"name":"wp","href":"https:\/\/api.w.org\/{rel}","templated":true}]}}