{"id":443,"date":"2025-04-07T10:54:19","date_gmt":"2025-04-07T07:54:19","guid":{"rendered":"https:\/\/www.muistomaisema.fi\/?page_id=443"},"modified":"2026-02-16T17:05:50","modified_gmt":"2026-02-16T14:05:50","slug":"kayttoehdot","status":"publish","type":"page","link":"https:\/\/www.muistomaisema.fi\/ja\/riyo-kiyaku\/","title":{"rendered":"\u5229\u7528\u898f\u7d04"},"content":{"rendered":"<div data-elementor-type=\"wp-page\" data-elementor-id=\"443\" class=\"elementor elementor-443\">\n\t\t\t\t<div class=\"elementor-element elementor-element-242ec5bd e-flex e-con-boxed e-con e-parent\" data-id=\"242ec5bd\" data-element_type=\"container\" data-e-type=\"container\">\n\t\t\t\t\t<div class=\"e-con-inner\">\n\t\t\t\t<div class=\"elementor-element elementor-element-dc2eb92 elementor-widget elementor-widget-spacer\" data-id=\"dc2eb92\" data-element_type=\"widget\" data-e-type=\"widget\" data-widget_type=\"spacer.default\">\n\t\t\t\t<div class=\"elementor-widget-container\">\n\t\t\t\t\t\t\t<div class=\"elementor-spacer\">\n\t\t\t<div class=\"elementor-spacer-inner\"><\/div>\n\t\t<\/div>\n\t\t\t\t\t\t<\/div>\n\t\t\t\t<\/div>\n\t\t\t\t<div class=\"elementor-element elementor-element-6f4250ad elementor-widget elementor-widget-text-editor\" data-id=\"6f4250ad\" data-element_type=\"widget\" data-e-type=\"widget\" data-widget_type=\"text-editor.default\">\n\t\t\t\t<div class=\"elementor-widget-container\">\n\t\t\t\t\t\t\t\t\t<h1 data-start=\"332\" data-end=\"365\"><strong data-start=\"334\" data-end=\"365\">\u5229\u7528\u898f\u7d04<br \/><\/strong><\/h1><p data-start=\"332\" data-end=\"365\">4.1.2026<\/p><h2 data-start=\"403\" data-end=\"430\">1. \u30b5\u30fc\u30d3\u30b9\u904b\u55b6\u8005<\/h2><p data-start=\"431\" data-end=\"470\">Muistomaisema.fi \u306f\u6b21\u306e\u8005\u306b\u3088\u3063\u3066\u904b\u55b6\u3055\u308c\u3066\u3044\u307e\u3059\uff1a<\/p><p data-start=\"472\" data-end=\"565\">Karoliina Paappa<br data-start=\"492\" data-end=\"495\" \/>\u4e8b\u696d\u8005\u756a\u53f7\uff08Y\u756a\u53f7\uff09\uff1a2775561-4<br \/>\u4ed8\u52a0\u4fa1\u5024\u7a0e\u756a\u53f7\uff08VAT\u756a\u53f7\uff09\uff1aFI27755614<br data-start=\"518\" data-end=\"521\" \/>\u30e1\u30fc\u30eb\uff1akaroliina.paappa(a)gmail.com<\/p><p data-start=\"567\" data-end=\"765\">\u30e0\u30a4\u30b9\u30c8\u30de\u30a4\u30bb\u30de\u306f\u3001\u500b\u4eba\u306b\u3088\u3063\u3066\u5c0f\u898f\u6a21\u306b\u904b\u55b6\u3055\u308c\u3066\u3044\u308b\u82b8\u8853\u7684\u30d7\u30ed\u30b8\u30a7\u30af\u30c8\u3067\u3059\u3002\n\u6709\u6599\u306e\u308d\u3046\u305d\u304f\u306f\u30b5\u30fc\u30d3\u30b9\u3092\u652f\u63f4\u3059\u308b\u305f\u3081\u306e\u3082\u306e\u3067\u3042\u308a\u3001\u5927\u898f\u6a21\u306a\u30aa\u30f3\u30e9\u30a4\u30f3\u30b7\u30e7\u30c3\u30d7\u3067\u306f\u3042\u308a\u307e\u305b\u3093\u3002<\/p><hr data-start=\"767\" data-end=\"770\" \/><h2 data-start=\"772\" data-end=\"795\">2. \u30b5\u30fc\u30d3\u30b9\u306e\u6982\u8981<\/h2><p data-start=\"796\" data-end=\"881\">\u672c\u30b5\u30a4\u30c8\u3067\u306f\u3001\u30e6\u30fc\u30b6\u30fc\u304c\u30d0\u30fc\u30c1\u30e3\u30eb\u308d\u3046\u305d\u304f\u3092\u706f\u3057\u3001\u8ffd\u60bc\u30e1\u30c3\u30bb\u30fc\u30b8\u3092\u66f8\u304f\u3053\u3068\u304c\u3067\u304d\u307e\u3059\u3002<\/p><hr data-start=\"883\" data-end=\"886\" \/><h2 data-start=\"888\" data-end=\"919\">3. \u308d\u3046\u305d\u304f\u306e\u7a2e\u985e\u3068\u70b9\u706f\u671f\u9593<\/h2><p data-start=\"294\" data-end=\"330\">\u672c\u30b5\u30a4\u30c8\u306b\u306f\u30013\u7a2e\u985e\u306e\u308d\u3046\u305d\u304f\u304c\u3042\u308a\u307e\u3059\uff1a<\/p><ul data-start=\"332\" data-end=\"495\"><li data-start=\"332\" data-end=\"374\"><p data-start=\"334\" data-end=\"374\">\u7121\u6599\u306e\u308d\u3046\u305d\u304f\uff08\u70b9\u706f\u6642\u9593\uff1a24\u6642\u9593\uff09<\/p><\/li><li data-start=\"375\" data-end=\"417\"><p data-start=\"377\" data-end=\"417\">\u9280\u306e\u308d\u3046\u305d\u304f\uff08\u70b9\u706f\u671f\u9593\uff1a7\u65e5\u9593\uff09<\/p><\/li><li data-start=\"418\" data-end=\"460\"><p data-start=\"420\" data-end=\"460\">\u91d1\u306e\u308d\u3046\u305d\u304f\uff08\u70b9\u706f\u671f\u9593\uff1a14\u65e5\u9593\uff09<\/p><\/li><\/ul><p data-start=\"497\" data-end=\"557\">\u308d\u3046\u305d\u304f\u306f\u3001\u70b9\u706f\u671f\u9593\u304c\u7d42\u4e86\u3059\u308b\u3068\u81ea\u52d5\u7684\u306b\u6d88\u53bb\u3055\u308c\u307e\u3059\u3002<\/p><hr data-start=\"1134\" data-end=\"1137\" \/><h2 data-start=\"1139\" data-end=\"1168\">4. \u6709\u6599\u306e\u308d\u3046\u305d\u304f<\/h2><p class=\"query-text-line ng-star-inserted\">\u6709\u6599\u306e\u308d\u3046\u305d\u304f\u3092\u3054\u6ce8\u6587\u3044\u305f\u3060\u3044\u305f\u5834\u5408\u3001\u304a\u652f\u6255\u3044\u5b8c\u4e86\u3092\u3082\u3063\u3066\u6ce8\u6587\u304c\u78ba\u5b9a\u3057\u307e\u3059\u3002\n\u304a\u652f\u6255\u3044\u306f Stripe\uff08Stripe Payments Europe, Ltd.\uff09\u3092\u901a\u3058\u3066\u5b89\u5168\u306b\u51e6\u7406\u3055\u308c\u307e\u3059\u3002\nMuistomaisema.fi \u306f\u3001\u30af\u30ec\u30b8\u30c3\u30c8\u30ab\u30fc\u30c9\u60c5\u5831\u3092\u53d6\u5f97\u30fb\u4fdd\u5b58\u3059\u308b\u3053\u3068\u306f\u3042\u308a\u307e\u305b\u3093\u3002<\/p><p class=\"query-text-line ng-star-inserted\">\u304a\u652f\u6255\u3044\u306b\u3088\u308a\u3001\u9078\u629e\u3055\u308c\u305f\u671f\u9593\uff087\u65e5\u9593\u307e\u305f\u306f14\u65e5\u9593\uff09\u306b\u308f\u305f\u3063\u3066\u3001\u308d\u3046\u305d\u304f\u3068\u8ffd\u60bc\u30e1\u30c3\u30bb\u30fc\u30b8\u304c\u8868\u793a\u3055\u308c\u308b\u3088\u3046\u7ba1\u7406\u3057\u307e\u3059\u3002\n\u308d\u3046\u305d\u304f\u306b\u95a2\u9023\u3059\u308b\u60c5\u5831\u306f\u3001\u305d\u306e\u671f\u9593\u4e2d\u30b5\u30fc\u30d3\u30b9\u5185\u306b\u4fdd\u6301\u3055\u308c\u307e\u3059\u3002<\/p><p class=\"query-text-line ng-star-inserted\">\u672c\u30b5\u30fc\u30d3\u30b9\u306f\u5373\u6642\u306b\u63d0\u4f9b\u3055\u308c\u308b\u30c7\u30b8\u30bf\u30eb\u30b5\u30fc\u30d3\u30b9\u306e\u305f\u3081\u3001\u652f\u6255\u3044\u306b\u6280\u8853\u7684\u306a\u4e0d\u5177\u5408\u304c\u751f\u3058\u305f\u5834\u5408\u3092\u9664\u304d\u3001\u8fd4\u91d1\u306f\u884c\u308f\u308c\u307e\u305b\u3093\u3002<\/p><p class=\"query-text-line ng-star-inserted\">\u304a\u652f\u6255\u3044\u304c\u5b8c\u4e86\u3057\u305f\u306b\u3082\u304b\u304b\u308f\u3089\u305a\u3001\u308d\u3046\u305d\u304f\u304c\u70b9\u706f\u3057\u306a\u3044\u5834\u5408\u306f\u3001\u7b2c9\u9805\u306b\u8a18\u8f09\u306e\u9023\u7d61\u5148\u307e\u3067\u3054\u9023\u7d61\u304f\u3060\u3055\u3044\u3002<\/p><hr data-start=\"1538\" data-end=\"1541\" \/><h2 data-start=\"1543\" data-end=\"1578\">5. \u30e6\u30fc\u30b6\u30fc\u306b\u3088\u308b\u30b3\u30f3\u30c6\u30f3\u30c4\u306e\u8cac\u4efb<\/h2><p data-start=\"1579\" data-end=\"1693\">\u30e6\u30fc\u30b6\u30fc\u306f\u3001\u81ea\u8eab\u304c\u4f5c\u6210\u30fb\u6295\u7a3f\u3057\u305f\u5185\u5bb9\u306b\u3064\u3044\u3066\u8cac\u4efb\u3092\u8ca0\u3044\u307e\u3059\u3002<br data-start=\"1628\" data-end=\"1631\" \/>\u30b5\u30fc\u30d3\u30b9\u904b\u55b6\u8005\u306f\u3001\u4ee5\u4e0b\u306b\u8a72\u5f53\u3059\u308b\u30e1\u30c3\u30bb\u30fc\u30b8\u3092\u524a\u9664\u3059\u308b\u6a29\u5229\u3092\u6709\u3057\u307e\u3059\uff1a<\/p><ul data-start=\"1695\" data-end=\"1813\"><li data-start=\"1695\" data-end=\"1709\"><p data-start=\"1697\" data-end=\"1709\">\u4fae\u8fb1\u7684\u306a\u5185\u5bb9<\/p><\/li><li data-start=\"1710\" data-end=\"1727\"><p data-start=\"1712\" data-end=\"1727\">\u9055\u6cd5\u306a\u5185\u5bb9<\/p><\/li><li data-start=\"1728\" data-end=\"1741\"><p data-start=\"1730\" data-end=\"1741\">\u5e83\u544a\u30fb\u5ba3\u4f1d\u76ee\u7684\u306e\u5185\u5bb9<\/p><\/li><li data-start=\"1742\" data-end=\"1786\"><p data-start=\"1744\" data-end=\"1786\">\u4ed6\u8005\u306e\u30d7\u30e9\u30a4\u30d0\u30b7\u30fc\u3092\u4fb5\u5bb3\u3059\u308b\u5185\u5bb9<\/p><\/li><li data-start=\"1787\" data-end=\"1813\"><p data-start=\"1789\" data-end=\"1813\">\u6280\u8853\u7684\u306b\u6709\u5bb3\u306a\u5185\u5bb9<\/p><\/li><\/ul><hr data-start=\"1815\" data-end=\"1818\" \/><h2 data-start=\"1820\" data-end=\"1848\">6. \u77e5\u7684\u8ca1\u7523\u6a29<\/h2><p data-start=\"1849\" data-end=\"2022\">\u98a8\u666f\u3001\u30b0\u30e9\u30d5\u30a3\u30c3\u30af\u3001\u30a4\u30e9\u30b9\u30c8\u3001\u30b5\u30a4\u30c8\u306e\u30d3\u30b8\u30e5\u30a2\u30eb\u30c7\u30b6\u30a4\u30f3\u3001\u304a\u3088\u3073 Muistomaisema WordPress \u30d7\u30e9\u30b0\u30a4\u30f3\u306e\u6280\u8853\u7684\u5b9f\u88c5\u306f\u3001Karoliina Paappa \u306e\u8457\u4f5c\u6a29\u306b\u5c5e\u3057\u307e\u3059\u3002\n\u30e6\u30fc\u30b6\u30fc\u306f\u3001\u3053\u308c\u3089\u3092\u30b3\u30d4\u30fc\u3057\u305f\u308a\u3001\u5546\u696d\u76ee\u7684\u3067\u4f7f\u7528\u3057\u305f\u308a\u3059\u308b\u3053\u3068\u306f\u3067\u304d\u307e\u305b\u3093\u3002<\/p><p data-start=\"2024\" data-end=\"2142\">\u30e6\u30fc\u30b6\u30fc\u304c\u8a18\u8f09\u3057\u305f\u8ffd\u60bc\u30e1\u30c3\u30bb\u30fc\u30b8\u306f\u3001\u30b5\u30fc\u30d3\u30b9\u306e\u4e00\u90e8\u3068\u3057\u3066\u516c\u958b\u3055\u308c\u307e\u3059\u304c\u3001\u305d\u306e\u6a29\u5229\u306f\u30e6\u30fc\u30b6\u30fc\u81ea\u8eab\u306b\u5e30\u5c5e\u3057\u307e\u3059\u3002<\/p><hr data-start=\"2144\" data-end=\"2147\" \/><h2 data-start=\"2149\" data-end=\"2195\">7. \u30b5\u30fc\u30d3\u30b9\u306e\u63d0\u4f9b\u72b6\u6cc1\u304a\u3088\u3073\u6280\u8853\u7684\u969c\u5bb3<\/h2><p data-start=\"2196\" data-end=\"2488\">\u30e0\u30a4\u30b9\u30c8\u30de\u30a4\u30bb\u30de\u306f\u3001\u5c0f\u898f\u6a21\u306b\u904b\u55b6\u3055\u308c\u3066\u3044\u308b\u82b8\u8853\u7684\u306a\u30c7\u30b8\u30bf\u30eb\u30b5\u30fc\u30d3\u30b9\u3067\u3059\u3002\n\u30b5\u30fc\u30d3\u30b9\u306e\u4fdd\u5b88\u3084\u66f4\u65b0\u4f5c\u696d\u306a\u3069\u306b\u3088\u308a\u3001\u4e88\u544a\u306a\u304f\u4e00\u6642\u7684\u306b\u5229\u7528\u3067\u304d\u306a\u304f\u306a\u308b\u5834\u5408\u3084\u3001\u6280\u8853\u7684\u306a\u4e0d\u5177\u5408\u304c\u767a\u751f\u3059\u308b\u3053\u3068\u304c\u3042\u308a\u307e\u3059\u3002\n\u6280\u8853\u7684\u306a\u7406\u7531\u306b\u3088\u308a\u3001\u500b\u3005\u306e\u308d\u3046\u305d\u304f\u3084\u8ffd\u60bc\u30e1\u30c3\u30bb\u30fc\u30b8\u304c\u4e88\u5b9a\u3088\u308a\u65e9\u304f\u524a\u9664\u3055\u308c\u305f\u308a\u3001\u6d88\u5931\u3057\u305f\u308a\u3059\u308b\u5834\u5408\u304c\u3042\u308a\u307e\u3059\u3002\n\u3053\u308c\u3089\u306e\u5834\u5408\u3001\u904b\u55b6\u8005\u306f\u767a\u751f\u3057\u305f\u4e0d\u5229\u76ca\u306b\u3064\u3044\u3066\u88dc\u511f\u8cac\u4efb\u3092\u8ca0\u3044\u307e\u305b\u3093\u3002\n\u307e\u305f\u3001\u9593\u63a5\u7684\u306a\u640d\u5bb3\u3084\u30c7\u30fc\u30bf\u306e\u6d88\u5931\u306b\u3064\u3044\u3066\u3082\u8cac\u4efb\u3092\u8ca0\u3044\u307e\u305b\u3093\u3002<\/p><hr data-start=\"2490\" data-end=\"2493\" \/><h2 data-start=\"2495\" data-end=\"2522\">8. \u30b5\u30fc\u30d3\u30b9\u5185\u5bb9\u306e\u5909\u66f4<\/h2><p data-start=\"2523\" data-end=\"2669\">\u904b\u55b6\u8005\u306f\u3001\u30b5\u30fc\u30d3\u30b9\u306e\u6a5f\u80fd\u3092\u66f4\u65b0\u3001\u5909\u66f4\u3001\u307e\u305f\u306f\u524a\u9664\u3059\u308b\u3053\u3068\u304c\u3042\u308a\u307e\u3059\u3002<br data-start=\"2592\" data-end=\"2595\" \/>\u5229\u7528\u898f\u7d04\u306f\u66f4\u65b0\u3055\u308c\u308b\u5834\u5408\u304c\u3042\u308a\u3001\u6700\u65b0\u7248\u306f\u672c\u30da\u30fc\u30b8\u306b\u63b2\u8f09\u3055\u308c\u307e\u3059\u3002<\/p><hr data-start=\"2671\" data-end=\"2674\" \/><h2 data-start=\"2676\" data-end=\"2716\">9. \u30c8\u30e9\u30d6\u30eb\u6642\u306e\u5bfe\u5fdc\u304a\u3088\u3073\u304a\u554f\u3044\u5408\u308f\u305b<\/h2><p data-start=\"2717\" data-end=\"2782\">\u30b5\u30fc\u30d3\u30b9\u306b\u4e0d\u5177\u5408\u304c\u767a\u751f\u3057\u305f\u5834\u5408\u3001\u307e\u305f\u306f\u6709\u6599\u306e\u308d\u3046\u305d\u304f\u304c\u70b9\u706f\u3057\u306a\u3044\u5834\u5408\uff1a<\/p><p data-start=\"2784\" data-end=\"2832\">\u304a\u554f\u3044\u5408\u308f\u305b\u5148\uff1akaroliina.paappa(a)gmail.com<\/p><p data-start=\"2834\" data-end=\"2977\">\u304a\u554f\u3044\u5408\u308f\u305b\u306b\u306f\u3067\u304d\u308b\u9650\u308a\u8fc5\u901f\u306b\u5bfe\u5fdc\u3057\u307e\u3059\u304c\u3001\u672c\u30b5\u30fc\u30d3\u30b9\u306f\u500b\u4eba\u306b\u3088\u308b\u30a2\u30fc\u30c8\u30d7\u30ed\u30b8\u30a7\u30af\u30c8\u306e\u305f\u3081\u3001\u5bfe\u5fdc\u307e\u3067\u306b\u6642\u9593\u304c\u304b\u304b\u308b\u5834\u5408\u304c\u3042\u308a\u307e\u3059\u3002<\/p><hr data-start=\"2671\" data-end=\"2674\" \/><h2 data-start=\"2676\" data-end=\"2716\">10. <b data-path-to-node=\"4\" data-index-in-node=\"0\">\u30d7\u30e9\u30a4\u30d0\u30b7\u30fc\u3068\u30af\u30c3\u30ad\u30fc<\/b><\/h2><p data-start=\"2834\" data-end=\"2977\">K\u00e4ytt\u00e4m\u00e4ll\u00e4 palvelua hyv\u00e4ksyt tietosuojaselosteen mukaisen tietojen k\u00e4sittelyn. Sivustolla k\u00e4ytet\u00e4\u00e4n ev\u00e4steit\u00e4 ja Google Analytics -palvelua k\u00e4vij\u00e4seurantaan sivuston parantamiseksi. Lis\u00e4tietoja l\u00f6yd\u00e4t tietosuojaselosteesta.<\/p><hr data-start=\"2979\" data-end=\"2982\" \/><h2 data-start=\"2984\" data-end=\"3014\">\u5236\u4f5c\u8005\u306b\u3064\u3044\u3066<\/h2><p data-start=\"3015\" data-end=\"3166\">\u30e0\u30a4\u30b9\u30c8\u30de\u30a4\u30bb\u30de\u306f\u3001Karoliina Paappa \u306b\u3088\u308b\u82b8\u8853\u7684\u30d7\u30ed\u30b8\u30a7\u30af\u30c8\u3067\u3059\u3002<br data-start=\"3075\" data-end=\"3078\" \/>\u5236\u4f5c\u8005\u306e\u4ed6\u306e\u6d3b\u52d5\u306b\u3064\u3044\u3066\u306f\u3001\u3053\u3061\u3089\u3092\u3054\u89a7\u304f\u3060\u3055\u3044\uff1a<br data-start=\"3132\" data-end=\"3135\" \/><a class=\"decorated-link cursor-pointer\" href=\"https:\/\/www.karoliinapaappa.fi\/\" target=\"_new\" rel=\"noopener\" data-start=\"3137\" data-end=\"3164\">https:\/\/karoliinapaappa.fi<\/a><\/p>\t\t\t\t\t\t\t\t<\/div>\n\t\t\t\t<\/div>\n\t\t\t\t\t<\/div>\n\t\t\t\t<\/div>\n\t\t\t\t<\/div>","protected":false},"excerpt":{"rendered":"<p>K\u00e4ytt\u00f6ehdot 4.1.2026 1. Palvelun yll\u00e4pit\u00e4j\u00e4 Muistomaisema.fi -sivustoa yll\u00e4pit\u00e4\u00e4: Karoliina PaappaY-tunnus: 2775561-4ALV-numero: FI27755614S\u00e4hk\u00f6posti: karoliina.paappa(a)gmail.com Muistomaisema on taiteellinen projekti, jota yll\u00e4pidet\u00e4\u00e4n pienimuotoisesti yksityishenkil\u00f6n toimesta. Maksulliset kynttil\u00e4t ovat palvelun tukimuoto, eiv\u00e4tk\u00e4 ne muodosta laajamittaista verkkokauppaa. 2. Palvelun kuvaus Sivustolla k\u00e4ytt\u00e4j\u00e4 voi sytytt\u00e4\u00e4 virtuaalisia kynttil\u00f6it\u00e4 ja kirjoittaa muistosanoja. 3. Kynttil\u00e4tyypit ja kesto Sivustolla on nelj\u00e4 kynttil\u00e4tyyppi\u00e4: Ilmainen kynttil\u00e4, kesto [&hellip;]<\/p>","protected":false},"author":1,"featured_media":0,"parent":0,"menu_order":0,"comment_status":"closed","ping_status":"closed","template":"","meta":{"footnotes":""},"class_list":["post-443","page","type-page","status-publish","hentry"],"_links":{"self":[{"href":"https:\/\/www.muistomaisema.fi\/ja\/wp-json\/wp\/v2\/pages\/443","targetHints":{"allow":["GET"]}}],"collection":[{"href":"https:\/\/www.muistomaisema.fi\/ja\/wp-json\/wp\/v2\/pages"}],"about":[{"href":"https:\/\/www.muistomaisema.fi\/ja\/wp-json\/wp\/v2\/types\/page"}],"author":[{"embeddable":true,"href":"https:\/\/www.muistomaisema.fi\/ja\/wp-json\/wp\/v2\/users\/1"}],"replies":[{"embeddable":true,"href":"https:\/\/www.muistomaisema.fi\/ja\/wp-json\/wp\/v2\/comments?post=443"}],"version-history":[{"count":40,"href":"https:\/\/www.muistomaisema.fi\/ja\/wp-json\/wp\/v2\/pages\/443\/revisions"}],"predecessor-version":[{"id":595,"href":"https:\/\/www.muistomaisema.fi\/ja\/wp-json\/wp\/v2\/pages\/443\/revisions\/595"}],"wp:attachment":[{"href":"https:\/\/www.muistomaisema.fi\/ja\/wp-json\/wp\/v2\/media?parent=443"}],"curies":[{"name":"wp","href":"https:\/\/api.w.org\/{rel}","templated":true}]}}