{"id":3,"date":"2025-04-07T10:54:19","date_gmt":"2025-04-07T10:54:19","guid":{"rendered":"https:\/\/www.muistomaisema.fi\/?page_id=3"},"modified":"2026-02-16T17:04:54","modified_gmt":"2026-02-16T14:04:54","slug":"tietosuojaseloste","status":"publish","type":"page","link":"https:\/\/www.muistomaisema.fi\/ja\/puraibashii-porishii\/","title":{"rendered":"\u30d7\u30e9\u30a4\u30d0\u30b7\u30fc\u30dd\u30ea\u30b7\u30fc"},"content":{"rendered":"<div data-elementor-type=\"wp-page\" data-elementor-id=\"3\" class=\"elementor elementor-3\">\n\t\t\t\t<div class=\"elementor-element elementor-element-242ec5bd e-con-full e-flex e-con e-parent\" data-id=\"242ec5bd\" data-element_type=\"container\" data-e-type=\"container\">\n\t\t\t\t<div class=\"elementor-element elementor-element-b474935 elementor-widget elementor-widget-spacer\" data-id=\"b474935\" data-element_type=\"widget\" data-e-type=\"widget\" data-widget_type=\"spacer.default\">\n\t\t\t\t<div class=\"elementor-widget-container\">\n\t\t\t\t\t\t\t<div class=\"elementor-spacer\">\n\t\t\t<div class=\"elementor-spacer-inner\"><\/div>\n\t\t<\/div>\n\t\t\t\t\t\t<\/div>\n\t\t\t\t<\/div>\n\t\t\t\t<div class=\"elementor-element elementor-element-6f4250ad elementor-widget elementor-widget-text-editor\" data-id=\"6f4250ad\" data-element_type=\"widget\" data-e-type=\"widget\" data-widget_type=\"text-editor.default\">\n\t\t\t\t<div class=\"elementor-widget-container\">\n\t\t\t\t\t\t\t\t\t<h2 data-start=\"501\" data-end=\"521\">\u30d7\u30e9\u30a4\u30d0\u30b7\u30fc\u30dd\u30ea\u30b7\u30fc<\/h2><h3 data-start=\"523\" data-end=\"548\">1. \u30c7\u30fc\u30bf\u7ba1\u7406\u8005<\/h3><p data-start=\"549\" data-end=\"643\">Muistomaisema.fi \/ Karoliina Paappa<br data-start=\"584\" data-end=\"587\" \/>\u9023\u7d61\u5148\uff1akaroliina.paappa(a)gmail.com<\/p><hr data-start=\"645\" data-end=\"648\" \/><h3 data-start=\"650\" data-end=\"692\">2. \u30d7\u30e9\u30a4\u30d0\u30b7\u30fc\u30dd\u30ea\u30b7\u30fc\u306e\u9069\u7528\u7bc4\u56f2<\/h3><p data-start=\"693\" data-end=\"991\">\u672c\u30d7\u30e9\u30a4\u30d0\u30b7\u30fc\u30dd\u30ea\u30b7\u30fc\u306f\u3001\u4ee5\u4e0b\u306b\u9069\u7528\u3055\u308c\u307e\u3059\u3002 <a class=\"decorated-link\" href=\"https:\/\/www.muistomaisema.fi-sivustoa\" target=\"_new\" rel=\"noopener\" data-start=\"723\" data-end=\"752\">www.muistomaisema.fi\n \u306e\u30a6\u30a7\u30d6\u30b5\u30a4\u30c8<\/a>\u672c\u30b5\u30a4\u30c8\u3067\u306f\u3001\u30e6\u30fc\u30b6\u30fc\u304c\u30d0\u30fc\u30c1\u30e3\u30eb\u306a\u8ffd\u60bc\u308d\u3046\u305d\u304f\u3092\u6b8b\u3059\u3053\u3068\u304c\u3067\u304d\u307e\u3059\u3002\n\u672c\u30b5\u30a4\u30c8\u3067\u306f\u500b\u4eba\u60c5\u5831\u3092\u7a4d\u6975\u7684\u306b\u53ce\u96c6\u3057\u3066\u3044\u307e\u305b\u3093\u304c\u3001\u30e6\u30fc\u30b6\u30fc\u306f\u3001\u8ffd\u60bc\u306e\u5bfe\u8c61\u3068\u306a\u308b\u4eba\u7269\u3001\u30da\u30c3\u30c8\u3001\u307e\u305f\u306f\u51fa\u6765\u4e8b\u306b\u95a2\u3059\u308b\u60c5\u5831\u3092\u4efb\u610f\u3067\u5165\u529b\u3059\u308b\u3053\u3068\u304c\u3042\u308a\u307e\u3059\u3002<\/p><hr data-start=\"993\" data-end=\"996\" \/><h3 data-start=\"998\" data-end=\"1060\">3. \u500b\u4eba\u30c7\u30fc\u30bf\u306e\u5229\u7528\u76ee\u7684\u304a\u3088\u3073\u6cd5\u7684\u6839\u62e0<\/h3><p data-start=\"1062\" data-end=\"1194\">\u5229\u7528\u76ee\u7684\uff1a<br data-start=\"1083\" data-end=\"1086\" \/>\u30e6\u30fc\u30b6\u30fc\u304c\u4efb\u610f\u3067\u63d0\u4f9b\u3057\u305f\u60c5\u5831\u3092\u3001\u30d0\u30fc\u30c1\u30e3\u30eb\u306a\u8a18\u61b6\u306e\u98a8\u666f\u306e\u4e00\u90e8\u3068\u3057\u3066\u4fdd\u5b58\u30fb\u8868\u793a\u3059\u308b\u3053\u3068\u3002<\/p><p data-start=\"1196\" data-end=\"1421\">\u6cd5\u7684\u6839\u62e0\uff1a<\/p><p data-path-to-node=\"6,1,0\">\u7121\u6599\u306e\u308d\u3046\u305d\u304f\uff1a\u500b\u4eba\u30c7\u30fc\u30bf\u306e\u51e6\u7406\u306f\u3001\u30e6\u30fc\u30b6\u30fc\u306e\u540c\u610f\u306b\u57fa\u3065\u3044\u3066\u884c\u308f\u308c\u307e\u3059\u3002\n\u60c5\u5831\u306e\u63d0\u4f9b\u306f\u5b8c\u5168\u306b\u4efb\u610f\u3067\u3042\u308a\u3001\u60c5\u5831\u3092\u5165\u529b\u3059\u308b\u3053\u3068\u306f\u3001\u672c\u30d7\u30e9\u30a4\u30d0\u30b7\u30fc\u30dd\u30ea\u30b7\u30fc\u306b\u5f93\u3063\u305f\u30c7\u30fc\u30bf\u51e6\u7406\u3078\u306e\u540c\u610f\u3068\u307f\u306a\u3055\u308c\u307e\u3059\u3002<\/p><p data-path-to-node=\"6,1,1,0,0\">\u6709\u6599\u306e\u308d\u3046\u305d\u304f\uff1a\u30c7\u30fc\u30bf\u306e\u51e6\u7406\u306f\u5951\u7d04\u306b\u57fa\u3065\u3044\u3066\u884c\u308f\u308c\u307e\u3059\u3002\n\u9078\u629e\u3055\u308c\u305f\u671f\u9593\u306b\u308f\u305f\u308a\u3001\u30e6\u30fc\u30b6\u30fc\u304c\u6ce8\u6587\u3057\u305f\u30b5\u30fc\u30d3\u30b9\u3092\u63d0\u4f9b\u3059\u308b\u305f\u3081\u306b\u3001\u30c7\u30fc\u30bf\u306e\u4fdd\u5b58\u304c\u5fc5\u8981\u3068\u306a\u308a\u307e\u3059\u3002<\/p><hr data-start=\"1423\" data-end=\"1426\" \/><h3 data-start=\"1428\" data-end=\"1456\">4. \u53d6\u308a\u6271\u3046\u30c7\u30fc\u30bf\u306e\u5185\u5bb9<\/h3><p data-start=\"1457\" data-end=\"1538\">\u672c\u30b5\u30a4\u30c8\u3067\u306f\u3001\u30e6\u30fc\u30b6\u30fc\u304c\u4efb\u610f\u3067\u63d0\u4f9b\u3057\u305f\u4ee5\u4e0b\u306e\u60c5\u5831\u3092\u53d6\u308a\u6271\u3046\u5834\u5408\u304c\u3042\u308a\u307e\u3059\uff1a<\/p><ul data-start=\"1540\" data-end=\"1750\"><li data-start=\"1540\" data-end=\"1565\"><p data-start=\"1542\" data-end=\"1565\">\u6c0f\u540d\u307e\u305f\u306f\u305d\u306e\u4ed6\u306e\u8b58\u5225\u60c5\u5831<\/p><\/li><li data-start=\"1566\" data-end=\"1639\"><p data-start=\"1568\" data-end=\"1639\">\u65e5\u4ed8\uff08\u751f\u5e74\u6708\u65e5\u3084\u6ca1\u5e74\u6708\u65e5\u3001\u307e\u305f\u306f\u51fa\u6765\u4e8b\u306e\u65e5\u4ed8\u306a\u3069\uff09<\/p><\/li><li data-start=\"1640\" data-end=\"1750\"><p data-start=\"1642\" data-end=\"1750\">\u8ffd\u60bc\u306e\u5bfe\u8c61\u3068\u306a\u308b\u4eba\u7269\u3001\u30da\u30c3\u30c8\u3001\u307e\u305f\u306f\u51fa\u6765\u4e8b\u306b\u95a2\u3057\u3066\u3001\u30e6\u30fc\u30b6\u30fc\u304c\u4efb\u610f\u3067\u5165\u529b\u3059\u308b\u305d\u306e\u4ed6\u306e\u60c5\u5831<\/p><\/li><\/ul><hr data-start=\"1752\" data-end=\"1755\" \/><h3 data-start=\"1757\" data-end=\"1802\">5. \u30c7\u30fc\u30bf\u306e\u4fdd\u5b58\u671f\u9593\u304a\u3088\u3073\u524a\u9664<\/h3><p data-start=\"1803\" data-end=\"2036\">\u5165\u529b\u3055\u308c\u305f\u60c5\u5831\u306f\u3001\u6700\u592724\u6642\u9593\uff08\u7121\u6599\u306e\u308d\u3046\u305d\u304f\uff09\u306e\u307f\u4fdd\u5b58\u3055\u308c\u307e\u3059\u3002\n\u6709\u6599\u306e\u308d\u3046\u305d\u304f\u306e\u5834\u5408\u3001\u30e6\u30fc\u30b6\u30fc\u304c\u9078\u629e\u3057\u305f\u7a2e\u985e\u306b\u5fdc\u3058\u3066\u30017\u65e5\u9593\u307e\u305f\u306f14\u65e5\u9593\u4fdd\u5b58\u3055\u308c\u307e\u3059\u3002\n\u305d\u306e\u5f8c\u3001\u30c7\u30fc\u30bf\u306f\u81ea\u52d5\u7684\u306b\u524a\u9664\u3055\u308c\u307e\u3059\u3002<\/p><hr data-start=\"2038\" data-end=\"2041\" \/><h3 data-start=\"2043\" data-end=\"2062\">6. \u30c7\u30fc\u30bf\u306e\u5b89\u5168\u7ba1\u7406<b data-path-to-node=\"14\" data-index-in-node=\"0\"> \u304a\u3088\u3073\u30b5\u30fc\u30d3\u30b9\u63d0\u4f9b\u8005<\/b><\/h3><p data-path-to-node=\"14\">Tiedot tallennetaan kolmannen osapuolen palveluntarjoajan (Polar55) suojatulle palvelimelle. Maksut k\u00e4sittelee Stripe (Stripe Payments Europe, Ltd.), joka toimii rekisterinpit\u00e4j\u00e4n\u00e4 omien maksutietojensa osalta. Sivusto ei tallenna maksukorttitietoja.<\/p><ul data-path-to-node=\"15\"><li><p data-path-to-node=\"15,0,0\">Lis\u00e4tietoja Polar55:n tietosuojasta: <a class=\"ng-star-inserted\" href=\"https:\/\/polar55.com\/privacy-policy\/\" target=\"_blank\" rel=\"noopener\" data-hveid=\"3\">tietosuojaseloste<\/a><\/p><\/li><li><p data-path-to-node=\"15,1,0\">Stripe \u306e\u30d7\u30e9\u30a4\u30d0\u30b7\u30fc\u306b\u95a2\u3059\u308b\u8a73\u7d30\uff1a <a class=\"ng-star-inserted\" href=\"https:\/\/stripe.com\/privacy\" target=\"_blank\" rel=\"noopener\" data-hveid=\"4\">stripe.com\/privacy<\/a><\/p><\/li><\/ul><hr data-start=\"2038\" data-end=\"2041\" \/><h3 data-start=\"2043\" data-end=\"2062\">7. <b data-path-to-node=\"16\" data-index-in-node=\"0\">\u30af\u30c3\u30ad\u30fc\u3068\u30a2\u30af\u30bb\u30b9\u89e3\u6790<\/b><\/h3><p data-path-to-node=\"16\">\u672c\u30b5\u30a4\u30c8\u3067\u306f\u3001\u8a2a\u554f\u8005\u6570\u3084\u30b5\u30a4\u30c8\u306e\u5229\u7528\u72b6\u6cc1\u3092\u5206\u6790\u3059\u308b\u305f\u3081\u306b Google Analytics \u3092\u4f7f\u7528\u3057\u3066\u3044\u307e\u3059\u3002\n\u3053\u306e\u30b5\u30fc\u30d3\u30b9\u306f\u3001\u30e6\u30fc\u30b6\u30fc\u306e\u30c7\u30d0\u30a4\u30b9\u306b\u30af\u30c3\u30ad\u30fc\u3092\u4fdd\u5b58\u3057\u307e\u3059\u3002\n\u53ce\u96c6\u3055\u308c\u305f\u30c7\u30fc\u30bf\uff08IP \u30a2\u30c9\u30ec\u30b9\u306a\u3069\uff09\u306f Google \u306e\u30b5\u30fc\u30d0\u30fc\u306b\u4fdd\u5b58\u3055\u308c\u307e\u3059\u3002\n\u3053\u308c\u3089\u306e\u60c5\u5831\u306f\u3001\u30b5\u30a4\u30c8\u306e\u5229\u7528\u4f53\u9a13\u3092\u5411\u4e0a\u3055\u305b\u308b\u76ee\u7684\u3067\u4f7f\u7528\u3055\u308c\u307e\u3059\u3002\n\u8a73\u7d30\u306b\u3064\u3044\u3066\u306f\u3053\u3061\u3089\u3092\u3054\u89a7\u304f\u3060\u3055\u3044\uff1a <a class=\"ng-star-inserted\" href=\"https:\/\/policies.google.com\/privacy\" target=\"_blank\" rel=\"noopener\" data-hveid=\"5\">Google Privacy &amp; Terms<\/a>\u307e\u305f\u3001\u30b5\u30a4\u30c8\u306e\u6280\u8853\u7684\u306a\u72b6\u6cc1\u3092\u76e3\u8996\u3059\u308b\u305f\u3081\u306b Google Search Console \u3082\u4f7f\u7528\u3057\u3066\u3044\u307e\u3059\u3002<\/p><hr data-start=\"2530\" data-end=\"2533\" \/><h3 data-start=\"2535\" data-end=\"2566\">8. \u30c7\u30fc\u30bf\u4e3b\u4f53\u306e\u6a29\u5229<\/h3><p data-start=\"2567\" data-end=\"2659\">\u5165\u529b\u3057\u305f\u60c5\u5831\u304c\u500b\u4eba\u30c7\u30fc\u30bf\u306b\u8a72\u5f53\u3059\u308b\u5834\u5408\u3001\u4ee5\u4e0b\u306e\u6a29\u5229\u304c\u3042\u308a\u307e\u3059\uff1a<\/p><ul data-start=\"2661\" data-end=\"3027\"><li data-start=\"2661\" data-end=\"2749\"><p data-start=\"2663\" data-end=\"2749\">\u30c7\u30fc\u30bf\u3078\u306e\u30a2\u30af\u30bb\u30b9\u6a29\uff1a\u5f53\u30b5\u30a4\u30c8\u304c\u3069\u306e\u3088\u3046\u306a\u500b\u4eba\u30c7\u30fc\u30bf\u3092\u51e6\u7406\u3057\u3066\u3044\u308b\u304b\u306b\u3064\u3044\u3066\u3001\u60c5\u5831\u3092\u8acb\u6c42\u3059\u308b\u3053\u3068\u304c\u3067\u304d\u307e\u3059\u3002<\/p><\/li><li data-start=\"2750\" data-end=\"2851\"><p data-start=\"2752\" data-end=\"2851\">\u30c7\u30fc\u30bf\u306e\u8a02\u6b63\u3092\u6c42\u3081\u308b\u6a29\u5229\uff1a\u4e0d\u6b63\u78ba\u307e\u305f\u306f\u4e0d\u5b8c\u5168\u306a\u60c5\u5831\u306e\u4fee\u6b63\u3092\u6c42\u3081\u308b\u3053\u3068\u304c\u3067\u304d\u307e\u3059\u3002<\/p><\/li><li data-start=\"2852\" data-end=\"3027\"><p data-start=\"2854\" data-end=\"3027\">\u30c7\u30fc\u30bf\u306e\u524a\u9664\u3092\u6c42\u3081\u308b\u6a29\u5229\uff1a\u3054\u81ea\u8eab\u306e\u30c7\u30fc\u30bf\u306e\u524a\u9664\u3092\u6c42\u3081\u308b\u3053\u3068\u304c\u3067\u304d\u307e\u3059\u3002\n\u30c7\u30fc\u30bf\u306f\u5b9a\u3081\u3089\u308c\u305f\u671f\u9593\u306e\u7d4c\u904e\u5f8c\u306b\u81ea\u52d5\u7684\u306b\u524a\u9664\u3055\u308c\u307e\u3059\u304c\u3001\u5373\u6642\u306e\u524a\u9664\u3092\u4f9d\u983c\u3059\u308b\u3053\u3068\u3082\u53ef\u80fd\u3067\u3059\u3002<\/p><\/li><\/ul><p data-start=\"3029\" data-end=\"3271\">\u4e0a\u8a18\u306e\u9023\u7d61\u5148\u3092\u901a\u3058\u3066\u30c7\u30fc\u30bf\u7ba1\u7406\u8005\u306b\u9023\u7d61\u3057\u3001\u3053\u308c\u3089\u306e\u6a29\u5229\u3092\u884c\u4f7f\u3059\u308b\u3053\u3068\u304c\u3067\u304d\u307e\u3059\u3002\n\u307e\u305f\u3001\u500b\u4eba\u30c7\u30fc\u30bf\u306e\u53d6\u308a\u6271\u3044\u304c\u30c7\u30fc\u30bf\u4fdd\u8b77\u6cd5\u4ee4\u306b\u9055\u53cd\u3057\u3066\u3044\u308b\u3068\u8003\u3048\u308b\u5834\u5408\u3001\u6240\u7ba1\u306e\u30c7\u30fc\u30bf\u4fdd\u8b77\u5f53\u5c40\u306b\u82e6\u60c5\u3092\u7533\u3057\u7acb\u3066\u308b\u6a29\u5229\u304c\u3042\u308a\u307e\u3059\u3002<\/p><hr data-start=\"3273\" data-end=\"3276\" \/><h3 data-start=\"3278\" data-end=\"3316\">9. \u30d7\u30e9\u30a4\u30d0\u30b7\u30fc\u30dd\u30ea\u30b7\u30fc\u306e\u5909\u66f4<\/h3><p data-start=\"3317\" data-end=\"3470\">\u672c\u30d7\u30e9\u30a4\u30d0\u30b7\u30fc\u30dd\u30ea\u30b7\u30fc\u306f\u3001\u5fc5\u8981\u306b\u5fdc\u3058\u3066\u66f4\u65b0\u3055\u308c\u308b\u5834\u5408\u304c\u3042\u308a\u307e\u3059\u3002\n\u5909\u66f4\u5185\u5bb9\u306f\u672c\u30b5\u30a4\u30c8\u306b\u63b2\u8f09\u3055\u308c\u3001\u91cd\u8981\u306a\u5909\u66f4\u306b\u3064\u3044\u3066\u306f\u3001\u53ef\u80fd\u306a\u9650\u308a\u5225\u9014\u304a\u77e5\u3089\u305b\u3057\u307e\u3059\u3002<\/p><hr data-start=\"3472\" data-end=\"3475\" \/><h3 data-start=\"3477\" data-end=\"3498\">10. \u304a\u554f\u3044\u5408\u308f\u305b<\/h3><p data-start=\"3499\" data-end=\"3633\">\u672c\u30d7\u30e9\u30a4\u30d0\u30b7\u30fc\u30dd\u30ea\u30b7\u30fc\u307e\u305f\u306f\u500b\u4eba\u30c7\u30fc\u30bf\u306e\u53d6\u308a\u6271\u3044\u306b\u3064\u3044\u3066\u3054\u8cea\u554f\u304c\u3042\u308b\u5834\u5408\u306f\u3001\u4e0a\u8a18\u306e\u9023\u7d61\u5148\u307e\u3067\u304a\u554f\u3044\u5408\u308f\u305b\u304f\u3060\u3055\u3044\u3002<\/p><hr data-start=\"3635\" data-end=\"3638\" \/><p data-start=\"3640\" data-end=\"3775\">\u3053\u308c\u3089\u306e\u7ffb\u8a33\u306f\u3001\u5229\u7528\u8005\u306e\u5229\u4fbf\u6027\u5411\u4e0a\u306e\u305f\u3081\u306b\u63d0\u4f9b\u3055\u308c\u3066\u3044\u307e\u3059\u3002\n\u89e3\u91c8\u306b\u76f8\u9055\u304c\u751f\u3058\u305f\u5834\u5408\u306f\u3001\u5fc5\u8981\u306b\u5fdc\u3058\u3066\u30d5\u30a3\u30f3\u30e9\u30f3\u30c9\u8a9e\u306e\u539f\u6587\u3092\u53c2\u7167\u3057\u3066\u304f\u3060\u3055\u3044\u3002<\/p>\t\t\t\t\t\t\t\t<\/div>\n\t\t\t\t<\/div>\n\t\t\t\t<\/div>\n\t\t\t\t<\/div>","protected":false},"excerpt":{"rendered":"<p>Tietosuojaseloste 1. Rekisterinpit\u00e4j\u00e4 Muistomaisema.fi \/ Karoliina PaappaYhteystiedot:\u00a0karoliina.paappa(a)gmail.com 2. Tietosuojaselosteen soveltamisala T\u00e4m\u00e4 tietosuojaseloste koskee www.muistomaisema.fi-sivustoa, jossa k\u00e4ytt\u00e4j\u00e4t voivat j\u00e4tt\u00e4\u00e4 virtuaalisia muistokynttil\u00f6it\u00e4. Vaikka sivustolla ei aktiivisesti ker\u00e4t\u00e4 henkil\u00f6tietoja, k\u00e4ytt\u00e4j\u00e4t voivat vapaaehtoisesti sy\u00f6tt\u00e4\u00e4 tietoja, jotka liittyv\u00e4t muistettavaan henkil\u00f6\u00f6n, lemmikkiin tai tapahtumaan. 3. Henkil\u00f6tietojen k\u00e4sittelyn tarkoitus ja oikeusperuste K\u00e4sittelyn tarkoitus:K\u00e4ytt\u00e4jien vapaaehtoisesti antamien tietojen tallentaminen ja n\u00e4ytt\u00e4minen osana virtuaalista muistomaisemaa. [&hellip;]<\/p>","protected":false},"author":1,"featured_media":0,"parent":0,"menu_order":0,"comment_status":"closed","ping_status":"closed","template":"","meta":{"footnotes":""},"class_list":["post-3","page","type-page","status-publish","hentry"],"_links":{"self":[{"href":"https:\/\/www.muistomaisema.fi\/ja\/wp-json\/wp\/v2\/pages\/3","targetHints":{"allow":["GET"]}}],"collection":[{"href":"https:\/\/www.muistomaisema.fi\/ja\/wp-json\/wp\/v2\/pages"}],"about":[{"href":"https:\/\/www.muistomaisema.fi\/ja\/wp-json\/wp\/v2\/types\/page"}],"author":[{"embeddable":true,"href":"https:\/\/www.muistomaisema.fi\/ja\/wp-json\/wp\/v2\/users\/1"}],"replies":[{"embeddable":true,"href":"https:\/\/www.muistomaisema.fi\/ja\/wp-json\/wp\/v2\/comments?post=3"}],"version-history":[{"count":73,"href":"https:\/\/www.muistomaisema.fi\/ja\/wp-json\/wp\/v2\/pages\/3\/revisions"}],"predecessor-version":[{"id":592,"href":"https:\/\/www.muistomaisema.fi\/ja\/wp-json\/wp\/v2\/pages\/3\/revisions\/592"}],"wp:attachment":[{"href":"https:\/\/www.muistomaisema.fi\/ja\/wp-json\/wp\/v2\/media?parent=3"}],"curies":[{"name":"wp","href":"https:\/\/api.w.org\/{rel}","templated":true}]}}