{"id":443,"date":"2025-04-07T10:54:19","date_gmt":"2025-04-07T07:54:19","guid":{"rendered":"https:\/\/www.muistomaisema.fi\/?page_id=443"},"modified":"2026-02-16T17:05:50","modified_gmt":"2026-02-16T14:05:50","slug":"kayttoehdot","status":"publish","type":"page","link":"https:\/\/www.muistomaisema.fi\/es\/terminos-de-uso\/","title":{"rendered":"T\u00e9rminos de uso"},"content":{"rendered":"<div data-elementor-type=\"wp-page\" data-elementor-id=\"443\" class=\"elementor elementor-443\">\n\t\t\t\t<div class=\"elementor-element elementor-element-242ec5bd e-flex e-con-boxed e-con e-parent\" data-id=\"242ec5bd\" data-element_type=\"container\" data-e-type=\"container\">\n\t\t\t\t\t<div class=\"e-con-inner\">\n\t\t\t\t<div class=\"elementor-element elementor-element-dc2eb92 elementor-widget elementor-widget-spacer\" data-id=\"dc2eb92\" data-element_type=\"widget\" data-e-type=\"widget\" data-widget_type=\"spacer.default\">\n\t\t\t\t<div class=\"elementor-widget-container\">\n\t\t\t\t\t\t\t<div class=\"elementor-spacer\">\n\t\t\t<div class=\"elementor-spacer-inner\"><\/div>\n\t\t<\/div>\n\t\t\t\t\t\t<\/div>\n\t\t\t\t<\/div>\n\t\t\t\t<div class=\"elementor-element elementor-element-6f4250ad elementor-widget elementor-widget-text-editor\" data-id=\"6f4250ad\" data-element_type=\"widget\" data-e-type=\"widget\" data-widget_type=\"text-editor.default\">\n\t\t\t\t<div class=\"elementor-widget-container\">\n\t\t\t\t\t\t\t\t\t<h1 data-start=\"332\" data-end=\"365\"><strong data-start=\"334\" data-end=\"365\">T\u00e9rminos de uso<br \/><\/strong><\/h1><p data-start=\"332\" data-end=\"365\">4.1.2026<\/p><h2 data-start=\"403\" data-end=\"430\">1. Proveedor del servicio<\/h2><p data-start=\"431\" data-end=\"470\">El sitio web Muistomaisema.fi es mantenido por:<\/p><p data-start=\"472\" data-end=\"565\">Karoliina Paappa<br data-start=\"492\" data-end=\"495\" \/>NIF: 2775561-4<br \/>N\u00famero de IVA: FI27755614<br data-start=\"518\" data-end=\"521\" \/>Correo electr\u00f3nico: karoliina.paappa(a)gmail.com<\/p><p data-start=\"567\" data-end=\"765\">Muistomaisema es un proyecto art\u00edstico mantenido a peque\u00f1a escala por una persona particular. Las velas de pago son una forma de apoyo al servicio y no constituyen una tienda en l\u00ednea a gran escala.<\/p><hr data-start=\"767\" data-end=\"770\" \/><h2 data-start=\"772\" data-end=\"795\">2. Descripci\u00f3n del servicio<\/h2><p data-start=\"796\" data-end=\"881\">En el sitio web, el usuario puede encender velas virtuales y escribir palabras de recuerdo.<\/p><hr data-start=\"883\" data-end=\"886\" \/><h2 data-start=\"888\" data-end=\"919\">3. Tipos de velas y duraci\u00f3n<\/h2><p data-start=\"294\" data-end=\"330\">En el sitio web hay tres tipos de velas:<\/p><ul data-start=\"332\" data-end=\"495\"><li data-start=\"332\" data-end=\"374\"><p data-start=\"334\" data-end=\"374\">Vela gratuita, duraci\u00f3n de 24 horas<\/p><\/li><li data-start=\"375\" data-end=\"417\"><p data-start=\"377\" data-end=\"417\">Vela plateada, duraci\u00f3n de 7 d\u00edas<\/p><\/li><li data-start=\"418\" data-end=\"460\"><p data-start=\"420\" data-end=\"460\">Vela dorada, duraci\u00f3n de 14 d\u00edas<\/p><\/li><\/ul><p data-start=\"497\" data-end=\"557\">Las velas se eliminan autom\u00e1ticamente una vez finalizada su duraci\u00f3n.<\/p><hr data-start=\"1134\" data-end=\"1137\" \/><h2 data-start=\"1139\" data-end=\"1168\">4. Velas de pago<\/h2><p class=\"query-text-line ng-star-inserted\">Cuando solicitas una vela de pago, el pedido se considera confirmado tras la recepci\u00f3n del pago. Los pagos se procesan de forma segura a trav\u00e9s de Stripe (Stripe Payments Europe, Ltd.). Muistomaisema.fi no recibe ni almacena los datos de tus tarjetas de pago.<\/p><p class=\"query-text-line ng-star-inserted\">Con el pago, me encargo de que tu vela y tus palabras de recuerdo permanezcan visibles durante el periodo seleccionado (7 o 14 d\u00edas). La informaci\u00f3n asociada a la vela se conserva en el servicio durante dicho periodo.<\/p><p class=\"query-text-line ng-star-inserted\">Dado que se trata de un servicio digital que se presta de forma inmediata, no existe derecho de desistimiento, salvo en caso de que se produzca un error t\u00e9cnico en el pago.<\/p><p class=\"query-text-line ng-star-inserted\">Si el pago se completa correctamente pero la vela no se enciende, ponte en contacto con la direcci\u00f3n indicada en el apartado 9.<\/p><hr data-start=\"1538\" data-end=\"1541\" \/><h2 data-start=\"1543\" data-end=\"1578\">5. Responsabilidad del usuario sobre el contenido<\/h2><p data-start=\"1579\" data-end=\"1693\">El usuario es responsable del contenido que escribe.<br data-start=\"1628\" data-end=\"1631\" \/>El proveedor del servicio se reserva el derecho de eliminar mensajes que sean:<\/p><ul data-start=\"1695\" data-end=\"1813\"><li data-start=\"1695\" data-end=\"1709\"><p data-start=\"1697\" data-end=\"1709\">ofensivos<\/p><\/li><li data-start=\"1710\" data-end=\"1727\"><p data-start=\"1712\" data-end=\"1727\">ilegales<\/p><\/li><li data-start=\"1728\" data-end=\"1741\"><p data-start=\"1730\" data-end=\"1741\">publicitarios<\/p><\/li><li data-start=\"1742\" data-end=\"1786\"><p data-start=\"1744\" data-end=\"1786\">que vulneren la privacidad de otra persona<\/p><\/li><li data-start=\"1787\" data-end=\"1813\"><p data-start=\"1789\" data-end=\"1813\">t\u00e9cnicamente perjudiciales<\/p><\/li><\/ul><hr data-start=\"1815\" data-end=\"1818\" \/><h2 data-start=\"1820\" data-end=\"1848\">6. Derechos de propiedad intelectual<\/h2><p data-start=\"1849\" data-end=\"2022\">El paisaje, los gr\u00e1ficos, las ilustraciones, el dise\u00f1o visual del sitio web y la implementaci\u00f3n t\u00e9cnica del complemento de WordPress Muistomaisema son propiedad intelectual de Karoliina Paappa. El usuario no puede copiarlos ni utilizarlos con fines comerciales.<\/p><p data-start=\"2024\" data-end=\"2142\">Las palabras de recuerdo escritas por el usuario se muestran p\u00fablicamente como parte del servicio, pero el usuario conserva sus propios derechos sobre ellas.<\/p><hr data-start=\"2144\" data-end=\"2147\" \/><h2 data-start=\"2149\" data-end=\"2195\">7. Disponibilidad del servicio y fallos t\u00e9cnicos<\/h2><p data-start=\"2196\" data-end=\"2488\">Muistomaisema es un servicio digital art\u00edstico que se mantiene a peque\u00f1a escala. El servicio puede experimentar interrupciones ocasionales o fallos t\u00e9cnicos, por ejemplo durante tareas de mantenimiento o actualizaciones. Por razones t\u00e9cnicas, velas individuales o palabras de recuerdo pueden eliminarse o desaparecer de forma prematura. En tales casos, el responsable del servicio no asume responsabilidad por posibles perjuicios. El responsable tampoco se hace responsable de da\u00f1os indirectos ni de la p\u00e9rdida de datos.<\/p><hr data-start=\"2490\" data-end=\"2493\" \/><h2 data-start=\"2495\" data-end=\"2522\">8. Cambios en el servicio<\/h2><p data-start=\"2523\" data-end=\"2669\">El responsable del servicio puede actualizar, modificar o eliminar las funciones del servicio.<br data-start=\"2592\" data-end=\"2595\" \/>Las condiciones de uso pueden actualizarse, y la versi\u00f3n m\u00e1s reciente se publicar\u00e1 en esta p\u00e1gina.<\/p><hr data-start=\"2671\" data-end=\"2674\" \/><h2 data-start=\"2676\" data-end=\"2716\">9. Problemas y contacto<\/h2><p data-start=\"2717\" data-end=\"2782\">Si se producen errores en el servicio o una vela de pago no se enciende:<\/p><p data-start=\"2784\" data-end=\"2832\">karoliina.paappa(a)gmail.com<\/p><p data-start=\"2834\" data-end=\"2977\">Se procura responder a los mensajes lo antes posible, pero dado que se trata de un proyecto art\u00edstico de una persona particular, los tiempos de respuesta pueden variar.<\/p><hr data-start=\"2671\" data-end=\"2674\" \/><h2 data-start=\"2676\" data-end=\"2716\">10. <b data-path-to-node=\"4\" data-index-in-node=\"0\">Protecci\u00f3n de datos y cookies<\/b><\/h2><p data-start=\"2834\" data-end=\"2977\">K\u00e4ytt\u00e4m\u00e4ll\u00e4 palvelua hyv\u00e4ksyt tietosuojaselosteen mukaisen tietojen k\u00e4sittelyn. Sivustolla k\u00e4ytet\u00e4\u00e4n ev\u00e4steit\u00e4 ja Google Analytics -palvelua k\u00e4vij\u00e4seurantaan sivuston parantamiseksi. Lis\u00e4tietoja l\u00f6yd\u00e4t tietosuojaselosteesta.<\/p><hr data-start=\"2979\" data-end=\"2982\" \/><h2 data-start=\"2984\" data-end=\"3014\">M\u00e1s informaci\u00f3n sobre la autora<\/h2><p data-start=\"3015\" data-end=\"3166\">Muistomaisema es un proyecto art\u00edstico de Karoliina Paappa.<br data-start=\"3075\" data-end=\"3078\" \/>Puedes conocer el resto del trabajo de la artista aqu\u00ed:<br data-start=\"3132\" data-end=\"3135\" \/><a class=\"decorated-link cursor-pointer\" href=\"https:\/\/www.karoliinapaappa.fi\/\" target=\"_new\" rel=\"noopener\" data-start=\"3137\" data-end=\"3164\">https:\/\/karoliinapaappa.fi<\/a><\/p>\t\t\t\t\t\t\t\t<\/div>\n\t\t\t\t<\/div>\n\t\t\t\t\t<\/div>\n\t\t\t\t<\/div>\n\t\t\t\t<\/div>","protected":false},"excerpt":{"rendered":"<p>K\u00e4ytt\u00f6ehdot 4.1.2026 1. Palvelun yll\u00e4pit\u00e4j\u00e4 Muistomaisema.fi -sivustoa yll\u00e4pit\u00e4\u00e4: Karoliina PaappaY-tunnus: 2775561-4ALV-numero: FI27755614S\u00e4hk\u00f6posti: karoliina.paappa(a)gmail.com Muistomaisema on taiteellinen projekti, jota yll\u00e4pidet\u00e4\u00e4n pienimuotoisesti yksityishenkil\u00f6n toimesta. Maksulliset kynttil\u00e4t ovat palvelun tukimuoto, eiv\u00e4tk\u00e4 ne muodosta laajamittaista verkkokauppaa. 2. Palvelun kuvaus Sivustolla k\u00e4ytt\u00e4j\u00e4 voi sytytt\u00e4\u00e4 virtuaalisia kynttil\u00f6it\u00e4 ja kirjoittaa muistosanoja. 3. Kynttil\u00e4tyypit ja kesto Sivustolla on nelj\u00e4 kynttil\u00e4tyyppi\u00e4: Ilmainen kynttil\u00e4, kesto [&hellip;]<\/p>","protected":false},"author":1,"featured_media":0,"parent":0,"menu_order":0,"comment_status":"closed","ping_status":"closed","template":"","meta":{"footnotes":""},"class_list":["post-443","page","type-page","status-publish","hentry"],"_links":{"self":[{"href":"https:\/\/www.muistomaisema.fi\/es\/wp-json\/wp\/v2\/pages\/443","targetHints":{"allow":["GET"]}}],"collection":[{"href":"https:\/\/www.muistomaisema.fi\/es\/wp-json\/wp\/v2\/pages"}],"about":[{"href":"https:\/\/www.muistomaisema.fi\/es\/wp-json\/wp\/v2\/types\/page"}],"author":[{"embeddable":true,"href":"https:\/\/www.muistomaisema.fi\/es\/wp-json\/wp\/v2\/users\/1"}],"replies":[{"embeddable":true,"href":"https:\/\/www.muistomaisema.fi\/es\/wp-json\/wp\/v2\/comments?post=443"}],"version-history":[{"count":40,"href":"https:\/\/www.muistomaisema.fi\/es\/wp-json\/wp\/v2\/pages\/443\/revisions"}],"predecessor-version":[{"id":595,"href":"https:\/\/www.muistomaisema.fi\/es\/wp-json\/wp\/v2\/pages\/443\/revisions\/595"}],"wp:attachment":[{"href":"https:\/\/www.muistomaisema.fi\/es\/wp-json\/wp\/v2\/media?parent=443"}],"curies":[{"name":"wp","href":"https:\/\/api.w.org\/{rel}","templated":true}]}}