{"id":36,"date":"2025-04-07T11:20:04","date_gmt":"2025-04-07T11:20:04","guid":{"rendered":"https:\/\/www.muistomaisema.fi\/?page_id=36"},"modified":"2026-02-19T13:13:57","modified_gmt":"2026-02-19T10:13:57","slug":"sytyta-kynttila","status":"publish","type":"page","link":"https:\/\/www.muistomaisema.fi\/es\/enciende-una-vela\/","title":{"rendered":"Enciende una vela"},"content":{"rendered":"<div data-elementor-type=\"wp-page\" data-elementor-id=\"36\" class=\"elementor elementor-36\">\n\t\t\t\t<div class=\"elementor-element elementor-element-ccdbfc8 e-flex e-con-boxed e-con e-parent\" data-id=\"ccdbfc8\" data-element_type=\"container\" data-e-type=\"container\">\n\t\t\t\t\t<div class=\"e-con-inner\">\n\t\t\t\t<div class=\"elementor-element elementor-element-cd1e325 elementor-widget__width-inherit elementor-fixed elementor-widget elementor-widget-shortcode\" data-id=\"cd1e325\" data-element_type=\"widget\" data-e-type=\"widget\" data-settings=\"{&quot;_position&quot;:&quot;fixed&quot;}\" data-widget_type=\"shortcode.default\">\n\t\t\t\t<div class=\"elementor-widget-container\">\n\t\t\t\t\t\t\t<div class=\"elementor-shortcode\"><link rel=\"preload\" as=\"image\" fetchpriority=\"high\" href=\"https:\/\/www.muistomaisema.fi\/wp-content\/plugins\/muistomaisema-kynttila\/assets\/Tausta-muistomaisema%20desktop.webp\" \/>\n<link rel=\"preload\" as=\"image\" fetchpriority=\"high\" href=\"https:\/\/www.muistomaisema.fi\/wp-content\/plugins\/muistomaisema-kynttila\/assets\/kynttila%20desktop.webp\" \/>\n<div class=\"wp-muistomaisema-kynttila\">\n    <h1 class=\"screen-reader-text\">Enciende una vela<\/h1>\n    \n    <!-- Global atmospheric overlay -->\n    <div id=\"mm-global-atmosphere\"><\/div>\n\n    <div id=\"counterBox\" style=\"min-height: 60px; box-sizing: border-box; padding: 8px 12px; position: fixed; bottom: calc(env(safe-area-inset-bottom, 20px) + 35px); right: 20px; transform: translateY(calc(50% + 15px)); background: rgba(0, 0, 0, .3); color: #fff; border-radius: 10px; font-family: 'UnifrakturCook', serif; font-size: 11.5px; z-index: 3100; width: auto; max-width: 200px;\">\n      <!-- Desktop version: full text -->\n      <span class=\"label counter-desktop\">Encendidas ahora:<\/span>\n      <span id=\"candleActiveCount\" class=\"counter-desktop\">0<\/span>\n      <small class=\"total counter-desktop\">Encendidas en total:        <span id=\"candleTotalCount\">1148<\/span><\/small>\n      <!-- Mobile version: numbers only with slash -->\n      <span class=\"counter-mobile\">\n        <span id=\"candleActiveCountMobile\">0<\/span> \/ <span id=\"candleTotalCountMobile\">1148<\/span>\n      <\/span>\n    <\/div>\n\n    <div id=\"scene\">\n            <img fetchpriority=\"high\" id=\"scene-bg\"\n           src=\"https:\/\/www.muistomaisema.fi\/wp-content\/plugins\/muistomaisema-kynttila\/assets\/Tausta-muistomaisema%20desktop.webp\"\n           data-desktop=\"https:\/\/www.muistomaisema.fi\/wp-content\/plugins\/muistomaisema-kynttila\/assets\/Tausta-muistomaisema%20desktop.webp\"\n           data-tablet=\"https:\/\/www.muistomaisema.fi\/wp-content\/plugins\/muistomaisema-kynttila\/assets\/Tausta-muistomaisema%20desktop.webp\"\n           data-mobile=\"https:\/\/www.muistomaisema.fi\/wp-content\/plugins\/muistomaisema-kynttila\/assets\/Tausta-muistomaisema-mobiili.webp\"\n           alt=\"\"\n           width=\"1536\"\n           height=\"1024\"\n           style=\"position:absolute;inset:0;width:100%;height:100%;object-fit:contain;min-height:50vh;\"\n           loading=\"eager\"\n           decoding=\"async\"\n      >\n    <\/div>\n    <!-- Premium-box: piilossa CLS-ongelman est\u00e4miseksi (layout-vakaus) -->\n    <div class=\"mmk-premium-box\" style=\"min-height: 400px; box-sizing: border-box; content-visibility: auto; contain-intrinsic-size: auto 400px; display: none; visibility: hidden; position: absolute; left: -9999px;\"><\/div>\n\n    <!-- Share fallback -->\n    <div id=\"shareSheet\" class=\"share-sheet\" hidden>\n      <div class=\"sheet\">\n        <div class=\"sheet-title\">Compartir la vela<\/div>\n        <button id=\"shareCopy\" class=\"sheet-btn\">Copiar mensaje y enlace<\/button>\n        <a id=\"shareEmail\" class=\"sheet-btn\" href=\"#\" target=\"_blank\" rel=\"noopener\">Abrir en el correo electr\u00f3nico<\/a>\n        <button id=\"shareClose\" class=\"sheet-close\">Cerrar<\/button>\n      <\/div>\n    <\/div>\n\n    <!-- Sytytysmodaali -->\n    <div id=\"igniteModal\" class=\"mmodal\" hidden>\n      <div class=\"mmodal-backdrop\"><\/div>\n      <div class=\"mmodal-content\" role=\"dialog\" aria-modal=\"true\" aria-labelledby=\"mmodal-title\">\n        <h2 id=\"mmodal-title\" class=\"screen-reader-text\">Enciende una vela conmemorativa<\/h2>\n        <ol class=\"mmodal-steps\">\n          <li class=\"step step-1 active\">\n            <div class=\"ignite-grid\" id=\"igniteGrid\">\n              <section class=\"ignite-panel compose-panel\" id=\"composePanel\">\n                <h2 class=\"compose-main-title compose-title-centered\">Enciende una vela conmemorativa<\/h2>\n                <p class=\"compose-subtitle compose-subtitle-centered\">Elige el tipo de vela; despu\u00e9s pasar\u00e1s a escribir unas palabras de recuerdo.<\/p>\n                <div class=\"mmodal-choice-grid\" aria-label=\"Opciones de vela\">\n  <article class=\"mmodal-choice-card is-free\">\n    <img decoding=\"async\" class=\"mmodal-choice-img\" src=\"https:\/\/www.muistomaisema.fi\/wp-content\/plugins\/muistomaisema-kynttila\/assets\/kynttila%20desktop.webp\" alt=\"\">\n    <h4 class=\"mmodal-choice-title\">Vela gratuita<\/h4>\n    <p class=\"mmodal-choice-meta\">24 h \u00b7 <strong>0 \u20ac<\/strong><\/p>\n    <p class=\"mmodal-choice-desc\">Arde suavemente durante 24 horas.<\/p>\n    <button type=\"button\" id=\"mmodalChooseFree\" class=\"mmodal-btn choice-btn\">Enciende una vela<\/button>\n  <\/article>\n\n  <article class=\"mmodal-choice-card is-silver is-primary\">\n    <img decoding=\"async\" class=\"mmodal-choice-img\" src=\"https:\/\/www.muistomaisema.fi\/wp-content\/plugins\/muistomaisema-kynttila\/assets\/silver%20desktop.webp\" alt=\"\">\n    <h4 class=\"mmodal-choice-title\">Vela plateada<\/h4>\n    <p class=\"mmodal-choice-meta\">7 d\u00edas \u00b7 <strong>2,90 \u20ac<\/strong><\/p>\n    <p class=\"mmodal-choice-desc\">Mant\u00e9n el recuerdo visible un poco m\u00e1s de tiempo.<\/p>\n    <form method=\"POST\" action=\"\" class=\"mmodal-choice-form\" data-etm-original-action=\"\">\n      <input type=\"hidden\" name=\"action\" value=\"mmk_sytyta_kultakynttila\">\n      <input type=\"hidden\" name=\"candle_type\" value=\"silver7\">\n      <input type=\"hidden\" name=\"page_id\" value=\"36\">\n      <input type=\"hidden\" id=\"mmk_stripe_security\" name=\"mmk_stripe_security\" value=\"bc7fd2fb01\" \/><input type=\"hidden\" name=\"_wp_http_referer\" value=\"\/es\/wp-json\/wp\/v2\/pages\/36\" \/>      <button type=\"submit\" class=\"mmodal-btn choice-btn gold\">Enciende una vela<\/button>\n    <input type=\"hidden\" name=\"etm-form-language\" value=\"es\"\/><\/form>\n  <\/article>\n\n  <article class=\"mmodal-choice-card is-gold\">\n    <img decoding=\"async\" class=\"mmodal-choice-img\" src=\"https:\/\/www.muistomaisema.fi\/wp-content\/plugins\/muistomaisema-kynttila\/assets\/golden%20desktop.webp\" alt=\"\">\n    <h4 class=\"mmodal-choice-title\">Vela dorada<\/h4>\n    <p class=\"mmodal-choice-meta\">14 d\u00edas \u00b7 <strong>4,90 \u20ac<\/strong><\/p>\n    <p class=\"mmodal-choice-desc\">Arde suavemente durante 14 d\u00edas.<\/p>\n    <form method=\"POST\" action=\"\" class=\"mmodal-choice-form\" data-etm-original-action=\"\">\n      <input type=\"hidden\" name=\"action\" value=\"mmk_sytyta_kultakynttila\">\n      <input type=\"hidden\" name=\"candle_type\" value=\"gold14\">\n      <input type=\"hidden\" name=\"page_id\" value=\"36\">\n      <input type=\"hidden\" id=\"mmk_stripe_security\" name=\"mmk_stripe_security\" value=\"bc7fd2fb01\" \/><input type=\"hidden\" name=\"_wp_http_referer\" value=\"\/es\/wp-json\/wp\/v2\/pages\/36\" \/>      <button type=\"submit\" class=\"mmodal-btn choice-btn gold\">Enciende una vela<\/button>\n    <input type=\"hidden\" name=\"etm-form-language\" value=\"es\"\/><\/form>\n  <\/article>\n<\/div>\n\n<div class=\"ignite-actions\" style=\"display:none\">\n  <button id=\"mmodalToPlace\" class=\"mmodal-btn primary\" type=\"button\">Continuar<\/button>\n<\/div>\n\n<div class=\"mmodal-stripe-note\">\n  <span class=\"lock\">\ud83d\udd12<\/span> El pago se procesa de forma segura a trav\u00e9s de Stripe (incluye PayPal, Apple Pay, Google Pay, MobilePay y pagos con tarjeta). Al elegir una vela de pago, tambi\u00e9n apoyas el mantenimiento de este sitio. Gracias por tu apoyo.<\/div>\n<\/section>\n\n              <section class=\"ignite-panel premium-panel\" id=\"premiumStandardPanel\" hidden style=\"display:none\">\n                <p class=\"eyebrow\">Velas doradas<\/p>\n                <p class=\"lead\">\n                  Si lo deseas, puedes apoyar el mantenimiento y el desarrollo del sitio encendiendo una vela dorada de mayor duraci\u00f3n.                <\/p>\n                <div class=\"mmodal-premium-grid\">\n                <\/div>\n              <\/section>\n\n              <section class=\"ignite-panel premium-return\" id=\"premiumReturnPanel\" hidden>\n                <p class=\"premium-return-note\">Gracias por tu compra: la vela est\u00e1 lista para encenderse.<\/p>\n                <div class=\"premium-return-text-section\"><label class=\"screen-reader-text\" for=\"engraveInputModalReturn\">A\u00f1adir palabras de recuerdo<\/label>\n\t\t\t\t  <textarea id=\"engraveInputModalReturn\" rows=\"2\" maxlength=\"250\" placeholder=\"Escribe unas palabras de recuerdo (m\u00e1ximo 250 caracteres)\"><\/textarea>\n\t\t\t\t  <p class=\"mmk-compose-help\">Puedes escribir un texto conmemorativo o pasar directamente al siguiente paso pulsando \u201cContinuar\u201d. El texto se mostrar\u00e1 al pasar el cursor sobre la vela o al tocarla en una pantalla t\u00e1ctil.<\/p>\n                <\/div>\n                <button id=\"mmodalPlaceReturn\" class=\"mmodal-btn primary\">\n                  Continuar                <\/button>\n              <\/section>\n            <\/div>\n          <\/li>\n\n          <li class=\"step step-2\" id=\"textStep\">\n            <div class=\"ignite-panel compose-panel text-panel\"><label class=\"screen-reader-text\" for=\"engraveInputModalStep2\">A\u00f1adir palabras de recuerdo<\/label>\n\t\t\t  <textarea id=\"engraveInputModalStep2\" rows=\"2\" maxlength=\"250\" placeholder=\"Escribe unas palabras de recuerdo (m\u00e1ximo 250 caracteres)\"><\/textarea>\n\t\t\t  <p class=\"mmk-compose-help\">Puedes escribir un texto conmemorativo o pasar directamente al siguiente paso pulsando \u201cContinuar\u201d. El texto se mostrar\u00e1 al pasar el cursor sobre la vela o al tocarla en una pantalla t\u00e1ctil.<\/p>\n              <button id=\"mmodalToPlaceFromText\" class=\"mmodal-btn primary text-panel-btn\" type=\"button\">Continuar<\/button>\n            <\/div>\n          <\/li>\n\n          <li class=\"step step-3\">\n            <div class=\"place-instruction\">\n              <p class=\"place-instruction-text\">Elige un lugar para la vela arrastr\u00e1ndola al paisaje. Si no eliges un lugar, la vela se colocar\u00e1 autom\u00e1ticamente. Por \u00faltimo, pulsa Encender la vela.<\/p>\n            <\/div>\n            <button id=\"mmodalLock\" class=\"mmodal-btn primary\">Enciende una vela<\/button>\n          <\/li>\n        <\/ol>\n        <button id=\"mmodalClose\" class=\"mmodal-close\" aria-label=\"Cerrar\">x<\/button>\n      <\/div>\n    <\/div>\n\n\n    <!-- Busy overlay -->\n    <div id=\"busyOverlay\" class=\"busy\" hidden>\n      <div class=\"spinner\"><\/div>\n      <div class=\"busy-text\">Guardando\u2026<\/div>\n    <\/div>\n\n    <!-- Jakamisikkuna (avautuu kynttil\u00e4n sytytt\u00e4misen j\u00e4lkeen) -->\n    <div id=\"shareModal\" class=\"mmodal\" hidden>\n      <div class=\"mmodal-backdrop\"><\/div>\n      <div class=\"mmodal-content\" role=\"dialog\" aria-modal=\"true\" aria-labelledby=\"shareModal-title\">\n        <h2 id=\"shareModal-title\" class=\"screen-reader-text\">Compartir Muistomaisema<\/h2>\n        <div class=\"ignite-panel compose-panel\">\n          <h2 class=\"compose-main-title compose-title-centered\">Tu vela ha sido encendida.<\/h2>\n          <p class=\"compose-subtitle compose-subtitle-centered\">\u00bfQuieres invitar a otros a recordar juntos? Puedes compartir el enlace de Muistomaisema con tus seres queridos.<\/p>\n          \n          <div class=\"share-actions\">\n            <!-- Web Share API (jos tuettu, n\u00e4ytet\u00e4\u00e4n ensimm\u00e4isen\u00e4) -->\n            <button type=\"button\" id=\"shareWebShare\" class=\"mmodal-btn share-btn web-share\" style=\"display: none;\">\n              Compartir            <\/button>\n            \n            <!-- WhatsApp (t\u00e4rkein, ensimm\u00e4inen jos Web Share ei tuettu) -->\n            <button type=\"button\" id=\"shareWhatsApp\" class=\"mmodal-btn share-btn whatsapp\">\n              Compartir en WhatsApp            <\/button>\n            \n            <!-- Facebook -->\n            <button type=\"button\" id=\"shareFacebook\" class=\"mmodal-btn share-btn facebook\">\n              Compartir en Facebook            <\/button>\n            \n            <!-- S\u00e4hk\u00f6posti -->\n            <button type=\"button\" id=\"shareEmail\" class=\"mmodal-btn share-btn email\">\n              Enviar por correo electr\u00f3nico            <\/button>\n            \n            <!-- Kopioi linkki -->\n            <button type=\"button\" id=\"shareCopy\" class=\"mmodal-btn share-btn copy\">\n              Copiar enlace            <\/button>\n          <\/div>\n          \n          <div id=\"shareCopyFeedback\" class=\"share-feedback\" style=\"display: none;\">\n            \u00a1Enlace copiado!          <\/div>\n        <\/div>\n        <button id=\"shareModalClose\" class=\"mmodal-close\" aria-label=\"Cerrar\">x<\/button>\n      <\/div>\n    <\/div>\n\n    <!-- Piilotetut k\u00e4\u00e4nn\u00f6smerkkijonot (k\u00e4\u00e4nn\u00f6splugin l\u00f6yt\u00e4\u00e4 n\u00e4m\u00e4) -->\n    <div style=\"display: none;\" aria-hidden=\"true\">\n      <!-- PlaceBar tekstit -->\n      <span>Elige un lugar para la vela arrastr\u00e1ndola al paisaje. Si no eliges un lugar, la vela se colocar\u00e1 autom\u00e1ticamente. Por \u00faltimo, pulsa Encender la vela.<\/span>\n      <span>Enciende una vela<\/span>\n    <\/div>\n\n    <!-- Alavalikko -->\n    <div class=\"bottom-menu\">\n      <button id=\"igniteBtn\" class=\"bm-btn\" data-icon=\"custom\" aria-pressed=\"false\" aria-label=\"Encender\">\n        <svg viewbox=\"0 0 24 24\" width=\"18\" height=\"18\" aria-hidden=\"true\" xmlns=\"http:\/\/www.w3.org\/2000\/svg\"><path d=\"M12 2c1.2 1.2 1.8 2.5 1.8 3.7 0 1.2-.7 2.2-1.8 2.8-1.1-.6-1.8-1.6-1.8-2.8C10.2 4.5 10.8 3.2 12 2Z\" fill=\"currentColor\"\/><rect x=\"8\" y=\"8.5\" width=\"8\" height=\"11\" rx=\"1.5\" ry=\"1.5\" fill=\"none\" stroke=\"currentColor\" stroke-width=\"1.8\"\/><path d=\"M12 8.5v3.2\" stroke=\"currentColor\" stroke-width=\"1.8\" stroke-linecap=\"round\"\/><path d=\"M9 16.5h6\" stroke=\"currentColor\" stroke-width=\"1.8\" stroke-linecap=\"round\"\/><\/svg><span>Encender<\/span>\n      <\/button>\n      <button id=\"infoBtn\"   class=\"bm-btn\" aria-expanded=\"false\" aria-label=\"Instrucciones\"><svg width=\"18\" height=\"18\" viewbox=\"0 0 24 24\" fill=\"none\" stroke=\"currentColor\" stroke-width=\"2.5\" stroke-linecap=\"round\" stroke-linejoin=\"round\" aria-hidden=\"true\"><circle cx=\"12\" cy=\"12\" r=\"10\"><\/circle><line x1=\"12\" y1=\"16\" x2=\"12\" y2=\"12\"><\/line><line x1=\"12\" y1=\"8\" x2=\"12\" y2=\"8\" stroke-width=\"2.5\"><\/line><\/svg><span>Instrucciones<\/span><\/button>\n      <button id=\"fsBtn\" class=\"bm-btn\" aria-label=\"Pantalla completa\"><svg width=\"18\" height=\"18\" viewbox=\"0 0 24 24\" fill=\"none\" stroke=\"currentColor\" stroke-width=\"2\" aria-hidden=\"true\"><path d=\"M8 3H3v5\"><\/path><path d=\"M16 3h5v5\"><\/path><path d=\"M8 21H3v-5\"><\/path><path d=\"M16 21h5v-5\"><\/path><\/svg><span>Pantalla completa<\/span><\/button>\n            <a href=\"https:\/\/www.muistomaisema.fi\/es\/\" class=\"bm-btn\" aria-label=\"Inicio\"><svg width=\"18\" height=\"18\" viewbox=\"0 0 24 24\" fill=\"none\" stroke=\"currentColor\" stroke-width=\"2\" aria-hidden=\"true\"><path d=\"M3 9l9-7 9 7v11a2 2 0 0 1-2 2H5a2 2 0 0 1-2-2z\"><\/path><polyline points=\"9 22 9 12 15 12 15 22\"><\/polyline><\/svg><span>Inicio<\/span><\/a>\n      <button id=\"hideBtn\" class=\"bm-btn\" aria-label=\"Ocultar\"><svg width=\"18\" height=\"18\" viewbox=\"0 0 24 24\" fill=\"none\" stroke=\"currentColor\" stroke-width=\"2\" aria-hidden=\"true\"><path d=\"M17.94 17.94A10.94 10.94 0 0 1 12 20C7 20 2.73 16.11 1 12c.6-1.36 1.47-2.62 2.53-3.68M9.9 4.24A10.94 10.94 0 0 1 12 4c5 0 9.27 3.89 11 8a11.65 11.65 0 0 1-2.23 3.19M3 3l18 18\"><\/path><path d=\"M14.12 14.12A3 3 0 0 1 9.88 9.88\"><\/path><\/svg><span>Ocultar<\/span><\/button>\n    <\/div>\n\n    <button id=\"menuReopen\" class=\"menu-reopen\" hidden aria-label=\"Abrir men\u00fa\">\n      <svg width=\"18\" height=\"18\" viewbox=\"0 0 24 24\" fill=\"none\" stroke=\"currentColor\" stroke-width=\"2\" aria-hidden=\"true\">\n        <path d=\"M1 12s4-7 11-7 11 7 11 7-4 7-11 7-11-7-11-7Z\"><\/path>\n        <circle cx=\"12\" cy=\"12\" r=\"3\"><\/circle>\n      <\/svg>\n    <\/button>\n\n    <!-- Place Bar -->\n    <div id=\"placeBar\" class=\"placeBar\" hidden>\n      <div class=\"placeBar-inner\">\n        <span class=\"hint\">Elige un lugar para la vela arrastr\u00e1ndola al paisaje. Si no eliges un lugar, la vela se colocar\u00e1 autom\u00e1ticamente. Por \u00faltimo, pulsa Encender la vela.<\/span>\n        <button id=\"placeBarLock\" class=\"mmodal-btn\" type=\"button\">Enciende una vela<\/button>\n      <\/div>\n    <\/div>\n\n    <!-- Ohje -->\n    <div id=\"infoBox\" class=\"mmodal\" hidden>\n      <div class=\"mmodal-backdrop\"><\/div>\n      <div class=\"mmodal-content\" role=\"dialog\" aria-modal=\"true\" aria-labelledby=\"infoBox-title\">\n        <h2 id=\"infoBox-title\" class=\"screen-reader-text\">Instrucciones<\/h2>\n        <div class=\"ignite-panel\">\n          <p><strong>Encender una vela conmemorativa<\/strong><\/p>\n          <ol class=\"ignite-steps\">\n            <li>Pulsa en el men\u00fa (icono de la vela) \/ <svg viewbox=\"0 0 24 24\" width=\"18\" height=\"18\" aria-hidden=\"true\" xmlns=\"http:\/\/www.w3.org\/2000\/svg\"><path d=\"M12 2c1.2 1.2 1.8 2.5 1.8 3.7 0 1.2-.7 2.2-1.8 2.8-1.1-.6-1.8-1.6-1.8-2.8C10.2 4.5 10.8 3.2 12 2Z\" fill=\"currentColor\"\/><rect x=\"8\" y=\"8.5\" width=\"8\" height=\"11\" rx=\"1.5\" ry=\"1.5\" fill=\"none\" stroke=\"currentColor\" stroke-width=\"1.8\"\/><path d=\"M12 8.5v3.2\" stroke=\"currentColor\" stroke-width=\"1.8\" stroke-linecap=\"round\"\/><path d=\"M9 16.5h6\" stroke=\"currentColor\" stroke-width=\"1.8\" stroke-linecap=\"round\"\/><\/svg> Encender.<\/li>\n            <li>Elige una vela gratuita o de pago.<\/li>\n            <li>Escribe unas palabras de recuerdo (opcional).<\/li>\n            <li>Pulsa Continuar. La vela aparecer\u00e1 en la parte superior de la pantalla dentro de un c\u00edrculo.<\/li>\n            <li>Arrastra la vela al lugar que desees con el rat\u00f3n o con el dedo. Si no eliges la ubicaci\u00f3n manualmente, la vela se colocar\u00e1 autom\u00e1ticamente en un lugar visible del paisaje.<\/li>\n            <li>Pulsa \u201cEnciende una vela\u201d cuando hayas elegido la ubicaci\u00f3n.<\/li>\n          <\/ol>\n          <p class=\"hint\"><strong>Nota:<\/strong> Si eliges una vela de pago, primero se te dirigir\u00e1 al proceso de pago. Tras completar el pago, volver\u00e1s autom\u00e1ticamente a la p\u00e1gina donde podr\u00e1s escribir unas palabras de recuerdo, colocar la vela y encenderla para que quede visible.<\/p>\n          <p class=\"hint\"><strong>Sugerencia:<\/strong> El texto de recuerdo se muestra al pasar el cursor sobre la vela o al tocarla en una pantalla t\u00e1ctil.<\/p>\n        <\/div>\n        <button id=\"infoBoxClose\" class=\"mmodal-close\" aria-label=\"Cerrar\">x<\/button>\n      <\/div>\n    <\/div>\n\n  <\/div>\n  <\/div>\n\t\t\t\t\t\t<\/div>\n\t\t\t\t<\/div>\n\t\t\t\t\t<\/div>\n\t\t\t\t<\/div>\n\t\t<div class=\"elementor-element elementor-element-cf198b5 e-flex e-con-boxed e-con e-parent\" data-id=\"cf198b5\" data-element_type=\"container\" data-e-type=\"container\">\n\t\t\t\t\t<div class=\"e-con-inner\">\n\t\t\t\t<div class=\"elementor-element elementor-element-d42a974 elementor-widget elementor-widget-html\" data-id=\"d42a974\" data-element_type=\"widget\" data-e-type=\"widget\" data-widget_type=\"html.default\">\n\t\t\t\t<div class=\"elementor-widget-container\">\n\t\t\t\t\t<script type=\"application\/ld+json\">\n{\n  \"@context\": \"https:\/\/schema.org\",\n  \"@graph\": [\n    {\n      \"@type\": \"WebPage\",\n      \"@id\": \"https:\/\/www.muistomaisema.fi\/sytyta-kynttila\/\",\n      \"url\": \"https:\/\/www.muistomaisema.fi\/sytyta-kynttila\/\",\n      \"name\": \"Sytyt\u00e4 virtuaalikynttil\u00e4 \u2013 Muistopaikka l\u00e4heisen muistolle\",\n      \"description\": \"Sytyt\u00e4 virtuaalikynttil\u00e4 edesmenneen muistoksi. Muistomaisema tarjoaa digitaalisen ja rauhallisen muistopaikan, jossa voit hiljenty\u00e4, muistaa ja jakaa kaipauksen hetken miss\u00e4 ja milloin tahansa.\",\n      \"inLanguage\": \"fi\",\n      \"keywords\": \"sytyt\u00e4 kynttil\u00e4, virtuaalikynttil\u00e4, digitaalinen muistopaikka, muistaminen, l\u00e4heisen kuolema, suruty\u00f6, muisto l\u00e4heisest\u00e4, kynttil\u00e4n sytytys verkossa, menetys ja kaipaus, digitaalinen hiljentymispaikka, valon sytytt\u00e4minen muistoksi, rakkaan menett\u00e4minen, kuoleman kohtaaminen, surun k\u00e4sittely, symbolinen hyv\u00e4stij\u00e4tt\u00f6, digitaalinen j\u00e4\u00e4hyv\u00e4inen, muisto el\u00e4\u00e4, kynttil\u00e4 kaipauksen merkkin\u00e4, valo pimeyteen, virtuaalinen hiljentymisen hetki, rakkaus ei katoa, hengellinen muistaminen, sielun muistaminen\",\n      \"publisher\": {\n        \"@type\": \"Organization\",\n        \"name\": \"Muistomaisema\",\n        \"url\": \"https:\/\/www.muistomaisema.fi\/\"\n      }\n    },\n    {\n      \"@type\": \"BreadcrumbList\",\n      \"@id\": \"https:\/\/www.muistomaisema.fi\/sytyta-kynttila\/#breadcrumb\",\n      \"itemListElement\": [\n        {\n          \"@type\": \"ListItem\",\n          \"position\": 1,\n          \"name\": \"Etusivu\",\n          \"item\": \"https:\/\/www.muistomaisema.fi\/\"\n        },\n        {\n          \"@type\": \"ListItem\",\n          \"position\": 2,\n          \"name\": \"Sytyt\u00e4 kynttil\u00e4\",\n          \"item\": \"https:\/\/www.muistomaisema.fi\/sytyta-kynttila\/\"\n        }\n      ]\n    }\n  ]\n}\n<\/script>\n\t\t\t\t<\/div>\n\t\t\t\t<\/div>\n\t\t\t\t\t<\/div>\n\t\t\t\t<\/div>\n\t\t\t\t<\/div>","protected":false},"excerpt":{"rendered":"","protected":false},"author":1,"featured_media":0,"parent":0,"menu_order":0,"comment_status":"closed","ping_status":"closed","template":"","meta":{"footnotes":""},"class_list":["post-36","page","type-page","status-publish","hentry"],"_links":{"self":[{"href":"https:\/\/www.muistomaisema.fi\/es\/wp-json\/wp\/v2\/pages\/36","targetHints":{"allow":["GET"]}}],"collection":[{"href":"https:\/\/www.muistomaisema.fi\/es\/wp-json\/wp\/v2\/pages"}],"about":[{"href":"https:\/\/www.muistomaisema.fi\/es\/wp-json\/wp\/v2\/types\/page"}],"author":[{"embeddable":true,"href":"https:\/\/www.muistomaisema.fi\/es\/wp-json\/wp\/v2\/users\/1"}],"replies":[{"embeddable":true,"href":"https:\/\/www.muistomaisema.fi\/es\/wp-json\/wp\/v2\/comments?post=36"}],"version-history":[{"count":16,"href":"https:\/\/www.muistomaisema.fi\/es\/wp-json\/wp\/v2\/pages\/36\/revisions"}],"predecessor-version":[{"id":285,"href":"https:\/\/www.muistomaisema.fi\/es\/wp-json\/wp\/v2\/pages\/36\/revisions\/285"}],"wp:attachment":[{"href":"https:\/\/www.muistomaisema.fi\/es\/wp-json\/wp\/v2\/media?parent=36"}],"curies":[{"name":"wp","href":"https:\/\/api.w.org\/{rel}","templated":true}]}}