{"id":3,"date":"2025-04-07T10:54:19","date_gmt":"2025-04-07T10:54:19","guid":{"rendered":"https:\/\/www.muistomaisema.fi\/?page_id=3"},"modified":"2026-02-16T17:04:54","modified_gmt":"2026-02-16T14:04:54","slug":"tietosuojaseloste","status":"publish","type":"page","link":"https:\/\/www.muistomaisema.fi\/es\/politica-de-privacidad\/","title":{"rendered":"Pol\u00edtica de privacidad"},"content":{"rendered":"<div data-elementor-type=\"wp-page\" data-elementor-id=\"3\" class=\"elementor elementor-3\">\n\t\t\t\t<div class=\"elementor-element elementor-element-242ec5bd e-con-full e-flex e-con e-parent\" data-id=\"242ec5bd\" data-element_type=\"container\" data-e-type=\"container\">\n\t\t\t\t<div class=\"elementor-element elementor-element-b474935 elementor-widget elementor-widget-spacer\" data-id=\"b474935\" data-element_type=\"widget\" data-e-type=\"widget\" data-widget_type=\"spacer.default\">\n\t\t\t\t<div class=\"elementor-widget-container\">\n\t\t\t\t\t\t\t<div class=\"elementor-spacer\">\n\t\t\t<div class=\"elementor-spacer-inner\"><\/div>\n\t\t<\/div>\n\t\t\t\t\t\t<\/div>\n\t\t\t\t<\/div>\n\t\t\t\t<div class=\"elementor-element elementor-element-6f4250ad elementor-widget elementor-widget-text-editor\" data-id=\"6f4250ad\" data-element_type=\"widget\" data-e-type=\"widget\" data-widget_type=\"text-editor.default\">\n\t\t\t\t<div class=\"elementor-widget-container\">\n\t\t\t\t\t\t\t\t\t<h2 data-start=\"501\" data-end=\"521\">Pol\u00edtica de privacidad<\/h2><h3 data-start=\"523\" data-end=\"548\">1. Responsable del tratamiento de datos<\/h3><p data-start=\"549\" data-end=\"643\">Muistomaisema.fi \/ Karoliina Paappa<br data-start=\"584\" data-end=\"587\" \/>Datos de contacto: karoliina.paappa(a)gmail.com<\/p><hr data-start=\"645\" data-end=\"648\" \/><h3 data-start=\"650\" data-end=\"692\">2. \u00c1mbito de aplicaci\u00f3n de la pol\u00edtica de privacidad<\/h3><p data-start=\"693\" data-end=\"991\">Esta pol\u00edtica de privacidad se aplica a <a class=\"decorated-link\" href=\"https:\/\/www.muistomaisema.fi\/es\/\" target=\"_new\" rel=\"noopener\" data-start=\"723\" data-end=\"752\">al sitio web www.muistomaisema.fi<\/a>, donde los usuarios pueden dejar velas conmemorativas virtuales. Aunque el sitio web no recopila activamente datos personales, los usuarios pueden introducir voluntariamente informaci\u00f3n relacionada con la persona, la mascota o el acontecimiento que se desea recordar.<\/p><hr data-start=\"993\" data-end=\"996\" \/><h3 data-start=\"998\" data-end=\"1060\">3. Finalidad y base legal del tratamiento de datos personales<\/h3><p data-start=\"1062\" data-end=\"1194\">Finalidad del tratamiento:<br data-start=\"1083\" data-end=\"1086\" \/>Almacenamiento y visualizaci\u00f3n de los datos proporcionados voluntariamente por los usuarios como parte del paisaje conmemorativo virtual.<\/p><p data-start=\"1196\" data-end=\"1421\">Base legal:<\/p><p data-path-to-node=\"6,1,0\">Velas gratuitas: El tratamiento de datos personales se basa en el consentimiento del usuario. La facilitaci\u00f3n de datos es totalmente voluntaria, y la introducci\u00f3n de la informaci\u00f3n se interpreta como consentimiento para su tratamiento de conformidad con esta pol\u00edtica de privacidad.<\/p><p data-path-to-node=\"6,1,1,0,0\">Velas de pago: El tratamiento se basa en un contrato. La conservaci\u00f3n de los datos es necesaria para la prestaci\u00f3n del servicio solicitado por el usuario durante el per\u00edodo de duraci\u00f3n seleccionado.<\/p><hr data-start=\"1423\" data-end=\"1426\" \/><h3 data-start=\"1428\" data-end=\"1456\">4. Datos tratados<\/h3><p data-start=\"1457\" data-end=\"1538\">En el sitio web pueden tratarse los siguientes datos proporcionados voluntariamente por el usuario:<\/p><ul data-start=\"1540\" data-end=\"1750\"><li data-start=\"1540\" data-end=\"1565\"><p data-start=\"1542\" data-end=\"1565\">Nombre u otro identificador<\/p><\/li><li data-start=\"1566\" data-end=\"1639\"><p data-start=\"1568\" data-end=\"1639\">Fechas (por ejemplo, de nacimiento y\/o fallecimiento, fecha del evento)<\/p><\/li><li data-start=\"1640\" data-end=\"1750\"><p data-start=\"1642\" data-end=\"1750\">Otros datos relacionados con la persona, mascota o evento que el usuario elija proporcionar<\/p><\/li><\/ul><hr data-start=\"1752\" data-end=\"1755\" \/><h3 data-start=\"1757\" data-end=\"1802\">5. Plazo de conservaci\u00f3n de los datos y eliminaci\u00f3n<\/h3><p data-start=\"1803\" data-end=\"2036\">Los datos introducidos se conservan un m\u00e1ximo de 24 horas (vela gratuita). Las velas de pago se conservan durante 7 o 14 d\u00edas, seg\u00fan el tipo de vela elegido por el usuario. Transcurrido este per\u00edodo, los datos se eliminan autom\u00e1ticamente.<\/p><hr data-start=\"2038\" data-end=\"2041\" \/><h3 data-start=\"2043\" data-end=\"2062\">6. Seguridad de los datos<b data-path-to-node=\"14\" data-index-in-node=\"0\"> y proveedores de servicios<\/b><\/h3><p data-path-to-node=\"14\">Tiedot tallennetaan kolmannen osapuolen palveluntarjoajan (Polar55) suojatulle palvelimelle. Maksut k\u00e4sittelee Stripe (Stripe Payments Europe, Ltd.), joka toimii rekisterinpit\u00e4j\u00e4n\u00e4 omien maksutietojensa osalta. Sivusto ei tallenna maksukorttitietoja.<\/p><ul data-path-to-node=\"15\"><li><p data-path-to-node=\"15,0,0\">Lis\u00e4tietoja Polar55:n tietosuojasta: <a class=\"ng-star-inserted\" href=\"https:\/\/polar55.com\/privacy-policy\/\" target=\"_blank\" rel=\"noopener\" data-hveid=\"3\">tietosuojaseloste<\/a><\/p><\/li><li><p data-path-to-node=\"15,1,0\">M\u00e1s informaci\u00f3n sobre la pol\u00edtica de privacidad de Stripe: <a class=\"ng-star-inserted\" href=\"https:\/\/stripe.com\/privacy\" target=\"_blank\" rel=\"noopener\" data-hveid=\"4\">stripe.com\/privacy<\/a><\/p><\/li><\/ul><hr data-start=\"2038\" data-end=\"2041\" \/><h3 data-start=\"2043\" data-end=\"2062\">7. <b data-path-to-node=\"16\" data-index-in-node=\"0\">Cookies y seguimiento de visitantes<\/b><\/h3><p data-path-to-node=\"16\">El sitio web utiliza Google Analytics para analizar el n\u00famero de visitantes y el uso del sitio. El servicio almacena cookies en el dispositivo del usuario. Los datos recopilados (como la direcci\u00f3n IP) se almacenan en los servidores de Google. Utilizamos esta informaci\u00f3n para mejorar la experiencia de uso del sitio web. M\u00e1s informaci\u00f3n: <a class=\"ng-star-inserted\" href=\"https:\/\/policies.google.com\/privacy\" target=\"_blank\" rel=\"noopener\" data-hveid=\"5\">Google Privacy &amp; Terms<\/a>. Tambi\u00e9n utilizamos Google Search Console para el seguimiento t\u00e9cnico del sitio web.<\/p><hr data-start=\"2530\" data-end=\"2533\" \/><h3 data-start=\"2535\" data-end=\"2566\">8. Derechos del interesado<\/h3><p data-start=\"2567\" data-end=\"2659\">Si los datos que proporcionas pueden clasificarse como datos personales, tienes los siguientes derechos:<\/p><ul data-start=\"2661\" data-end=\"3027\"><li data-start=\"2661\" data-end=\"2749\"><p data-start=\"2663\" data-end=\"2749\">Derecho de acceso a los datos: Puedes solicitar informaci\u00f3n sobre los datos personales que estamos tratando.<\/p><\/li><li data-start=\"2750\" data-end=\"2851\"><p data-start=\"2752\" data-end=\"2851\">Derecho de rectificaci\u00f3n: Puedes solicitar la correcci\u00f3n de datos incorrectos o incompletos.<\/p><\/li><li data-start=\"2852\" data-end=\"3027\"><p data-start=\"2854\" data-end=\"3027\">Derecho de supresi\u00f3n: Puedes solicitar la eliminaci\u00f3n de tus datos. Aunque los datos se eliminan autom\u00e1ticamente al final del per\u00edodo establecido, puedes solicitar su eliminaci\u00f3n inmediata.<\/p><\/li><\/ul><p data-start=\"3029\" data-end=\"3271\">Puedes ponerte en contacto con el responsable del tratamiento a trav\u00e9s de los datos de contacto indicados anteriormente para ejercer tus derechos. Tambi\u00e9n tienes derecho a presentar una reclamaci\u00f3n ante la autoridad de protecci\u00f3n de datos si consideras que el tratamiento de tus datos vulnera la legislaci\u00f3n de protecci\u00f3n de datos.<\/p><hr data-start=\"3273\" data-end=\"3276\" \/><h3 data-start=\"3278\" data-end=\"3316\">9. Cambios en la pol\u00edtica de privacidad<\/h3><p data-start=\"3317\" data-end=\"3470\">Podemos actualizar esta pol\u00edtica de privacidad de vez en cuando. Los cambios se publicar\u00e1n en este sitio web. Procuraremos notificar por separado sobre cambios significativos.<\/p><hr data-start=\"3472\" data-end=\"3475\" \/><h3 data-start=\"3477\" data-end=\"3498\">10. Contacto<\/h3><p data-start=\"3499\" data-end=\"3633\">Si tienes alguna pregunta sobre esta pol\u00edtica de privacidad o sobre el tratamiento de tus datos, ponte en contacto a trav\u00e9s de los datos de contacto indicados anteriormente.<\/p><hr data-start=\"3635\" data-end=\"3638\" \/><p data-start=\"3640\" data-end=\"3775\">Las traducciones se han realizado para facilitar la comprensi\u00f3n a los usuarios. En caso de discrepancias interpretativas, se puede recurrir al texto en fin\u00e9s.<\/p>\t\t\t\t\t\t\t\t<\/div>\n\t\t\t\t<\/div>\n\t\t\t\t<\/div>\n\t\t\t\t<\/div>","protected":false},"excerpt":{"rendered":"<p>Tietosuojaseloste 1. Rekisterinpit\u00e4j\u00e4 Muistomaisema.fi \/ Karoliina PaappaYhteystiedot:\u00a0karoliina.paappa(a)gmail.com 2. Tietosuojaselosteen soveltamisala T\u00e4m\u00e4 tietosuojaseloste koskee www.muistomaisema.fi-sivustoa, jossa k\u00e4ytt\u00e4j\u00e4t voivat j\u00e4tt\u00e4\u00e4 virtuaalisia muistokynttil\u00f6it\u00e4. Vaikka sivustolla ei aktiivisesti ker\u00e4t\u00e4 henkil\u00f6tietoja, k\u00e4ytt\u00e4j\u00e4t voivat vapaaehtoisesti sy\u00f6tt\u00e4\u00e4 tietoja, jotka liittyv\u00e4t muistettavaan henkil\u00f6\u00f6n, lemmikkiin tai tapahtumaan. 3. Henkil\u00f6tietojen k\u00e4sittelyn tarkoitus ja oikeusperuste K\u00e4sittelyn tarkoitus:K\u00e4ytt\u00e4jien vapaaehtoisesti antamien tietojen tallentaminen ja n\u00e4ytt\u00e4minen osana virtuaalista muistomaisemaa. [&hellip;]<\/p>","protected":false},"author":1,"featured_media":0,"parent":0,"menu_order":0,"comment_status":"closed","ping_status":"closed","template":"","meta":{"footnotes":""},"class_list":["post-3","page","type-page","status-publish","hentry"],"_links":{"self":[{"href":"https:\/\/www.muistomaisema.fi\/es\/wp-json\/wp\/v2\/pages\/3","targetHints":{"allow":["GET"]}}],"collection":[{"href":"https:\/\/www.muistomaisema.fi\/es\/wp-json\/wp\/v2\/pages"}],"about":[{"href":"https:\/\/www.muistomaisema.fi\/es\/wp-json\/wp\/v2\/types\/page"}],"author":[{"embeddable":true,"href":"https:\/\/www.muistomaisema.fi\/es\/wp-json\/wp\/v2\/users\/1"}],"replies":[{"embeddable":true,"href":"https:\/\/www.muistomaisema.fi\/es\/wp-json\/wp\/v2\/comments?post=3"}],"version-history":[{"count":73,"href":"https:\/\/www.muistomaisema.fi\/es\/wp-json\/wp\/v2\/pages\/3\/revisions"}],"predecessor-version":[{"id":592,"href":"https:\/\/www.muistomaisema.fi\/es\/wp-json\/wp\/v2\/pages\/3\/revisions\/592"}],"wp:attachment":[{"href":"https:\/\/www.muistomaisema.fi\/es\/wp-json\/wp\/v2\/media?parent=3"}],"curies":[{"name":"wp","href":"https:\/\/api.w.org\/{rel}","templated":true}]}}