{"id":443,"date":"2025-04-07T10:54:19","date_gmt":"2025-04-07T07:54:19","guid":{"rendered":"https:\/\/www.muistomaisema.fi\/?page_id=443"},"modified":"2026-02-16T17:05:50","modified_gmt":"2026-02-16T14:05:50","slug":"kayttoehdot","status":"publish","type":"page","link":"https:\/\/www.muistomaisema.fi\/de\/nutzungsbedingungen\/","title":{"rendered":"Nutzungsbedingungen"},"content":{"rendered":"<div data-elementor-type=\"wp-page\" data-elementor-id=\"443\" class=\"elementor elementor-443\">\n\t\t\t\t<div class=\"elementor-element elementor-element-242ec5bd e-flex e-con-boxed e-con e-parent\" data-id=\"242ec5bd\" data-element_type=\"container\" data-e-type=\"container\">\n\t\t\t\t\t<div class=\"e-con-inner\">\n\t\t\t\t<div class=\"elementor-element elementor-element-dc2eb92 elementor-widget elementor-widget-spacer\" data-id=\"dc2eb92\" data-element_type=\"widget\" data-e-type=\"widget\" data-widget_type=\"spacer.default\">\n\t\t\t\t<div class=\"elementor-widget-container\">\n\t\t\t\t\t\t\t<div class=\"elementor-spacer\">\n\t\t\t<div class=\"elementor-spacer-inner\"><\/div>\n\t\t<\/div>\n\t\t\t\t\t\t<\/div>\n\t\t\t\t<\/div>\n\t\t\t\t<div class=\"elementor-element elementor-element-6f4250ad elementor-widget elementor-widget-text-editor\" data-id=\"6f4250ad\" data-element_type=\"widget\" data-e-type=\"widget\" data-widget_type=\"text-editor.default\">\n\t\t\t\t<div class=\"elementor-widget-container\">\n\t\t\t\t\t\t\t\t\t<h1 data-start=\"332\" data-end=\"365\"><strong data-start=\"334\" data-end=\"365\">Nutzungsbedingungen<br \/><\/strong><\/h1><p data-start=\"332\" data-end=\"365\">4.1.2026<\/p><h2 data-start=\"403\" data-end=\"430\">1. Diensteanbieter<\/h2><p data-start=\"431\" data-end=\"470\">Die Website Muistomaisema.fi wird betrieben von:<\/p><p data-start=\"472\" data-end=\"565\">Karoliina Paappa<br data-start=\"492\" data-end=\"495\" \/>Unternehmensnummer: 2775561-4<br \/>USt-IdNr.: FI27755614<br data-start=\"518\" data-end=\"521\" \/>E-Mail: karoliina.paappa(a)gmail.com<\/p><p data-start=\"567\" data-end=\"765\">Danke, wir machen weiter: Muistomaisema ist ein k\u00fcnstlerisches Projekt, das in kleinem Umfang von einer Privatperson betrieben wird. Die kostenpflichtigen Kerzen dienen der Unterst\u00fctzung des Dienstes und stellen keinen gro\u00df angelegten Online-Shop dar.<\/p><hr data-start=\"767\" data-end=\"770\" \/><h2 data-start=\"772\" data-end=\"795\">2. Dienstbeschreibung<\/h2><p data-start=\"796\" data-end=\"881\">Auf der Website kann der Nutzer virtuelle Kerzen entz\u00fcnden und Gedenkworte schreiben.<\/p><hr data-start=\"883\" data-end=\"886\" \/><h2 data-start=\"888\" data-end=\"919\">3. Kerzenarten und Brenndauer<\/h2><p data-start=\"294\" data-end=\"330\">Auf der Website gibt es vier Kerzenarten:<\/p><ul data-start=\"332\" data-end=\"495\"><li data-start=\"332\" data-end=\"374\"><p data-start=\"334\" data-end=\"374\">Kostenlose Kerze, Dauer 24 Stunden<\/p><\/li><li data-start=\"375\" data-end=\"417\"><p data-start=\"377\" data-end=\"417\">Silberne Kerze, Dauer 7 Tage<\/p><\/li><li data-start=\"418\" data-end=\"460\"><p data-start=\"420\" data-end=\"460\">Goldene Kerze, Dauer 14 Tage<\/p><\/li><\/ul><p data-start=\"497\" data-end=\"557\">Die Kerzen werden automatisch entfernt, wenn ihre Brenndauer abgelaufen ist.<\/p><hr data-start=\"1134\" data-end=\"1137\" \/><h2 data-start=\"1139\" data-end=\"1168\">4. Kostenpflichtige Kerzen<\/h2><p class=\"query-text-line ng-star-inserted\">Wenn Sie eine kostenpflichtige Kerze bestellen, gilt die Bestellung mit der Zahlung als best\u00e4tigt. Zahlungen werden sicher \u00fcber Stripe (Stripe Payments Europe, Ltd.) abgewickelt. Muistomaisema.fi empf\u00e4ngt oder speichert Ihre Zahlungskartendaten nicht.<\/p><p class=\"query-text-line ng-star-inserted\">Mit der Zahlung sorge ich daf\u00fcr, dass Ihre Kerze und Ihre Erinnerungsworte f\u00fcr die gew\u00e4hlte Dauer (7 oder 14 Tage) sichtbar sind. Die mit der Kerze verbundenen Daten bleiben f\u00fcr diesen Zeitraum im Dienst gespeichert.<\/p><p class=\"query-text-line ng-star-inserted\">Da es sich um eine digitale Dienstleistung handelt, die sofort bereitgestellt wird, besteht kein R\u00fcckgaberecht, es sei denn, es tritt ein technischer Fehler bei der Zahlung auf.<\/p><p class=\"query-text-line ng-star-inserted\">Wenn die Zahlung erfolgreich ist, die Kerze jedoch \u00fcberhaupt nicht angez\u00fcndet wird, wenden Sie sich bitte an die in Abschnitt 9 angegebene Adresse.<\/p><hr data-start=\"1538\" data-end=\"1541\" \/><h2 data-start=\"1543\" data-end=\"1578\">5. Verantwortung des Nutzers f\u00fcr Inhalte<\/h2><p data-start=\"1579\" data-end=\"1693\">Der Nutzer ist f\u00fcr die von ihm verfassten Inhalte selbst verantwortlich.<br data-start=\"1628\" data-end=\"1631\" \/>Der Betreiber des Dienstes hat das Recht, Nachrichten zu l\u00f6schen, die:<\/p><ul data-start=\"1695\" data-end=\"1813\"><li data-start=\"1695\" data-end=\"1709\"><p data-start=\"1697\" data-end=\"1709\">beleidigend<\/p><\/li><li data-start=\"1710\" data-end=\"1727\"><p data-start=\"1712\" data-end=\"1727\">rechtswidrig<\/p><\/li><li data-start=\"1728\" data-end=\"1741\"><p data-start=\"1730\" data-end=\"1741\">Werbung<\/p><\/li><li data-start=\"1742\" data-end=\"1786\"><p data-start=\"1744\" data-end=\"1786\">die die Privatsph\u00e4re einer anderen Person verletzen<\/p><\/li><li data-start=\"1787\" data-end=\"1813\"><p data-start=\"1789\" data-end=\"1813\">technisch sch\u00e4dlich<\/p><\/li><\/ul><hr data-start=\"1815\" data-end=\"1818\" \/><h2 data-start=\"1820\" data-end=\"1848\">6. Geistige Eigentumsrechte<\/h2><p data-start=\"1849\" data-end=\"2022\">Die Landschaft, Grafiken, Illustrationen, das visuelle Design der Website sowie die technische Umsetzung des Muistomaisema-WordPress-Plugins sind urheberrechtlich gesch\u00fctzt und Eigentum von Karoliina Paappa. Nutzer d\u00fcrfen diese nicht kopieren oder f\u00fcr kommerzielle Zwecke verwenden.<\/p><p data-start=\"2024\" data-end=\"2142\">Von Nutzern verfasste Gedenkworte sind \u00f6ffentlich als Teil des Dienstes sichtbar, aber die Nutzer behalten ihre eigenen Rechte daran.<\/p><hr data-start=\"2144\" data-end=\"2147\" \/><h2 data-start=\"2149\" data-end=\"2195\">7. Verf\u00fcgbarkeit des Dienstes und technische St\u00f6rungen<\/h2><p data-start=\"2196\" data-end=\"2488\">Muistomaisema ist ein k\u00fcnstlerischer digitaler Dienst, der in kleinem Umfang betrieben wird. Der Dienst kann gelegentlich Ausf\u00e4lle oder technische St\u00f6rungen aufweisen, zum Beispiel w\u00e4hrend Wartungs- oder Aktualisierungsma\u00dfnahmen. Aus technischen Gr\u00fcnden k\u00f6nnen einzelne Kerzen oder Gedenkworte manchmal vorzeitig entfernt oder verloren gehen. In solchen F\u00e4llen haftet der Betreiber nicht f\u00fcr etwaige Sch\u00e4den. Der Betreiber ist nicht verantwortlich f\u00fcr indirekte Sch\u00e4den oder Datenverlust.<\/p><hr data-start=\"2490\" data-end=\"2493\" \/><h2 data-start=\"2495\" data-end=\"2522\">8. \u00c4nderungen am Dienst<\/h2><p data-start=\"2523\" data-end=\"2669\">Der Betreiber kann Funktionen des Dienstes aktualisieren, \u00e4ndern oder entfernen.<br data-start=\"2592\" data-end=\"2595\" \/>Die Nutzungsbedingungen k\u00f6nnen aktualisiert werden, und die neueste Version wird auf dieser Seite ver\u00f6ffentlicht.<\/p><hr data-start=\"2671\" data-end=\"2674\" \/><h2 data-start=\"2676\" data-end=\"2716\">9. Probleme und Kontakt<\/h2><p data-start=\"2717\" data-end=\"2782\">Wenn im Dienst Fehler auftreten oder eine kostenpflichtige Kerze nicht angez\u00fcndet wird:<\/p><p data-start=\"2784\" data-end=\"2832\">Kontakt: karoliina.paappa(a)gmail.com<\/p><p data-start=\"2834\" data-end=\"2977\">Nachrichten werden so schnell wie m\u00f6glich beantwortet, aber da es sich um ein Kunstprojekt einer Privatperson handelt, k\u00f6nnen die Bearbeitungszeiten variieren.<\/p><hr data-start=\"2671\" data-end=\"2674\" \/><h2 data-start=\"2676\" data-end=\"2716\">10. <b data-path-to-node=\"4\" data-index-in-node=\"0\">Datenschutz und Cookies<\/b><\/h2><p data-start=\"2834\" data-end=\"2977\">K\u00e4ytt\u00e4m\u00e4ll\u00e4 palvelua hyv\u00e4ksyt tietosuojaselosteen mukaisen tietojen k\u00e4sittelyn. Sivustolla k\u00e4ytet\u00e4\u00e4n ev\u00e4steit\u00e4 ja Google Analytics -palvelua k\u00e4vij\u00e4seurantaan sivuston parantamiseksi. Lis\u00e4tietoja l\u00f6yd\u00e4t tietosuojaselosteesta.<\/p><hr data-start=\"2979\" data-end=\"2982\" \/><h2 data-start=\"2984\" data-end=\"3014\">Weitere Informationen \u00fcber die Urheberin<\/h2><p data-start=\"3015\" data-end=\"3166\">Muistomaisema ist ein k\u00fcnstlerisches Projekt von Karoliina Paappa.<br data-start=\"3075\" data-end=\"3078\" \/>Sie k\u00f6nnen die weiteren Arbeiten der K\u00fcnstlerin hier einsehen:<br data-start=\"3132\" data-end=\"3135\" \/><a class=\"decorated-link cursor-pointer\" href=\"https:\/\/www.karoliinapaappa.fi\/\" target=\"_new\" rel=\"noopener\" data-start=\"3137\" data-end=\"3164\">https:\/\/karoliinapaappa.fi<\/a><\/p>\t\t\t\t\t\t\t\t<\/div>\n\t\t\t\t<\/div>\n\t\t\t\t\t<\/div>\n\t\t\t\t<\/div>\n\t\t\t\t<\/div>","protected":false},"excerpt":{"rendered":"<p>K\u00e4ytt\u00f6ehdot 4.1.2026 1. Palvelun yll\u00e4pit\u00e4j\u00e4 Muistomaisema.fi -sivustoa yll\u00e4pit\u00e4\u00e4: Karoliina PaappaY-tunnus: 2775561-4ALV-numero: FI27755614S\u00e4hk\u00f6posti: karoliina.paappa(a)gmail.com Muistomaisema on taiteellinen projekti, jota yll\u00e4pidet\u00e4\u00e4n pienimuotoisesti yksityishenkil\u00f6n toimesta. Maksulliset kynttil\u00e4t ovat palvelun tukimuoto, eiv\u00e4tk\u00e4 ne muodosta laajamittaista verkkokauppaa. 2. Palvelun kuvaus Sivustolla k\u00e4ytt\u00e4j\u00e4 voi sytytt\u00e4\u00e4 virtuaalisia kynttil\u00f6it\u00e4 ja kirjoittaa muistosanoja. 3. Kynttil\u00e4tyypit ja kesto Sivustolla on nelj\u00e4 kynttil\u00e4tyyppi\u00e4: Ilmainen kynttil\u00e4, kesto [&hellip;]<\/p>","protected":false},"author":1,"featured_media":0,"parent":0,"menu_order":0,"comment_status":"closed","ping_status":"closed","template":"","meta":{"footnotes":""},"class_list":["post-443","page","type-page","status-publish","hentry"],"_links":{"self":[{"href":"https:\/\/www.muistomaisema.fi\/de\/wp-json\/wp\/v2\/pages\/443","targetHints":{"allow":["GET"]}}],"collection":[{"href":"https:\/\/www.muistomaisema.fi\/de\/wp-json\/wp\/v2\/pages"}],"about":[{"href":"https:\/\/www.muistomaisema.fi\/de\/wp-json\/wp\/v2\/types\/page"}],"author":[{"embeddable":true,"href":"https:\/\/www.muistomaisema.fi\/de\/wp-json\/wp\/v2\/users\/1"}],"replies":[{"embeddable":true,"href":"https:\/\/www.muistomaisema.fi\/de\/wp-json\/wp\/v2\/comments?post=443"}],"version-history":[{"count":40,"href":"https:\/\/www.muistomaisema.fi\/de\/wp-json\/wp\/v2\/pages\/443\/revisions"}],"predecessor-version":[{"id":595,"href":"https:\/\/www.muistomaisema.fi\/de\/wp-json\/wp\/v2\/pages\/443\/revisions\/595"}],"wp:attachment":[{"href":"https:\/\/www.muistomaisema.fi\/de\/wp-json\/wp\/v2\/media?parent=443"}],"curies":[{"name":"wp","href":"https:\/\/api.w.org\/{rel}","templated":true}]}}