{"id":36,"date":"2025-04-07T11:20:04","date_gmt":"2025-04-07T11:20:04","guid":{"rendered":"https:\/\/www.muistomaisema.fi\/?page_id=36"},"modified":"2026-02-19T13:13:57","modified_gmt":"2026-02-19T10:13:57","slug":"sytyta-kynttila","status":"publish","type":"page","link":"https:\/\/www.muistomaisema.fi\/de\/kerze-anzunden\/","title":{"rendered":"Kerze anz\u00fcnden"},"content":{"rendered":"<div data-elementor-type=\"wp-page\" data-elementor-id=\"36\" class=\"elementor elementor-36\">\n\t\t\t\t<div class=\"elementor-element elementor-element-ccdbfc8 e-flex e-con-boxed e-con e-parent\" data-id=\"ccdbfc8\" data-element_type=\"container\" data-e-type=\"container\">\n\t\t\t\t\t<div class=\"e-con-inner\">\n\t\t\t\t<div class=\"elementor-element elementor-element-cd1e325 elementor-widget__width-inherit elementor-fixed elementor-widget elementor-widget-shortcode\" data-id=\"cd1e325\" data-element_type=\"widget\" data-e-type=\"widget\" data-settings=\"{&quot;_position&quot;:&quot;fixed&quot;}\" data-widget_type=\"shortcode.default\">\n\t\t\t\t<div class=\"elementor-widget-container\">\n\t\t\t\t\t\t\t<div class=\"elementor-shortcode\"><link rel=\"preload\" as=\"image\" fetchpriority=\"high\" href=\"https:\/\/www.muistomaisema.fi\/wp-content\/plugins\/muistomaisema-kynttila\/assets\/Tausta-muistomaisema%20desktop.webp\" \/>\n<link rel=\"preload\" as=\"image\" fetchpriority=\"high\" href=\"https:\/\/www.muistomaisema.fi\/wp-content\/plugins\/muistomaisema-kynttila\/assets\/kynttila%20desktop.webp\" \/>\n<div class=\"wp-muistomaisema-kynttila\">\n    <h1 class=\"screen-reader-text\">Kerze anz\u00fcnden<\/h1>\n    \n    <!-- Global atmospheric overlay -->\n    <div id=\"mm-global-atmosphere\"><\/div>\n\n    <div id=\"counterBox\" style=\"min-height: 60px; box-sizing: border-box; padding: 8px 12px; position: fixed; bottom: calc(env(safe-area-inset-bottom, 20px) + 35px); right: 20px; transform: translateY(calc(50% + 15px)); background: rgba(0, 0, 0, .3); color: #fff; border-radius: 10px; font-family: 'UnifrakturCook', serif; font-size: 11.5px; z-index: 3100; width: auto; max-width: 200px;\">\n      <!-- Desktop version: full text -->\n      <span class=\"label counter-desktop\">Derzeit brennend:<\/span>\n      <span id=\"candleActiveCount\" class=\"counter-desktop\">0<\/span>\n      <small class=\"total counter-desktop\">Insgesamt entz\u00fcndet:        <span id=\"candleTotalCount\">1110<\/span><\/small>\n      <!-- Mobile version: numbers only with slash -->\n      <span class=\"counter-mobile\">\n        <span id=\"candleActiveCountMobile\">0<\/span> \/ <span id=\"candleTotalCountMobile\">1110<\/span>\n      <\/span>\n    <\/div>\n\n    <div id=\"scene\">\n            <img fetchpriority=\"high\" id=\"scene-bg\"\n           src=\"https:\/\/www.muistomaisema.fi\/wp-content\/plugins\/muistomaisema-kynttila\/assets\/Tausta-muistomaisema%20desktop.webp\"\n           data-desktop=\"https:\/\/www.muistomaisema.fi\/wp-content\/plugins\/muistomaisema-kynttila\/assets\/Tausta-muistomaisema%20desktop.webp\"\n           data-tablet=\"https:\/\/www.muistomaisema.fi\/wp-content\/plugins\/muistomaisema-kynttila\/assets\/Tausta-muistomaisema%20desktop.webp\"\n           data-mobile=\"https:\/\/www.muistomaisema.fi\/wp-content\/plugins\/muistomaisema-kynttila\/assets\/Tausta-muistomaisema-mobiili.webp\"\n           alt=\"\"\n           width=\"1536\"\n           height=\"1024\"\n           style=\"position:absolute;inset:0;width:100%;height:100%;object-fit:contain;min-height:50vh;\"\n           loading=\"eager\"\n           decoding=\"async\"\n      >\n    <\/div>\n    <!-- Premium-box: piilossa CLS-ongelman est\u00e4miseksi (layout-vakaus) -->\n    <div class=\"mmk-premium-box\" style=\"min-height: 400px; box-sizing: border-box; content-visibility: auto; contain-intrinsic-size: auto 400px; display: none; visibility: hidden; position: absolute; left: -9999px;\"><\/div>\n\n    <!-- Share fallback -->\n    <div id=\"shareSheet\" class=\"share-sheet\" hidden>\n      <div class=\"sheet\">\n        <div class=\"sheet-title\">Gedenkkerze teilen<\/div>\n        <button id=\"shareCopy\" class=\"sheet-btn\">Text und Link kopieren<\/button>\n        <a id=\"shareEmail\" class=\"sheet-btn\" href=\"#\" target=\"_blank\" rel=\"noopener\">In der E-Mail \u00f6ffnen<\/a>\n        <button id=\"shareClose\" class=\"sheet-close\">Schlie\u00dfen<\/button>\n      <\/div>\n    <\/div>\n\n    <!-- Sytytysmodaali -->\n    <div id=\"igniteModal\" class=\"mmodal\" hidden>\n      <div class=\"mmodal-backdrop\"><\/div>\n      <div class=\"mmodal-content\" role=\"dialog\" aria-modal=\"true\" aria-labelledby=\"mmodal-title\">\n        <h2 id=\"mmodal-title\" class=\"screen-reader-text\">Entz\u00fcnde eine Gedenkkerze<\/h2>\n        <ol class=\"mmodal-steps\">\n          <li class=\"step step-1 active\">\n            <div class=\"ignite-grid\" id=\"igniteGrid\">\n              <section class=\"ignite-panel compose-panel\" id=\"composePanel\">\n                <h2 class=\"compose-main-title compose-title-centered\">Entz\u00fcnde eine Gedenkkerze<\/h2>\n                <p class=\"compose-subtitle compose-subtitle-centered\">W\u00e4hle den Kerzentyp \u2013 anschlie\u00dfend kannst du deine Gedenkworte schreiben.<\/p>\n                <div class=\"mmodal-choice-grid\" aria-label=\"Kerzenauswahl\">\n  <article class=\"mmodal-choice-card is-free\">\n    <img decoding=\"async\" class=\"mmodal-choice-img\" src=\"https:\/\/www.muistomaisema.fi\/wp-content\/plugins\/muistomaisema-kynttila\/assets\/kynttila%20desktop.webp\" alt=\"\">\n    <h4 class=\"mmodal-choice-title\">Kostenlose Kerze<\/h4>\n    <p class=\"mmodal-choice-meta\">24 Std. \u00b7 <strong>0 \u20ac<\/strong><\/p>\n    <p class=\"mmodal-choice-desc\">Brennt ruhig f\u00fcr 24 Stunden.<\/p>\n    <button type=\"button\" id=\"mmodalChooseFree\" class=\"mmodal-btn choice-btn\">Kerze anz\u00fcnden<\/button>\n  <\/article>\n\n  <article class=\"mmodal-choice-card is-silver is-primary\">\n    <img decoding=\"async\" class=\"mmodal-choice-img\" src=\"https:\/\/www.muistomaisema.fi\/wp-content\/plugins\/muistomaisema-kynttila\/assets\/silver%20desktop.webp\" alt=\"\">\n    <h4 class=\"mmodal-choice-title\">Silberne Kerze<\/h4>\n    <p class=\"mmodal-choice-meta\">7 Tage \u00b7 <strong>2,90 \u20ac<\/strong><\/p>\n    <p class=\"mmodal-choice-desc\">Halte die Erinnerung noch eine Weile sichtbar.<\/p>\n    <form method=\"POST\" action=\"\" class=\"mmodal-choice-form\" data-etm-original-action=\"\">\n      <input type=\"hidden\" name=\"action\" value=\"mmk_sytyta_kultakynttila\">\n      <input type=\"hidden\" name=\"candle_type\" value=\"silver7\">\n      <input type=\"hidden\" name=\"page_id\" value=\"36\">\n      <input type=\"hidden\" id=\"mmk_stripe_security\" name=\"mmk_stripe_security\" value=\"941941da69\" \/><input type=\"hidden\" name=\"_wp_http_referer\" value=\"\/de\/wp-json\/wp\/v2\/pages\/36\" \/>      <button type=\"submit\" class=\"mmodal-btn choice-btn gold\">Kerze anz\u00fcnden<\/button>\n    <input type=\"hidden\" name=\"etm-form-language\" value=\"de\"\/><\/form>\n  <\/article>\n\n  <article class=\"mmodal-choice-card is-gold\">\n    <img decoding=\"async\" class=\"mmodal-choice-img\" src=\"https:\/\/www.muistomaisema.fi\/wp-content\/plugins\/muistomaisema-kynttila\/assets\/golden%20desktop.webp\" alt=\"\">\n    <h4 class=\"mmodal-choice-title\">Goldene Gedenkkerze<\/h4>\n    <p class=\"mmodal-choice-meta\">14 Tage \u00b7 <strong>4,90 \u20ac<\/strong><\/p>\n    <p class=\"mmodal-choice-desc\">Brennt ruhig f\u00fcr 14 Tage.<\/p>\n    <form method=\"POST\" action=\"\" class=\"mmodal-choice-form\" data-etm-original-action=\"\">\n      <input type=\"hidden\" name=\"action\" value=\"mmk_sytyta_kultakynttila\">\n      <input type=\"hidden\" name=\"candle_type\" value=\"gold14\">\n      <input type=\"hidden\" name=\"page_id\" value=\"36\">\n      <input type=\"hidden\" id=\"mmk_stripe_security\" name=\"mmk_stripe_security\" value=\"941941da69\" \/><input type=\"hidden\" name=\"_wp_http_referer\" value=\"\/de\/wp-json\/wp\/v2\/pages\/36\" \/>      <button type=\"submit\" class=\"mmodal-btn choice-btn gold\">Kerze anz\u00fcnden<\/button>\n    <input type=\"hidden\" name=\"etm-form-language\" value=\"de\"\/><\/form>\n  <\/article>\n<\/div>\n\n<div class=\"ignite-actions\" style=\"display:none\">\n  <button id=\"mmodalToPlace\" class=\"mmodal-btn primary\" type=\"button\">Weiter<\/button>\n<\/div>\n\n<div class=\"mmodal-stripe-note\">\n  <span class=\"lock\">\ud83d\udd12<\/span> Die Zahlung wird sicher \u00fcber Stripe abgewickelt (inkl. PayPal, Apple Pay, Google Pay und Kreditkarten). Mit der Wahl einer Premium-Kerze unterst\u00fctzen Sie direkt den Erhalt dieser Gedenkseite. Herzlichen Dank!<\/div>\n<\/section>\n\n              <section class=\"ignite-panel premium-panel\" id=\"premiumStandardPanel\" hidden style=\"display:none\">\n                <p class=\"eyebrow\">Goldene Gedenkkerzen<\/p>\n                <p class=\"lead\">\n                  Wenn Sie m\u00f6chten, k\u00f6nnen Sie den Erhalt und die Weiterentwicklung der Seite unterst\u00fctzen, indem Sie eine goldene Kerze mit l\u00e4ngerer Brenndauer entz\u00fcnden.                <\/p>\n                <div class=\"mmodal-premium-grid\">\n                <\/div>\n              <\/section>\n\n              <section class=\"ignite-panel premium-return\" id=\"premiumReturnPanel\" hidden>\n                <p class=\"premium-return-note\">Vielen Dank f\u00fcr deinen Kauf \u2013 die Kerze ist bereit, entz\u00fcndet zu werden.<\/p>\n                <div class=\"premium-return-text-section\"><label class=\"screen-reader-text\" for=\"engraveInputModalReturn\">Gedenkworte hinzuf\u00fcgen<\/label>\n\t\t\t\t  <textarea id=\"engraveInputModalReturn\" rows=\"2\" maxlength=\"250\" placeholder=\"Schreibe Gedenkworte (max. 250 Zeichen)\"><\/textarea>\n\t\t\t\t  <p class=\"mmk-compose-help\">Du kannst einen Gedenktext schreiben oder direkt zum n\u00e4chsten Schritt gehen, indem du auf \u201eWeiter\u201c klickst. Der Gedenktext wird angezeigt, wenn du den Mauszeiger \u00fcber die Kerze bewegst oder sie auf einem Touchscreen antippst.<\/p>\n                <\/div>\n                <button id=\"mmodalPlaceReturn\" class=\"mmodal-btn primary\">\n                  Weiter                <\/button>\n              <\/section>\n            <\/div>\n          <\/li>\n\n          <li class=\"step step-2\" id=\"textStep\">\n            <div class=\"ignite-panel compose-panel text-panel\"><label class=\"screen-reader-text\" for=\"engraveInputModalStep2\">Gedenkworte hinzuf\u00fcgen<\/label>\n\t\t\t  <textarea id=\"engraveInputModalStep2\" rows=\"2\" maxlength=\"250\" placeholder=\"Schreibe Gedenkworte (max. 250 Zeichen)\"><\/textarea>\n\t\t\t  <p class=\"mmk-compose-help\">Du kannst einen Gedenktext schreiben oder direkt zum n\u00e4chsten Schritt gehen, indem du auf \u201eWeiter\u201c klickst. Der Gedenktext wird angezeigt, wenn du den Mauszeiger \u00fcber die Kerze bewegst oder sie auf einem Touchscreen antippst.<\/p>\n              <button id=\"mmodalToPlaceFromText\" class=\"mmodal-btn primary text-panel-btn\" type=\"button\">Weiter<\/button>\n            <\/div>\n          <\/li>\n\n          <li class=\"step step-3\">\n            <div class=\"place-instruction\">\n              <p class=\"place-instruction-text\">W\u00e4hle einen Platz f\u00fcr die Kerze, indem du sie in die Landschaft ziehst. Wenn du keinen Platz ausw\u00e4hlst, wird die Kerze automatisch platziert. Klicke zum Schluss auf Kerze anz\u00fcnden.<\/p>\n            <\/div>\n            <button id=\"mmodalLock\" class=\"mmodal-btn primary\">Kerze anz\u00fcnden<\/button>\n          <\/li>\n        <\/ol>\n        <button id=\"mmodalClose\" class=\"mmodal-close\" aria-label=\"Schlie\u00dfen\">x<\/button>\n      <\/div>\n    <\/div>\n\n\n    <!-- Busy overlay -->\n    <div id=\"busyOverlay\" class=\"busy\" hidden>\n      <div class=\"spinner\"><\/div>\n      <div class=\"busy-text\">Wird gespeichert\u2026<\/div>\n    <\/div>\n\n    <!-- Jakamisikkuna (avautuu kynttil\u00e4n sytytt\u00e4misen j\u00e4lkeen) -->\n    <div id=\"shareModal\" class=\"mmodal\" hidden>\n      <div class=\"mmodal-backdrop\"><\/div>\n      <div class=\"mmodal-content\" role=\"dialog\" aria-modal=\"true\" aria-labelledby=\"shareModal-title\">\n        <h2 id=\"shareModal-title\" class=\"screen-reader-text\">Muistomaisema teilen<\/h2>\n        <div class=\"ignite-panel compose-panel\">\n          <h2 class=\"compose-main-title compose-title-centered\">Ihre Kerze wurde angez\u00fcndet.<\/h2>\n          <p class=\"compose-subtitle compose-subtitle-centered\">M\u00f6chten Sie andere einladen, gemeinsam zu gedenken? Sie k\u00f6nnen den Link zu Muistomaisema mit Ihren Angeh\u00f6rigen teilen.<\/p>\n          \n          <div class=\"share-actions\">\n            <!-- Web Share API (jos tuettu, n\u00e4ytet\u00e4\u00e4n ensimm\u00e4isen\u00e4) -->\n            <button type=\"button\" id=\"shareWebShare\" class=\"mmodal-btn share-btn web-share\" style=\"display: none;\">\n              Teilen            <\/button>\n            \n            <!-- WhatsApp (t\u00e4rkein, ensimm\u00e4inen jos Web Share ei tuettu) -->\n            <button type=\"button\" id=\"shareWhatsApp\" class=\"mmodal-btn share-btn whatsapp\">\n              \u00dcber WhatsApp teilen            <\/button>\n            \n            <!-- Facebook -->\n            <button type=\"button\" id=\"shareFacebook\" class=\"mmodal-btn share-btn facebook\">\n              Auf Facebook teilen            <\/button>\n            \n            <!-- S\u00e4hk\u00f6posti -->\n            <button type=\"button\" id=\"shareEmail\" class=\"mmodal-btn share-btn email\">\n              Per E-Mail senden            <\/button>\n            \n            <!-- Kopioi linkki -->\n            <button type=\"button\" id=\"shareCopy\" class=\"mmodal-btn share-btn copy\">\n              Link kopieren            <\/button>\n          <\/div>\n          \n          <div id=\"shareCopyFeedback\" class=\"share-feedback\" style=\"display: none;\">\n            Link kopiert!          <\/div>\n        <\/div>\n        <button id=\"shareModalClose\" class=\"mmodal-close\" aria-label=\"Schlie\u00dfen\">x<\/button>\n      <\/div>\n    <\/div>\n\n    <!-- Piilotetut k\u00e4\u00e4nn\u00f6smerkkijonot (k\u00e4\u00e4nn\u00f6splugin l\u00f6yt\u00e4\u00e4 n\u00e4m\u00e4) -->\n    <div style=\"display: none;\" aria-hidden=\"true\">\n      <!-- PlaceBar tekstit -->\n      <span>W\u00e4hle einen Platz f\u00fcr die Kerze, indem du sie in die Landschaft ziehst. Wenn du keinen Platz ausw\u00e4hlst, wird die Kerze automatisch platziert. Klicke zum Schluss auf Kerze anz\u00fcnden.<\/span>\n      <span>Kerze anz\u00fcnden<\/span>\n    <\/div>\n\n    <!-- Alavalikko -->\n    <div class=\"bottom-menu\">\n      <button id=\"igniteBtn\" class=\"bm-btn\" data-icon=\"custom\" aria-pressed=\"false\" aria-label=\"Entz\u00fcnden\">\n        <svg viewbox=\"0 0 24 24\" width=\"18\" height=\"18\" aria-hidden=\"true\" xmlns=\"http:\/\/www.w3.org\/2000\/svg\"><path d=\"M12 2c1.2 1.2 1.8 2.5 1.8 3.7 0 1.2-.7 2.2-1.8 2.8-1.1-.6-1.8-1.6-1.8-2.8C10.2 4.5 10.8 3.2 12 2Z\" fill=\"currentColor\"\/><rect x=\"8\" y=\"8.5\" width=\"8\" height=\"11\" rx=\"1.5\" ry=\"1.5\" fill=\"none\" stroke=\"currentColor\" stroke-width=\"1.8\"\/><path d=\"M12 8.5v3.2\" stroke=\"currentColor\" stroke-width=\"1.8\" stroke-linecap=\"round\"\/><path d=\"M9 16.5h6\" stroke=\"currentColor\" stroke-width=\"1.8\" stroke-linecap=\"round\"\/><\/svg><span>Entz\u00fcnden<\/span>\n      <\/button>\n      <button id=\"infoBtn\"   class=\"bm-btn\" aria-expanded=\"false\" aria-label=\"Anleitung\"><svg width=\"18\" height=\"18\" viewbox=\"0 0 24 24\" fill=\"none\" stroke=\"currentColor\" stroke-width=\"2.5\" stroke-linecap=\"round\" stroke-linejoin=\"round\" aria-hidden=\"true\"><circle cx=\"12\" cy=\"12\" r=\"10\"><\/circle><line x1=\"12\" y1=\"16\" x2=\"12\" y2=\"12\"><\/line><line x1=\"12\" y1=\"8\" x2=\"12\" y2=\"8\" stroke-width=\"2.5\"><\/line><\/svg><span>Anleitung<\/span><\/button>\n      <button id=\"fsBtn\" class=\"bm-btn\" aria-label=\"Vollbild\"><svg width=\"18\" height=\"18\" viewbox=\"0 0 24 24\" fill=\"none\" stroke=\"currentColor\" stroke-width=\"2\" aria-hidden=\"true\"><path d=\"M8 3H3v5\"><\/path><path d=\"M16 3h5v5\"><\/path><path d=\"M8 21H3v-5\"><\/path><path d=\"M16 21h5v-5\"><\/path><\/svg><span>Vollbild<\/span><\/button>\n            <a href=\"https:\/\/www.muistomaisema.fi\/de\/\" class=\"bm-btn\" aria-label=\"Startseite\"><svg width=\"18\" height=\"18\" viewbox=\"0 0 24 24\" fill=\"none\" stroke=\"currentColor\" stroke-width=\"2\" aria-hidden=\"true\"><path d=\"M3 9l9-7 9 7v11a2 2 0 0 1-2 2H5a2 2 0 0 1-2-2z\"><\/path><polyline points=\"9 22 9 12 15 12 15 22\"><\/polyline><\/svg><span>Startseite<\/span><\/a>\n      <button id=\"hideBtn\" class=\"bm-btn\" aria-label=\"Ausblenden\"><svg width=\"18\" height=\"18\" viewbox=\"0 0 24 24\" fill=\"none\" stroke=\"currentColor\" stroke-width=\"2\" aria-hidden=\"true\"><path d=\"M17.94 17.94A10.94 10.94 0 0 1 12 20C7 20 2.73 16.11 1 12c.6-1.36 1.47-2.62 2.53-3.68M9.9 4.24A10.94 10.94 0 0 1 12 4c5 0 9.27 3.89 11 8a11.65 11.65 0 0 1-2.23 3.19M3 3l18 18\"><\/path><path d=\"M14.12 14.12A3 3 0 0 1 9.88 9.88\"><\/path><\/svg><span>Ausblenden<\/span><\/button>\n    <\/div>\n\n    <button id=\"menuReopen\" class=\"menu-reopen\" hidden aria-label=\"Men\u00fc \u00f6ffnen\">\n      <svg width=\"18\" height=\"18\" viewbox=\"0 0 24 24\" fill=\"none\" stroke=\"currentColor\" stroke-width=\"2\" aria-hidden=\"true\">\n        <path d=\"M1 12s4-7 11-7 11 7 11 7-4 7-11 7-11-7-11-7Z\"><\/path>\n        <circle cx=\"12\" cy=\"12\" r=\"3\"><\/circle>\n      <\/svg>\n    <\/button>\n\n    <!-- Place Bar -->\n    <div id=\"placeBar\" class=\"placeBar\" hidden>\n      <div class=\"placeBar-inner\">\n        <span class=\"hint\">W\u00e4hle einen Platz f\u00fcr die Kerze, indem du sie in die Landschaft ziehst. Wenn du keinen Platz ausw\u00e4hlst, wird die Kerze automatisch platziert. Klicke zum Schluss auf Kerze anz\u00fcnden.<\/span>\n        <button id=\"placeBarLock\" class=\"mmodal-btn\" type=\"button\">Kerze anz\u00fcnden<\/button>\n      <\/div>\n    <\/div>\n\n    <!-- Ohje -->\n    <div id=\"infoBox\" class=\"mmodal\" hidden>\n      <div class=\"mmodal-backdrop\"><\/div>\n      <div class=\"mmodal-content\" role=\"dialog\" aria-modal=\"true\" aria-labelledby=\"infoBox-title\">\n        <h2 id=\"infoBox-title\" class=\"screen-reader-text\">Anleitung<\/h2>\n        <div class=\"ignite-panel\">\n          <p><strong>Eine Gedenkkerze entz\u00fcnden<\/strong><\/p>\n          <ol class=\"ignite-steps\">\n            <li>Klicke im Men\u00fc auf das Kerzen-Symbol <svg viewbox=\"0 0 24 24\" width=\"18\" height=\"18\" aria-hidden=\"true\" xmlns=\"http:\/\/www.w3.org\/2000\/svg\"><path d=\"M12 2c1.2 1.2 1.8 2.5 1.8 3.7 0 1.2-.7 2.2-1.8 2.8-1.1-.6-1.8-1.6-1.8-2.8C10.2 4.5 10.8 3.2 12 2Z\" fill=\"currentColor\"\/><rect x=\"8\" y=\"8.5\" width=\"8\" height=\"11\" rx=\"1.5\" ry=\"1.5\" fill=\"none\" stroke=\"currentColor\" stroke-width=\"1.8\"\/><path d=\"M12 8.5v3.2\" stroke=\"currentColor\" stroke-width=\"1.8\" stroke-linecap=\"round\"\/><path d=\"M9 16.5h6\" stroke=\"currentColor\" stroke-width=\"1.8\" stroke-linecap=\"round\"\/><\/svg> oder auf 'Anz\u00fcnden'.<\/li>\n            <li>W\u00e4hle zwischen einer kostenlosen oder einer Premium-Kerze.<\/li>\n            <li>Gedenknachricht schreiben (optional).<\/li>\n            <li>Klicke auf Weiter. Die Kerze erscheint oben auf dem Bildschirm in einem Kreis.<\/li>\n            <li>Ziehe die Kerze mit der Maus oder dem Finger an die gew\u00fcnschte Stelle. Wenn du keinen Ort selbst ausw\u00e4hlst, wird die Kerze automatisch an einer sichtbaren Stelle in der Landschaft platziert.<\/li>\n            <li>Klicke auf Kerze anz\u00fcnden, sobald der Ort ausgew\u00e4hlt ist.<\/li>\n          <\/ol>\n          <p class=\"hint\"><strong>Hinweis:<\/strong> Wenn Sie eine goldene Kerze entz\u00fcnden, kehren Sie nach der Zahlung automatisch auf die Seite zur\u00fcck, auf der Sie eine Gedenknachricht schreiben, den Ort w\u00e4hlen und die goldene Kerze entz\u00fcnden k\u00f6nnen.<\/p>\n          <p class=\"hint\"><strong>Tipp:<\/strong> Die Gedenknachricht erscheint, wenn Sie mit der Maus \u00fcber die Kerze fahren oder sie auf einem Touchscreen antippen.<\/p>\n        <\/div>\n        <button id=\"infoBoxClose\" class=\"mmodal-close\" aria-label=\"Schlie\u00dfen\">x<\/button>\n      <\/div>\n    <\/div>\n\n  <\/div>\n  <\/div>\n\t\t\t\t\t\t<\/div>\n\t\t\t\t<\/div>\n\t\t\t\t\t<\/div>\n\t\t\t\t<\/div>\n\t\t<div class=\"elementor-element elementor-element-cf198b5 e-flex e-con-boxed e-con e-parent\" data-id=\"cf198b5\" data-element_type=\"container\" data-e-type=\"container\">\n\t\t\t\t\t<div class=\"e-con-inner\">\n\t\t\t\t<div class=\"elementor-element elementor-element-d42a974 elementor-widget elementor-widget-html\" data-id=\"d42a974\" data-element_type=\"widget\" data-e-type=\"widget\" data-widget_type=\"html.default\">\n\t\t\t\t<div class=\"elementor-widget-container\">\n\t\t\t\t\t<script type=\"application\/ld+json\">\n{\n  \"@context\": \"https:\/\/schema.org\",\n  \"@graph\": [\n    {\n      \"@type\": \"WebPage\",\n      \"@id\": \"https:\/\/www.muistomaisema.fi\/sytyta-kynttila\/\",\n      \"url\": \"https:\/\/www.muistomaisema.fi\/sytyta-kynttila\/\",\n      \"name\": \"Sytyt\u00e4 virtuaalikynttil\u00e4 \u2013 Muistopaikka l\u00e4heisen muistolle\",\n      \"description\": \"Sytyt\u00e4 virtuaalikynttil\u00e4 edesmenneen muistoksi. Muistomaisema tarjoaa digitaalisen ja rauhallisen muistopaikan, jossa voit hiljenty\u00e4, muistaa ja jakaa kaipauksen hetken miss\u00e4 ja milloin tahansa.\",\n      \"inLanguage\": \"fi\",\n      \"keywords\": \"sytyt\u00e4 kynttil\u00e4, virtuaalikynttil\u00e4, digitaalinen muistopaikka, muistaminen, l\u00e4heisen kuolema, suruty\u00f6, muisto l\u00e4heisest\u00e4, kynttil\u00e4n sytytys verkossa, menetys ja kaipaus, digitaalinen hiljentymispaikka, valon sytytt\u00e4minen muistoksi, rakkaan menett\u00e4minen, kuoleman kohtaaminen, surun k\u00e4sittely, symbolinen hyv\u00e4stij\u00e4tt\u00f6, digitaalinen j\u00e4\u00e4hyv\u00e4inen, muisto el\u00e4\u00e4, kynttil\u00e4 kaipauksen merkkin\u00e4, valo pimeyteen, virtuaalinen hiljentymisen hetki, rakkaus ei katoa, hengellinen muistaminen, sielun muistaminen\",\n      \"publisher\": {\n        \"@type\": \"Organization\",\n        \"name\": \"Muistomaisema\",\n        \"url\": \"https:\/\/www.muistomaisema.fi\/\"\n      }\n    },\n    {\n      \"@type\": \"BreadcrumbList\",\n      \"@id\": \"https:\/\/www.muistomaisema.fi\/sytyta-kynttila\/#breadcrumb\",\n      \"itemListElement\": [\n        {\n          \"@type\": \"ListItem\",\n          \"position\": 1,\n          \"name\": \"Etusivu\",\n          \"item\": \"https:\/\/www.muistomaisema.fi\/\"\n        },\n        {\n          \"@type\": \"ListItem\",\n          \"position\": 2,\n          \"name\": \"Sytyt\u00e4 kynttil\u00e4\",\n          \"item\": \"https:\/\/www.muistomaisema.fi\/sytyta-kynttila\/\"\n        }\n      ]\n    }\n  ]\n}\n<\/script>\n\t\t\t\t<\/div>\n\t\t\t\t<\/div>\n\t\t\t\t\t<\/div>\n\t\t\t\t<\/div>\n\t\t\t\t<\/div>","protected":false},"excerpt":{"rendered":"","protected":false},"author":1,"featured_media":0,"parent":0,"menu_order":0,"comment_status":"closed","ping_status":"closed","template":"","meta":{"footnotes":""},"class_list":["post-36","page","type-page","status-publish","hentry"],"_links":{"self":[{"href":"https:\/\/www.muistomaisema.fi\/de\/wp-json\/wp\/v2\/pages\/36","targetHints":{"allow":["GET"]}}],"collection":[{"href":"https:\/\/www.muistomaisema.fi\/de\/wp-json\/wp\/v2\/pages"}],"about":[{"href":"https:\/\/www.muistomaisema.fi\/de\/wp-json\/wp\/v2\/types\/page"}],"author":[{"embeddable":true,"href":"https:\/\/www.muistomaisema.fi\/de\/wp-json\/wp\/v2\/users\/1"}],"replies":[{"embeddable":true,"href":"https:\/\/www.muistomaisema.fi\/de\/wp-json\/wp\/v2\/comments?post=36"}],"version-history":[{"count":16,"href":"https:\/\/www.muistomaisema.fi\/de\/wp-json\/wp\/v2\/pages\/36\/revisions"}],"predecessor-version":[{"id":285,"href":"https:\/\/www.muistomaisema.fi\/de\/wp-json\/wp\/v2\/pages\/36\/revisions\/285"}],"wp:attachment":[{"href":"https:\/\/www.muistomaisema.fi\/de\/wp-json\/wp\/v2\/media?parent=36"}],"curies":[{"name":"wp","href":"https:\/\/api.w.org\/{rel}","templated":true}]}}