{"id":3,"date":"2025-04-07T10:54:19","date_gmt":"2025-04-07T10:54:19","guid":{"rendered":"https:\/\/www.muistomaisema.fi\/?page_id=3"},"modified":"2026-02-16T17:04:54","modified_gmt":"2026-02-16T14:04:54","slug":"tietosuojaseloste","status":"publish","type":"page","link":"https:\/\/www.muistomaisema.fi\/de\/datenschutzerklarung\/","title":{"rendered":"Datenschutzerkl\u00e4rung"},"content":{"rendered":"<div data-elementor-type=\"wp-page\" data-elementor-id=\"3\" class=\"elementor elementor-3\">\n\t\t\t\t<div class=\"elementor-element elementor-element-242ec5bd e-con-full e-flex e-con e-parent\" data-id=\"242ec5bd\" data-element_type=\"container\" data-e-type=\"container\">\n\t\t\t\t<div class=\"elementor-element elementor-element-b474935 elementor-widget elementor-widget-spacer\" data-id=\"b474935\" data-element_type=\"widget\" data-e-type=\"widget\" data-widget_type=\"spacer.default\">\n\t\t\t\t<div class=\"elementor-widget-container\">\n\t\t\t\t\t\t\t<div class=\"elementor-spacer\">\n\t\t\t<div class=\"elementor-spacer-inner\"><\/div>\n\t\t<\/div>\n\t\t\t\t\t\t<\/div>\n\t\t\t\t<\/div>\n\t\t\t\t<div class=\"elementor-element elementor-element-6f4250ad elementor-widget elementor-widget-text-editor\" data-id=\"6f4250ad\" data-element_type=\"widget\" data-e-type=\"widget\" data-widget_type=\"text-editor.default\">\n\t\t\t\t<div class=\"elementor-widget-container\">\n\t\t\t\t\t\t\t\t\t<h2 data-start=\"501\" data-end=\"521\">Datenschutzerkl\u00e4rung<\/h2><h3 data-start=\"523\" data-end=\"548\">Verantwortliche Stelle<\/h3><p data-start=\"549\" data-end=\"643\">Muistomaisema.fi \/ Karoliina Paappa<br data-start=\"584\" data-end=\"587\" \/>Kontakt: karoliina.paappa(a)gmail.com<\/p><hr data-start=\"645\" data-end=\"648\" \/><h3 data-start=\"650\" data-end=\"692\">2. Geltungsbereich der Datenschutzerkl\u00e4rung<\/h3><p data-start=\"693\" data-end=\"991\">Diese Datenschutzerkl\u00e4rung betrifft <a class=\"decorated-link\" href=\"https:\/\/www.muistomaisema.fi\/de\/\" target=\"_new\" rel=\"noopener\" data-start=\"723\" data-end=\"752\">die Website www.muistomaisema.fi<\/a>, auf der Nutzer virtuelle Gedenkkerzen entz\u00fcnden k\u00f6nnen. Obwohl die Website keine personenbezogenen Daten aktiv sammelt, k\u00f6nnen Nutzer freiwillig Informationen eingeben, die sich auf eine verstorbene Person, ein Tier oder ein Ereignis beziehen, an das sie erinnern m\u00f6chten.<\/p><hr data-start=\"993\" data-end=\"996\" \/><h3 data-start=\"998\" data-end=\"1060\">3. Zweck und Rechtsgrundlage der Verarbeitung personenbezogener Daten<\/h3><p data-start=\"1062\" data-end=\"1194\">Zweck der Verarbeitung:<br data-start=\"1083\" data-end=\"1086\" \/>Die Speicherung und Anzeige der von den Nutzern freiwillig eingegebenen Informationen als Teil der virtuellen Gedenklandschaft.<\/p><p data-start=\"1196\" data-end=\"1421\">Rechtsgrundlage:<\/p><p data-path-to-node=\"6,1,0\">Kostenlose Kerzen: Die Verarbeitung personenbezogener Daten basiert auf der Einwilligung des Nutzers. Die Angabe von Daten ist absolut freiwillig, und die Eingabe der Daten wird als Einwilligung in deren Verarbeitung gem\u00e4\u00df dieser Datenschutzerkl\u00e4rung ausgelegt.<\/p><p data-path-to-node=\"6,1,1,0,0\">Kostenpflichtige Kerzen: Die Verarbeitung basiert auf einem Vertrag. Die Speicherung der Daten ist erforderlich, um den vom Nutzer bestellten Dienst f\u00fcr die gew\u00e4hlte Dauer bereitzustellen.<\/p><hr data-start=\"1423\" data-end=\"1426\" \/><h3 data-start=\"1428\" data-end=\"1456\">4. Verarbeitete Daten<\/h3><p data-start=\"1457\" data-end=\"1538\">Auf der Website k\u00f6nnen folgende freiwillig vom Nutzer eingegebene Informationen verarbeitet werden:<\/p><ul data-start=\"1540\" data-end=\"1750\"><li data-start=\"1540\" data-end=\"1565\"><p data-start=\"1542\" data-end=\"1565\">Name oder andere Kennzeichnung<\/p><\/li><li data-start=\"1566\" data-end=\"1639\"><p data-start=\"1568\" data-end=\"1639\">Daten wie Geburts- und\/oder Todesdatum oder das Datum eines Ereignisses<\/p><\/li><li data-start=\"1640\" data-end=\"1750\"><p data-start=\"1642\" data-end=\"1750\">Weitere Informationen zu der Person, dem Tier oder dem Ereignis, an das erinnert werden soll und die der Nutzer freiwillig eingibt<\/p><\/li><\/ul><hr data-start=\"1752\" data-end=\"1755\" \/><h3 data-start=\"1757\" data-end=\"1802\">5. Speicherdauer und L\u00f6schung der Daten<\/h3><p data-start=\"1803\" data-end=\"2036\">Die eingegebenen Informationen werden bei einer kostenlosen Kerze maximal 24 Stunden gespeichert. Bei kostenpflichtigen Kerzen werden die Daten je nach gew\u00e4hltem Kerzentyp entweder 7 Tage oder 14 Tage gespeichert. Danach werden die Daten automatisch gel\u00f6scht.<\/p><hr data-start=\"2038\" data-end=\"2041\" \/><h3 data-start=\"2043\" data-end=\"2062\">6. Datensicherheit<b data-path-to-node=\"14\" data-index-in-node=\"0\"> und Dienstleister<\/b><\/h3><p data-path-to-node=\"14\">Tiedot tallennetaan kolmannen osapuolen palveluntarjoajan (Polar55) suojatulle palvelimelle. Maksut k\u00e4sittelee Stripe (Stripe Payments Europe, Ltd.), joka toimii rekisterinpit\u00e4j\u00e4n\u00e4 omien maksutietojensa osalta. Sivusto ei tallenna maksukorttitietoja.<\/p><ul data-path-to-node=\"15\"><li><p data-path-to-node=\"15,0,0\">Lis\u00e4tietoja Polar55:n tietosuojasta: <a class=\"ng-star-inserted\" href=\"https:\/\/polar55.com\/privacy-policy\/\" target=\"_blank\" rel=\"noopener\" data-hveid=\"3\">tietosuojaseloste<\/a><\/p><\/li><li><p data-path-to-node=\"15,1,0\">Weitere Informationen zum Datenschutz von Stripe: <a class=\"ng-star-inserted\" href=\"https:\/\/stripe.com\/privacy\" target=\"_blank\" rel=\"noopener\" data-hveid=\"4\">stripe.com\/privacy<\/a><\/p><\/li><\/ul><hr data-start=\"2038\" data-end=\"2041\" \/><h3 data-start=\"2043\" data-end=\"2062\">7. <b data-path-to-node=\"16\" data-index-in-node=\"0\">Cookies und Besucheranalyse<\/b><\/h3><p data-path-to-node=\"16\">Die Website verwendet Google Analytics, um die Besucherzahlen und die Nutzung der Website zu analysieren. Der Dienst speichert Cookies auf dem Ger\u00e4t des Nutzers. Die erhobenen Informationen (wie z.B. die IP-Adresse) werden auf den Servern von Google gespeichert. Wir verwenden diese Informationen, um die Benutzererfahrung zu verbessern. Weitere Informationen: <a class=\"ng-star-inserted\" href=\"https:\/\/policies.google.com\/privacy\" target=\"_blank\" rel=\"noopener\" data-hveid=\"5\">Google Privacy &amp; Terms<\/a>. Wir nutzen auch die Google Search Console zur technischen \u00dcberwachung der Website.<\/p><hr data-start=\"2530\" data-end=\"2533\" \/><h3 data-start=\"2535\" data-end=\"2566\">8. Rechte der betroffenen Person<\/h3><p data-start=\"2567\" data-end=\"2659\">Wenn die von Ihnen eingegebenen Informationen als personenbezogene Daten gelten, haben Sie folgende Rechte:<\/p><ul data-start=\"2661\" data-end=\"3027\"><li data-start=\"2661\" data-end=\"2749\"><p data-start=\"2663\" data-end=\"2749\">Sie k\u00f6nnen Auskunft dar\u00fcber verlangen, welche Ihrer personenbezogenen Daten wir verarbeiten.<\/p><\/li><li data-start=\"2750\" data-end=\"2851\"><p data-start=\"2752\" data-end=\"2851\">Sie k\u00f6nnen die Korrektur unrichtiger oder unvollst\u00e4ndiger personenbezogener Daten verlangen.<\/p><\/li><li data-start=\"2852\" data-end=\"3027\"><p data-start=\"2854\" data-end=\"3027\">Sie k\u00f6nnen die L\u00f6schung Ihrer personenbezogenen Daten verlangen. Obwohl die Daten nach den festgelegten Fristen automatisch gel\u00f6scht werden, k\u00f6nnen Sie deren sofortige Entfernung beantragen.<\/p><\/li><\/ul><p data-start=\"3029\" data-end=\"3271\">Sie k\u00f6nnen den Verantwortlichen \u00fcber die oben genannten Kontaktinformationen erreichen, um Ihre Rechte auszu\u00fcben. Sie haben au\u00dferdem das Recht, bei der Datenschutzaufsichtsbeh\u00f6rde Beschwerde einzureichen, wenn Sie der Ansicht sind, dass Ihre Daten entgegen den geltenden Datenschutzbestimmungen verarbeitet wurden.<\/p><hr data-start=\"3273\" data-end=\"3276\" \/><h3 data-start=\"3278\" data-end=\"3316\">9. \u00c4nderungen dieser Datenschutzerkl\u00e4rung<\/h3><p data-start=\"3317\" data-end=\"3470\">Diese Datenschutzerkl\u00e4rung kann von Zeit zu Zeit aktualisiert werden. \u00c4nderungen werden auf dieser Website ver\u00f6ffentlicht. \u00dcber wesentliche \u00c4nderungen informieren wir nach M\u00f6glichkeit gesondert.<\/p><hr data-start=\"3472\" data-end=\"3475\" \/><h3 data-start=\"3477\" data-end=\"3498\">10. Kontakt<\/h3><p data-start=\"3499\" data-end=\"3633\">Wenn Sie Fragen zu dieser Datenschutzerkl\u00e4rung oder zur Verarbeitung Ihrer Daten haben, kontaktieren Sie uns bitte \u00fcber die oben angegebenen Kontaktinformationen.<\/p><hr data-start=\"3635\" data-end=\"3638\" \/><p data-start=\"3640\" data-end=\"3775\">Die \u00dcbersetzungen dienen der Benutzerfreundlichkeit. Bei etwaigen Auslegungsunterschieden ist der finnische Text ma\u00dfgeblich.<\/p>\t\t\t\t\t\t\t\t<\/div>\n\t\t\t\t<\/div>\n\t\t\t\t<\/div>\n\t\t\t\t<\/div>","protected":false},"excerpt":{"rendered":"<p>Tietosuojaseloste 1. Rekisterinpit\u00e4j\u00e4 Muistomaisema.fi \/ Karoliina PaappaYhteystiedot:\u00a0karoliina.paappa(a)gmail.com 2. Tietosuojaselosteen soveltamisala T\u00e4m\u00e4 tietosuojaseloste koskee www.muistomaisema.fi-sivustoa, jossa k\u00e4ytt\u00e4j\u00e4t voivat j\u00e4tt\u00e4\u00e4 virtuaalisia muistokynttil\u00f6it\u00e4. Vaikka sivustolla ei aktiivisesti ker\u00e4t\u00e4 henkil\u00f6tietoja, k\u00e4ytt\u00e4j\u00e4t voivat vapaaehtoisesti sy\u00f6tt\u00e4\u00e4 tietoja, jotka liittyv\u00e4t muistettavaan henkil\u00f6\u00f6n, lemmikkiin tai tapahtumaan. 3. Henkil\u00f6tietojen k\u00e4sittelyn tarkoitus ja oikeusperuste K\u00e4sittelyn tarkoitus:K\u00e4ytt\u00e4jien vapaaehtoisesti antamien tietojen tallentaminen ja n\u00e4ytt\u00e4minen osana virtuaalista muistomaisemaa. [&hellip;]<\/p>","protected":false},"author":1,"featured_media":0,"parent":0,"menu_order":0,"comment_status":"closed","ping_status":"closed","template":"","meta":{"footnotes":""},"class_list":["post-3","page","type-page","status-publish","hentry"],"_links":{"self":[{"href":"https:\/\/www.muistomaisema.fi\/de\/wp-json\/wp\/v2\/pages\/3","targetHints":{"allow":["GET"]}}],"collection":[{"href":"https:\/\/www.muistomaisema.fi\/de\/wp-json\/wp\/v2\/pages"}],"about":[{"href":"https:\/\/www.muistomaisema.fi\/de\/wp-json\/wp\/v2\/types\/page"}],"author":[{"embeddable":true,"href":"https:\/\/www.muistomaisema.fi\/de\/wp-json\/wp\/v2\/users\/1"}],"replies":[{"embeddable":true,"href":"https:\/\/www.muistomaisema.fi\/de\/wp-json\/wp\/v2\/comments?post=3"}],"version-history":[{"count":73,"href":"https:\/\/www.muistomaisema.fi\/de\/wp-json\/wp\/v2\/pages\/3\/revisions"}],"predecessor-version":[{"id":592,"href":"https:\/\/www.muistomaisema.fi\/de\/wp-json\/wp\/v2\/pages\/3\/revisions\/592"}],"wp:attachment":[{"href":"https:\/\/www.muistomaisema.fi\/de\/wp-json\/wp\/v2\/media?parent=3"}],"curies":[{"name":"wp","href":"https:\/\/api.w.org\/{rel}","templated":true}]}}